{"id":276,"date":"2026-03-19T13:11:42","date_gmt":"2026-03-19T12:11:42","guid":{"rendered":"https:\/\/blogsaverroes.juntadeandalucia.es\/latraina\/?page_id=276"},"modified":"2026-03-19T13:11:42","modified_gmt":"2026-03-19T12:11:42","slug":"bienvenida","status":"publish","type":"page","link":"https:\/\/blogsaverroes.juntadeandalucia.es\/latraina\/bienvenida\/","title":{"rendered":"Bienvenida"},"content":{"rendered":"<p>Bienvenidos a\u00a0 la E.I. La Trai\u00f1a, un espacio pensado y creado con cari\u00f1o para acompa\u00f1ar a los m\u00e1s peque\u00f1os en una de las etapas m\u00e1s importantes de su vida.<\/p>\n<p>Aqu\u00ed creemos en una educaci\u00f3n basada en el respeto, el afecto y el aprendizaje a trav\u00e9s de la experiencia. Nuestro objetivo es ofrecer un entorno seguro, c\u00e1lido y estimulante donde cada ni\u00f1o y ni\u00f1a pueda desarrollarse a su propio ritmo, sinti\u00e9ndose querido, valorado y acompa\u00f1ado en cada descubrimiento.<\/p>\n<p>Contamos con un equipo educativo comprometido, que trabaja cada d\u00eda con ilusi\u00f3n para favorecer el desarrollo integral de vuestro hijo o hija, fomentando su autonom\u00eda, creatividad y bienestar emocional.<\/p>\n<p>Para nosotros, la colaboraci\u00f3n con las familias es fundamental. Queremos caminar juntos en este proceso, creando un v\u00ednculo cercano y de confianza que beneficie el crecimiento de los m\u00e1s peque\u00f1os.<\/p>\n<p>Gracias por confiar en nosotros y por formar parte de esta gran familia.<\/p>\n<p>\u00a1Bienvenidos!<\/p>\n","protected":false},"excerpt":{"rendered":"<p>Bienvenidos a\u00a0 la E.I. La Trai\u00f1a, un espacio pensado y creado con cari\u00f1o para acompa\u00f1ar a los m\u00e1s peque\u00f1os en una de las etapas m\u00e1s importantes de su vida. Aqu\u00ed creemos en una educaci\u00f3n&#46;&#46;&#46;<\/p>\n","protected":false},"author":12328,"featured_media":0,"parent":0,"menu_order":0,"comment_status":"closed","ping_status":"closed","template":"","meta":{"footnotes":""},"aioseo_notices":[],"_links":{"self":[{"href":"https:\/\/blogsaverroes.juntadeandalucia.es\/latraina\/wp-json\/wp\/v2\/pages\/276"}],"collection":[{"href":"https:\/\/blogsaverroes.juntadeandalucia.es\/latraina\/wp-json\/wp\/v2\/pages"}],"about":[{"href":"https:\/\/blogsaverroes.juntadeandalucia.es\/latraina\/wp-json\/wp\/v2\/types\/page"}],"author":[{"embeddable":true,"href":"https:\/\/blogsaverroes.juntadeandalucia.es\/latraina\/wp-json\/wp\/v2\/users\/12328"}],"replies":[{"embeddable":true,"href":"https:\/\/blogsaverroes.juntadeandalucia.es\/latraina\/wp-json\/wp\/v2\/comments?post=276"}],"version-history":[{"count":1,"href":"https:\/\/blogsaverroes.juntadeandalucia.es\/latraina\/wp-json\/wp\/v2\/pages\/276\/revisions"}],"predecessor-version":[{"id":278,"href":"https:\/\/blogsaverroes.juntadeandalucia.es\/latraina\/wp-json\/wp\/v2\/pages\/276\/revisions\/278"}],"wp:attachment":[{"href":"https:\/\/blogsaverroes.juntadeandalucia.es\/latraina\/wp-json\/wp\/v2\/media?parent=276"}],"curies":[{"name":"wp","href":"https:\/\/api.w.org\/{rel}","templated":true}]}}