{"id":299,"date":"2026-03-19T15:29:07","date_gmt":"2026-03-19T14:29:07","guid":{"rendered":"https:\/\/blogsaverroes.juntadeandalucia.es\/latraina\/?page_id=299"},"modified":"2026-04-16T12:45:58","modified_gmt":"2026-04-16T10:45:58","slug":"proyectos-y-programas","status":"publish","type":"page","link":"https:\/\/blogsaverroes.juntadeandalucia.es\/latraina\/proyectos-y-programas\/","title":{"rendered":"Proyectos y Programas"},"content":{"rendered":"<p>En nuestra escuela llevamos a cabo diferentes programas y proyectos educativos entre los que se encuentran:<\/p>\n<p>Bibliotecas Escolares<br \/>\nBienestar Emocional (Plan de convivencia escolar)<br \/>\nPlan de igualdad de g\u00e9nero en educaci\u00f3n de Andaluc\u00eda<br \/>\nTDE (Plan de Actuaci\u00f3n Digital &#8211; C\u00f3digo Escuela 4.0)<br \/>\nH\u00e1bitos de Vida Saludable<br \/>\nRed Andaluza: Escuela \u00abEspacio de Paz\u00bb<br \/>\nProyecto Aprendizaje-Servicio<br \/>\nProyecto &#8216;Aulas Verdes Abiertas&#8217;- Huerto Escolar<\/p>\n<p>&nbsp;<\/p>\n<p><a href=\"https:\/\/www.juntadeandalucia.es\/educacion\/portales\/web\/lecturas-bibliotecas-escolares\"><img loading=\"lazy\" decoding=\"async\" class=\"alignnone wp-image-469 size-full\" src=\"https:\/\/blogsaverroes.juntadeandalucia.es\/latraina\/files\/2026\/04\/unnamed.png\" alt=\"\" width=\"300\" height=\"169\" \/>\u00a0\u00a0\u00a0\u00a0 <\/a><a href=\"https:\/\/www.juntadeandalucia.es\/educacion\/portales\/web\/convivencia-escolar\/bienestar-emocional\"><img loading=\"lazy\" decoding=\"async\" class=\"alignnone wp-image-471 size-full\" src=\"https:\/\/blogsaverroes.juntadeandalucia.es\/latraina\/files\/2026\/04\/descarga-10.jpg\" alt=\"\" width=\"242\" height=\"209\" \/><\/a><\/p>\n<p>&nbsp;<\/p>\n<p><a href=\"https:\/\/www.juntadeandalucia.es\/educacion\/portales\/web\/igualdad\/iii-plan-de-igualdad-de-genero-en-educacion-2024-2028\"><img loading=\"lazy\" decoding=\"async\" class=\"alignnone wp-image-473 size-medium\" src=\"https:\/\/blogsaverroes.juntadeandalucia.es\/latraina\/files\/2026\/04\/d882cd386bd9fb075fcd796de3644046000063-300x133.jpg\" alt=\"\" width=\"300\" height=\"133\" srcset=\"https:\/\/blogsaverroes.juntadeandalucia.es\/latraina\/files\/2026\/04\/d882cd386bd9fb075fcd796de3644046000063-300x133.jpg 300w, https:\/\/blogsaverroes.juntadeandalucia.es\/latraina\/files\/2026\/04\/d882cd386bd9fb075fcd796de3644046000063-1024x455.jpg 1024w, https:\/\/blogsaverroes.juntadeandalucia.es\/latraina\/files\/2026\/04\/d882cd386bd9fb075fcd796de3644046000063-768x341.jpg 768w, https:\/\/blogsaverroes.juntadeandalucia.es\/latraina\/files\/2026\/04\/d882cd386bd9fb075fcd796de3644046000063.jpg 1200w\" sizes=\"(max-width: 300px) 100vw, 300px\" \/>\u00a0 \u00a0 \u00a0 <\/a><a href=\"https:\/\/www.juntadeandalucia.es\/educacion\/portals\/web\/transformacion-digital-educativa\/contenidos\/-\/contenidos\/detalle\/tde_guias_para_la_elaboracion_del_pad\"><img loading=\"lazy\" decoding=\"async\" class=\"alignnone wp-image-475 size-medium\" src=\"https:\/\/blogsaverroes.juntadeandalucia.es\/latraina\/files\/2026\/04\/unnamed-1-300x168.png\" alt=\"\" width=\"300\" height=\"168\" srcset=\"https:\/\/blogsaverroes.juntadeandalucia.es\/latraina\/files\/2026\/04\/unnamed-1-300x168.png 300w, https:\/\/blogsaverroes.juntadeandalucia.es\/latraina\/files\/2026\/04\/unnamed-1.png 492w\" sizes=\"(max-width: 300px) 100vw, 300px\" \/><\/a><\/p>\n<p>&nbsp;<\/p>\n<p><a href=\"https:\/\/www.juntadeandalucia.es\/educacion\/eaprendizaje\/habitos-de-vida-saludable\/\"><img loading=\"lazy\" decoding=\"async\" class=\"alignnone wp-image-476 size-medium\" src=\"https:\/\/blogsaverroes.juntadeandalucia.es\/latraina\/files\/2026\/04\/unnamed-2-1-300x169.jpg\" alt=\"\" width=\"300\" height=\"169\" srcset=\"https:\/\/blogsaverroes.juntadeandalucia.es\/latraina\/files\/2026\/04\/unnamed-2-1-300x169.jpg 300w, https:\/\/blogsaverroes.juntadeandalucia.es\/latraina\/files\/2026\/04\/unnamed-2-1-768x431.jpg 768w, https:\/\/blogsaverroes.juntadeandalucia.es\/latraina\/files\/2026\/04\/unnamed-2-1.jpg 890w\" sizes=\"(max-width: 300px) 100vw, 300px\" \/>\u00a0\u00a0\u00a0\u00a0\u00a0\u00a0 <\/a><a href=\"https:\/\/www.juntadeandalucia.es\/educacion\/portales\/web\/convivencia-escolar\/red-escuela-espacio-de-paz\"><img loading=\"lazy\" decoding=\"async\" class=\"alignnone wp-image-478 size-full\" src=\"https:\/\/blogsaverroes.juntadeandalucia.es\/latraina\/files\/2026\/04\/descarga-9.jpg\" alt=\"\" width=\"265\" height=\"190\" \/><\/a><\/p>\n<p>&nbsp;<\/p>\n<p>&nbsp;<\/p>\n<p>&nbsp;<\/p>\n<p><a href=\"https:\/\/www.juntadeandalucia.es\/educacion\/portals\/web\/buenas-practicas-educativas\/aprendizaje-servicio\"><img loading=\"lazy\" decoding=\"async\" class=\"alignnone wp-image-467 size-full\" src=\"https:\/\/blogsaverroes.juntadeandalucia.es\/latraina\/files\/2026\/04\/images.png\" alt=\"\" width=\"225\" height=\"225\" srcset=\"https:\/\/blogsaverroes.juntadeandalucia.es\/latraina\/files\/2026\/04\/images.png 225w, https:\/\/blogsaverroes.juntadeandalucia.es\/latraina\/files\/2026\/04\/images-150x150.png 150w, https:\/\/blogsaverroes.juntadeandalucia.es\/latraina\/files\/2026\/04\/images-80x80.png 80w\" sizes=\"(max-width: 225px) 100vw, 225px\" \/>\u00a0\u00a0\u00a0\u00a0 <\/a><a href=\"https:\/\/www.juntadeandalucia.es\/educacion\/eaprendizaje\/aulas-verdes-abiertas\/\"><img loading=\"lazy\" decoding=\"async\" class=\"alignnone wp-image-480 size-medium\" src=\"https:\/\/blogsaverroes.juntadeandalucia.es\/latraina\/files\/2026\/04\/3.-Proyecto-Aulas-Verdes-Abiertas-300x300.png\" alt=\"\" width=\"300\" height=\"300\" srcset=\"https:\/\/blogsaverroes.juntadeandalucia.es\/latraina\/files\/2026\/04\/3.-Proyecto-Aulas-Verdes-Abiertas-300x300.png 300w, https:\/\/blogsaverroes.juntadeandalucia.es\/latraina\/files\/2026\/04\/3.-Proyecto-Aulas-Verdes-Abiertas-150x150.png 150w, https:\/\/blogsaverroes.juntadeandalucia.es\/latraina\/files\/2026\/04\/3.-Proyecto-Aulas-Verdes-Abiertas-80x80.png 80w, https:\/\/blogsaverroes.juntadeandalucia.es\/latraina\/files\/2026\/04\/3.-Proyecto-Aulas-Verdes-Abiertas-320x320.png 320w, https:\/\/blogsaverroes.juntadeandalucia.es\/latraina\/files\/2026\/04\/3.-Proyecto-Aulas-Verdes-Abiertas.png 450w\" sizes=\"(max-width: 300px) 100vw, 300px\" \/><\/a><\/p>\n<p>&nbsp;<\/p>\n","protected":false},"excerpt":{"rendered":"<p>En nuestra escuela llevamos a cabo diferentes programas y proyectos educativos entre los que se encuentran: Bibliotecas Escolares Bienestar Emocional (Plan de convivencia escolar) Plan de igualdad de g\u00e9nero en educaci\u00f3n de Andaluc\u00eda TDE&#46;&#46;&#46;<\/p>\n","protected":false},"author":12328,"featured_media":0,"parent":0,"menu_order":0,"comment_status":"closed","ping_status":"closed","template":"","meta":{"footnotes":""},"aioseo_notices":[],"_links":{"self":[{"href":"https:\/\/blogsaverroes.juntadeandalucia.es\/latraina\/wp-json\/wp\/v2\/pages\/299"}],"collection":[{"href":"https:\/\/blogsaverroes.juntadeandalucia.es\/latraina\/wp-json\/wp\/v2\/pages"}],"about":[{"href":"https:\/\/blogsaverroes.juntadeandalucia.es\/latraina\/wp-json\/wp\/v2\/types\/page"}],"author":[{"embeddable":true,"href":"https:\/\/blogsaverroes.juntadeandalucia.es\/latraina\/wp-json\/wp\/v2\/users\/12328"}],"replies":[{"embeddable":true,"href":"https:\/\/blogsaverroes.juntadeandalucia.es\/latraina\/wp-json\/wp\/v2\/comments?post=299"}],"version-history":[{"count":24,"href":"https:\/\/blogsaverroes.juntadeandalucia.es\/latraina\/wp-json\/wp\/v2\/pages\/299\/revisions"}],"predecessor-version":[{"id":491,"href":"https:\/\/blogsaverroes.juntadeandalucia.es\/latraina\/wp-json\/wp\/v2\/pages\/299\/revisions\/491"}],"wp:attachment":[{"href":"https:\/\/blogsaverroes.juntadeandalucia.es\/latraina\/wp-json\/wp\/v2\/media?parent=299"}],"curies":[{"name":"wp","href":"https:\/\/api.w.org\/{rel}","templated":true}]}}