{"id":87,"date":"2018-10-06T12:35:19","date_gmt":"2018-10-06T12:35:19","guid":{"rendered":"https:\/\/blogsaverroes.juntadeandalucia.es\/lenguainglesa\/?page_id=87"},"modified":"2018-11-12T19:19:36","modified_gmt":"2018-11-12T19:19:36","slug":"grabaciones","status":"publish","type":"page","link":"https:\/\/blogsaverroes.juntadeandalucia.es\/lenguainglesa\/4o-b\/grabaciones\/","title":{"rendered":"Grabaciones 4\u00baB"},"content":{"rendered":"<p>Estas son las que corresponden a \u00abPRESENTATIONS\u00bb<\/p>\n<p>Estas son las primeras grabaciones de : \u00c1lvaro Luc\u00eda y Dani<\/p>\n<!--[if lt IE 9]><script>document.createElement('audio');<\/script><![endif]-->\n<audio class=\"wp-audio-shortcode\" id=\"audio-87-1\" preload=\"none\" style=\"width: 100%;\" controls=\"controls\"><source type=\"audio\/mpeg\" src=\"https:\/\/blogsaverroes.juntadeandalucia.es\/lenguainglesa\/files\/2018\/10\/\u00c1lvaro-4\u00baB.mp3?_=1\" \/><a href=\"https:\/\/blogsaverroes.juntadeandalucia.es\/lenguainglesa\/files\/2018\/10\/\u00c1lvaro-4\u00baB.mp3\">https:\/\/blogsaverroes.juntadeandalucia.es\/lenguainglesa\/files\/2018\/10\/\u00c1lvaro-4\u00baB.mp3<\/a><\/audio>\n<p>\u00c1lvaro<\/p>\n<audio class=\"wp-audio-shortcode\" id=\"audio-87-2\" preload=\"none\" style=\"width: 100%;\" controls=\"controls\"><source type=\"audio\/mpeg\" src=\"https:\/\/blogsaverroes.juntadeandalucia.es\/lenguainglesa\/files\/2018\/10\/Luc\u00eda-4\u00baB.mp3?_=2\" \/><a href=\"https:\/\/blogsaverroes.juntadeandalucia.es\/lenguainglesa\/files\/2018\/10\/Luc\u00eda-4\u00baB.mp3\">https:\/\/blogsaverroes.juntadeandalucia.es\/lenguainglesa\/files\/2018\/10\/Luc\u00eda-4\u00baB.mp3<\/a><\/audio>\n<p>Luc\u00eda<\/p>\n<audio class=\"wp-audio-shortcode\" id=\"audio-87-3\" preload=\"none\" style=\"width: 100%;\" controls=\"controls\"><source type=\"audio\/mpeg\" src=\"https:\/\/blogsaverroes.juntadeandalucia.es\/lenguainglesa\/files\/2018\/10\/Dani-4\u00baB.mp3?_=3\" \/><a href=\"https:\/\/blogsaverroes.juntadeandalucia.es\/lenguainglesa\/files\/2018\/10\/Dani-4\u00baB.mp3\">https:\/\/blogsaverroes.juntadeandalucia.es\/lenguainglesa\/files\/2018\/10\/Dani-4\u00baB.mp3<\/a><\/audio>\n<p>Dani<\/p>\n<audio class=\"wp-audio-shortcode\" id=\"audio-87-4\" preload=\"none\" style=\"width: 100%;\" controls=\"controls\"><source type=\"audio\/mpeg\" src=\"https:\/\/blogsaverroes.juntadeandalucia.es\/lenguainglesa\/files\/2018\/10\/Adriana-4B.mp3?_=4\" \/><a href=\"https:\/\/blogsaverroes.juntadeandalucia.es\/lenguainglesa\/files\/2018\/10\/Adriana-4B.mp3\">https:\/\/blogsaverroes.juntadeandalucia.es\/lenguainglesa\/files\/2018\/10\/Adriana-4B.mp3<\/a><\/audio>\n<p>Adriana<\/p>\n<audio class=\"wp-audio-shortcode\" id=\"audio-87-5\" preload=\"none\" style=\"width: 100%;\" controls=\"controls\"><source type=\"audio\/mpeg\" src=\"https:\/\/blogsaverroes.juntadeandalucia.es\/lenguainglesa\/files\/2018\/10\/Valentina-4B.mp3?_=5\" \/><a href=\"https:\/\/blogsaverroes.juntadeandalucia.es\/lenguainglesa\/files\/2018\/10\/Valentina-4B.mp3\">https:\/\/blogsaverroes.juntadeandalucia.es\/lenguainglesa\/files\/2018\/10\/Valentina-4B.mp3<\/a><\/audio>\n<p>Valentina<\/p>\n<audio class=\"wp-audio-shortcode\" id=\"audio-87-6\" preload=\"none\" style=\"width: 100%;\" controls=\"controls\"><source type=\"audio\/mpeg\" src=\"https:\/\/blogsaverroes.juntadeandalucia.es\/lenguainglesa\/files\/2018\/10\/Marian-4B.mp3?_=6\" \/><a href=\"https:\/\/blogsaverroes.juntadeandalucia.es\/lenguainglesa\/files\/2018\/10\/Marian-4B.mp3\">https:\/\/blogsaverroes.juntadeandalucia.es\/lenguainglesa\/files\/2018\/10\/Marian-4B.mp3<\/a><\/audio>\n<p>Marian<\/p>\n<audio class=\"wp-audio-shortcode\" id=\"audio-87-7\" preload=\"none\" style=\"width: 100%;\" controls=\"controls\"><source type=\"audio\/mpeg\" src=\"https:\/\/blogsaverroes.juntadeandalucia.es\/lenguainglesa\/files\/2018\/10\/Samara-4B.mp3?_=7\" \/><a href=\"https:\/\/blogsaverroes.juntadeandalucia.es\/lenguainglesa\/files\/2018\/10\/Samara-4B.mp3\">https:\/\/blogsaverroes.juntadeandalucia.es\/lenguainglesa\/files\/2018\/10\/Samara-4B.mp3<\/a><\/audio>\n<p>Samara<\/p>\n<audio class=\"wp-audio-shortcode\" id=\"audio-87-8\" preload=\"none\" style=\"width: 100%;\" controls=\"controls\"><source type=\"audio\/mpeg\" src=\"https:\/\/blogsaverroes.juntadeandalucia.es\/lenguainglesa\/files\/2018\/10\/Candela-4B.mp3?_=8\" \/><a href=\"https:\/\/blogsaverroes.juntadeandalucia.es\/lenguainglesa\/files\/2018\/10\/Candela-4B.mp3\">https:\/\/blogsaverroes.juntadeandalucia.es\/lenguainglesa\/files\/2018\/10\/Candela-4B.mp3<\/a><\/audio>\n<p>Candela<\/p>\n<audio class=\"wp-audio-shortcode\" id=\"audio-87-9\" preload=\"none\" style=\"width: 100%;\" controls=\"controls\"><source type=\"audio\/mpeg\" src=\"https:\/\/blogsaverroes.juntadeandalucia.es\/lenguainglesa\/files\/2018\/10\/Gabriela-4B.mp3?_=9\" \/><a href=\"https:\/\/blogsaverroes.juntadeandalucia.es\/lenguainglesa\/files\/2018\/10\/Gabriela-4B.mp3\">https:\/\/blogsaverroes.juntadeandalucia.es\/lenguainglesa\/files\/2018\/10\/Gabriela-4B.mp3<\/a><\/audio>\n<p>Gabriela<\/p>\n<p>&nbsp;<\/p>\n<audio class=\"wp-audio-shortcode\" id=\"audio-87-10\" preload=\"none\" style=\"width: 100%;\" controls=\"controls\"><source type=\"audio\/mpeg\" src=\"https:\/\/blogsaverroes.juntadeandalucia.es\/lenguainglesa\/files\/2018\/10\/draft_1539072482861065_audio.mp3?_=10\" \/><a href=\"https:\/\/blogsaverroes.juntadeandalucia.es\/lenguainglesa\/files\/2018\/10\/draft_1539072482861065_audio.mp3\">https:\/\/blogsaverroes.juntadeandalucia.es\/lenguainglesa\/files\/2018\/10\/draft_1539072482861065_audio.mp3<\/a><\/audio>\n<p>Eloy<\/p>\n<audio class=\"wp-audio-shortcode\" id=\"audio-87-11\" preload=\"none\" style=\"width: 100%;\" controls=\"controls\"><source type=\"audio\/mpeg\" src=\"https:\/\/blogsaverroes.juntadeandalucia.es\/lenguainglesa\/files\/2018\/10\/draft_1539072565601433_audio.mp3?_=11\" \/><a href=\"https:\/\/blogsaverroes.juntadeandalucia.es\/lenguainglesa\/files\/2018\/10\/draft_1539072565601433_audio.mp3\">https:\/\/blogsaverroes.juntadeandalucia.es\/lenguainglesa\/files\/2018\/10\/draft_1539072565601433_audio.mp3<\/a><\/audio>\n<p>Fernando<\/p>\n<audio class=\"wp-audio-shortcode\" id=\"audio-87-12\" preload=\"none\" style=\"width: 100%;\" controls=\"controls\"><source type=\"audio\/mpeg\" src=\"https:\/\/blogsaverroes.juntadeandalucia.es\/lenguainglesa\/files\/2018\/10\/draft_1539072890942171_audio.mp3?_=12\" \/><a href=\"https:\/\/blogsaverroes.juntadeandalucia.es\/lenguainglesa\/files\/2018\/10\/draft_1539072890942171_audio.mp3\">https:\/\/blogsaverroes.juntadeandalucia.es\/lenguainglesa\/files\/2018\/10\/draft_1539072890942171_audio.mp3<\/a><\/audio>\n<p>Noa<\/p>\n<audio class=\"wp-audio-shortcode\" id=\"audio-87-13\" preload=\"none\" style=\"width: 100%;\" controls=\"controls\"><source type=\"audio\/mpeg\" src=\"https:\/\/blogsaverroes.juntadeandalucia.es\/lenguainglesa\/files\/2018\/10\/draft_1539072365808558_audio.mp3?_=13\" \/><a href=\"https:\/\/blogsaverroes.juntadeandalucia.es\/lenguainglesa\/files\/2018\/10\/draft_1539072365808558_audio.mp3\">https:\/\/blogsaverroes.juntadeandalucia.es\/lenguainglesa\/files\/2018\/10\/draft_1539072365808558_audio.mp3<\/a><\/audio>\n<p>\u00c1frica<\/p>\n<audio class=\"wp-audio-shortcode\" id=\"audio-87-14\" preload=\"none\" style=\"width: 100%;\" controls=\"controls\"><source type=\"audio\/mpeg\" src=\"https:\/\/blogsaverroes.juntadeandalucia.es\/lenguainglesa\/files\/2018\/10\/draft_1539072840180650_audio.mp3?_=14\" \/><a href=\"https:\/\/blogsaverroes.juntadeandalucia.es\/lenguainglesa\/files\/2018\/10\/draft_1539072840180650_audio.mp3\">https:\/\/blogsaverroes.juntadeandalucia.es\/lenguainglesa\/files\/2018\/10\/draft_1539072840180650_audio.mp3<\/a><\/audio>\n<p>Rodrigo<\/p>\n<p>&nbsp;<\/p>\n<p>Aqu\u00ed tenemos otras nuevas grabaciones:<\/p>\n<audio class=\"wp-audio-shortcode\" id=\"audio-87-15\" preload=\"none\" style=\"width: 100%;\" controls=\"controls\"><source type=\"audio\/mpeg\" src=\"https:\/\/blogsaverroes.juntadeandalucia.es\/lenguainglesa\/files\/2018\/10\/Claudio-4B.mp3?_=15\" \/><a href=\"https:\/\/blogsaverroes.juntadeandalucia.es\/lenguainglesa\/files\/2018\/10\/Claudio-4B.mp3\">https:\/\/blogsaverroes.juntadeandalucia.es\/lenguainglesa\/files\/2018\/10\/Claudio-4B.mp3<\/a><\/audio>\n<p>Claudio<\/p>\n<audio class=\"wp-audio-shortcode\" id=\"audio-87-16\" preload=\"none\" style=\"width: 100%;\" controls=\"controls\"><source type=\"audio\/mpeg\" src=\"https:\/\/blogsaverroes.juntadeandalucia.es\/lenguainglesa\/files\/2018\/10\/Manu.mp3?_=16\" \/><a href=\"https:\/\/blogsaverroes.juntadeandalucia.es\/lenguainglesa\/files\/2018\/10\/Manu.mp3\">https:\/\/blogsaverroes.juntadeandalucia.es\/lenguainglesa\/files\/2018\/10\/Manu.mp3<\/a><\/audio>\n<p>Manuel<\/p>\n<audio class=\"wp-audio-shortcode\" id=\"audio-87-17\" preload=\"none\" style=\"width: 100%;\" controls=\"controls\"><source type=\"audio\/mpeg\" src=\"https:\/\/blogsaverroes.juntadeandalucia.es\/lenguainglesa\/files\/2018\/10\/\u00c1frica-II.mp3?_=17\" \/><a href=\"https:\/\/blogsaverroes.juntadeandalucia.es\/lenguainglesa\/files\/2018\/10\/\u00c1frica-II.mp3\">https:\/\/blogsaverroes.juntadeandalucia.es\/lenguainglesa\/files\/2018\/10\/\u00c1frica-II.mp3<\/a><\/audio>\n<p>\u00c1frica II<\/p>\n<p>Pronto a\u00f1adiremos m\u00e1s&#8230;.<\/p>\n<p>Good job children!<img loading=\"lazy\" decoding=\"async\" class=\"alignnone size-full wp-image-74\" src=\"https:\/\/blogsaverroes.juntadeandalucia.es\/lenguainglesa\/files\/2018\/10\/Good-job-2.jpg\" alt=\"\" width=\"228\" height=\"225\" srcset=\"https:\/\/blogsaverroes.juntadeandalucia.es\/lenguainglesa\/files\/2018\/10\/Good-job-2.jpg 228w, https:\/\/blogsaverroes.juntadeandalucia.es\/lenguainglesa\/files\/2018\/10\/Good-job-2-100x100.jpg 100w, https:\/\/blogsaverroes.juntadeandalucia.es\/lenguainglesa\/files\/2018\/10\/Good-job-2-24x24.jpg 24w, https:\/\/blogsaverroes.juntadeandalucia.es\/lenguainglesa\/files\/2018\/10\/Good-job-2-36x36.jpg 36w, https:\/\/blogsaverroes.juntadeandalucia.es\/lenguainglesa\/files\/2018\/10\/Good-job-2-48x48.jpg 48w\" sizes=\"(max-width: 228px) 100vw, 228px\" \/><\/p>\n","protected":false},"excerpt":{"rendered":"<p>Estas son las que corresponden a \u00abPRESENTATIONS\u00bb Estas son las primeras grabaciones de : \u00c1lvaro Luc\u00eda y Dani \u00c1lvaro Luc\u00eda Dani Adriana Valentina Marian Samara Candela Gabriela &nbsp; Eloy Fernando Noa \u00c1frica Rodrigo &nbsp;&#46;&#46;&#46;<\/p>\n","protected":false},"author":6482,"featured_media":45,"parent":49,"menu_order":0,"comment_status":"closed","ping_status":"closed","template":"","meta":{"ngg_post_thumbnail":0,"footnotes":""},"aioseo_notices":[],"_links":{"self":[{"href":"https:\/\/blogsaverroes.juntadeandalucia.es\/lenguainglesa\/wp-json\/wp\/v2\/pages\/87"}],"collection":[{"href":"https:\/\/blogsaverroes.juntadeandalucia.es\/lenguainglesa\/wp-json\/wp\/v2\/pages"}],"about":[{"href":"https:\/\/blogsaverroes.juntadeandalucia.es\/lenguainglesa\/wp-json\/wp\/v2\/types\/page"}],"author":[{"embeddable":true,"href":"https:\/\/blogsaverroes.juntadeandalucia.es\/lenguainglesa\/wp-json\/wp\/v2\/users\/6482"}],"replies":[{"embeddable":true,"href":"https:\/\/blogsaverroes.juntadeandalucia.es\/lenguainglesa\/wp-json\/wp\/v2\/comments?post=87"}],"version-history":[{"count":12,"href":"https:\/\/blogsaverroes.juntadeandalucia.es\/lenguainglesa\/wp-json\/wp\/v2\/pages\/87\/revisions"}],"predecessor-version":[{"id":352,"href":"https:\/\/blogsaverroes.juntadeandalucia.es\/lenguainglesa\/wp-json\/wp\/v2\/pages\/87\/revisions\/352"}],"up":[{"embeddable":true,"href":"https:\/\/blogsaverroes.juntadeandalucia.es\/lenguainglesa\/wp-json\/wp\/v2\/pages\/49"}],"wp:featuredmedia":[{"embeddable":true,"href":"https:\/\/blogsaverroes.juntadeandalucia.es\/lenguainglesa\/wp-json\/wp\/v2\/media\/45"}],"wp:attachment":[{"href":"https:\/\/blogsaverroes.juntadeandalucia.es\/lenguainglesa\/wp-json\/wp\/v2\/media?parent=87"}],"curies":[{"name":"wp","href":"https:\/\/api.w.org\/{rel}","templated":true}]}}