{"id":34,"date":"2022-11-18T06:20:30","date_gmt":"2022-11-18T06:20:30","guid":{"rendered":"https:\/\/blogsaverroes.juntadeandalucia.es\/lepecomunica\/?page_id=34"},"modified":"2022-11-18T07:18:56","modified_gmt":"2022-11-18T07:18:56","slug":"contactanos","status":"publish","type":"page","link":"https:\/\/blogsaverroes.juntadeandalucia.es\/lepecomunica\/contactanos\/","title":{"rendered":"\u00a1Cont\u00e1ctanos!"},"content":{"rendered":"<p>Si tienes dudas, sugerencias o ideas que compartir con el equipo ComunicA del IES Jos\u00e9 Antonio Fern\u00e1ndez Muriel, est\u00e1s en el sitio apropiado para hacerlo: \u00a1solo tienes que cumplimentar el siguiente formulario!.<\/p>\n<p>[bestwebsoft_contact_form]<\/p>\n<p>&nbsp;<br \/>\n<iframe loading=\"lazy\" src=\"https:\/\/www.google.com\/maps\/embed?pb=!1m14!1m8!1m3!1d12703.291728224578!2d-7.1972381!3d37.2519084!3m2!1i1024!2i768!4f13.1!3m3!1m2!1s0x0%3A0xb93b5953664d4c47!2sIES%20JOSE%20ANTONIO%20FERNANDEZ%20MURIEL!5e0!3m2!1spt-PT!2ses!4v1668755614415!5m2!1spt-PT!2ses\" width=\"600\" height=\"450\"><\/iframe><\/p>\n","protected":false},"excerpt":{"rendered":"<p>Si tienes dudas, sugerencias o ideas que compartir con el equipo ComunicA del IES Jos\u00e9 Antonio Fern\u00e1ndez Muriel, est\u00e1s en el sitio apropiado para hacerlo: \u00a1solo tienes que cumplimentar el siguiente formulario!. [bestwebsoft_contact_form] &nbsp;<\/p>\n","protected":false},"author":14870,"featured_media":0,"parent":0,"menu_order":0,"comment_status":"closed","ping_status":"closed","template":"","meta":{"ngg_post_thumbnail":0,"footnotes":""},"aioseo_notices":[],"_links":{"self":[{"href":"https:\/\/blogsaverroes.juntadeandalucia.es\/lepecomunica\/wp-json\/wp\/v2\/pages\/34"}],"collection":[{"href":"https:\/\/blogsaverroes.juntadeandalucia.es\/lepecomunica\/wp-json\/wp\/v2\/pages"}],"about":[{"href":"https:\/\/blogsaverroes.juntadeandalucia.es\/lepecomunica\/wp-json\/wp\/v2\/types\/page"}],"author":[{"embeddable":true,"href":"https:\/\/blogsaverroes.juntadeandalucia.es\/lepecomunica\/wp-json\/wp\/v2\/users\/14870"}],"replies":[{"embeddable":true,"href":"https:\/\/blogsaverroes.juntadeandalucia.es\/lepecomunica\/wp-json\/wp\/v2\/comments?post=34"}],"version-history":[{"count":2,"href":"https:\/\/blogsaverroes.juntadeandalucia.es\/lepecomunica\/wp-json\/wp\/v2\/pages\/34\/revisions"}],"predecessor-version":[{"id":37,"href":"https:\/\/blogsaverroes.juntadeandalucia.es\/lepecomunica\/wp-json\/wp\/v2\/pages\/34\/revisions\/37"}],"wp:attachment":[{"href":"https:\/\/blogsaverroes.juntadeandalucia.es\/lepecomunica\/wp-json\/wp\/v2\/media?parent=34"}],"curies":[{"name":"wp","href":"https:\/\/api.w.org\/{rel}","templated":true}]}}