{"id":1113,"date":"2015-03-12T11:00:55","date_gmt":"2015-03-12T11:00:55","guid":{"rendered":"http:\/\/blogsaverroes.juntadeandalucia.es\/pre\/ceip\/?page_id=2"},"modified":"2025-06-06T09:40:06","modified_gmt":"2025-06-06T08:40:06","slug":"pagina-ejemplo-2","status":"publish","type":"page","link":"https:\/\/blogsaverroes.juntadeandalucia.es\/lexflaviamalacitana\/","title":{"rendered":"Inicio"},"content":{"rendered":"<h1 style=\"text-align: center\">Bienvenido!<\/h1>\n<p style=\"text-align: center\">El periodo&nbsp; de matriculaci\u00f3n es del 1 al 9 de junio y se hace a trav\u00e9s de la secretar\u00eda virtual.<\/p>\n<h3 style=\"text-align: center\"><a href=\"https:\/\/www.juntadeandalucia.es\/temas\/estudiar\/primaria-eso\/matriculacion.html\">Entre clicando aqu\u00ed<\/a><\/h3>\n<p style=\"text-align: center\">Desde el Equipo Directivo del CEIP Lex Flavia Malacitana y en nombre de nuestro profesorado, os damos la bienvenida a la p\u00e1gina web del centro.<\/p>\n<p style=\"text-align: center\">&nbsp; &nbsp; &nbsp;Nuestro colegio se caracteriza por la ense\u00f1anza biling\u00fce en franc\u00e9s, siendo uno de los pioneros en Andaluc\u00eda. Justamente el curso pasado, celebramos el XX aniversario del biling\u00fcismo franc\u00e9s.<\/p>\n<p style=\"text-align: center\">&nbsp; &nbsp; &nbsp;Nos enorgullece poder decir que llevamos<\/p>\n<p style=\"text-align: center\">30 a\u00f1os educando, y a\u00f1adir que seguiremos haci\u00e9ndolo con ganas e ilusi\u00f3n.<\/p>\n<p style=\"text-align: center\">&nbsp; &nbsp; &nbsp;Seguiremos llevando a cabo aquellos proyectos que tanto nos ilusionan, no solo a nosotros, sino tambi\u00e9n a nuestros alumnos y alumnas.<\/p>\nngg_shortcode_0_placeholder\n<p style=\"text-align: center\">UN CORDIAL SALUDO.<\/p>\n<h3 style=\"text-align: center\">Aqu\u00ed te dejamos el procedimiento de admisi\u00f3n, haciendo clic en el se abrir\u00e1 documento con la informaci\u00f3n necesaria.<\/h3>\n<h1 style=\"text-align: center\">&nbsp;<a href=\"https:\/\/blogsaverroes.juntadeandalucia.es\/lexflaviamalacitana\/files\/2021\/03\/Skonica-C2821030914311.pdf\" target=\"_blank\" rel=\"noopener noreferrer\">PROCEDIMIENTO ORDINARIO DE ADMISI\u00d3N<\/a><\/h1>\n<p style=\"text-align: center\">&nbsp;<\/p>\n<p>&nbsp;<\/p>\n<p style=\"text-align: center\"><a href=\"https:\/\/www.youtube.com\/channel\/UCovAvuyrM34nW3rDTufsSbA\">AMPA Los Tejares.<\/a><br \/>\nAsociaci\u00f3n de madres y padres del CEIP Lex Flavia Malacitana<\/p>\n<h1><a href=\"https:\/\/blogsaverroes.juntadeandalucia.es\/lexflaviamalacitana\/files\/2019\/05\/WhatsApp-Image-2019-05-26-at-16.29.02.jpeg\">&nbsp;<\/a><\/h1>\n","protected":false},"excerpt":{"rendered":"<p>Bienvenido! El periodo&nbsp; de matriculaci\u00f3n es del 1 al 9 de junio y se hace a trav\u00e9s de la secretar\u00eda virtual. Entre clicando aqu\u00ed Desde el Equipo Directivo del CEIP Lex Flavia Malacitana y en nombre&#46;&#46;&#46;<\/p>\n","protected":false},"author":1,"featured_media":0,"parent":0,"menu_order":0,"comment_status":"open","ping_status":"open","template":"page-templates\/child-menu.php","meta":{"ngg_post_thumbnail":0,"footnotes":"","_mc_calendar":[]},"aioseo_notices":[],"_links":{"self":[{"href":"https:\/\/blogsaverroes.juntadeandalucia.es\/lexflaviamalacitana\/wp-json\/wp\/v2\/pages\/1113"}],"collection":[{"href":"https:\/\/blogsaverroes.juntadeandalucia.es\/lexflaviamalacitana\/wp-json\/wp\/v2\/pages"}],"about":[{"href":"https:\/\/blogsaverroes.juntadeandalucia.es\/lexflaviamalacitana\/wp-json\/wp\/v2\/types\/page"}],"author":[{"embeddable":true,"href":"https:\/\/blogsaverroes.juntadeandalucia.es\/lexflaviamalacitana\/wp-json\/wp\/v2\/users\/1"}],"replies":[{"embeddable":true,"href":"https:\/\/blogsaverroes.juntadeandalucia.es\/lexflaviamalacitana\/wp-json\/wp\/v2\/comments?post=1113"}],"version-history":[{"count":62,"href":"https:\/\/blogsaverroes.juntadeandalucia.es\/lexflaviamalacitana\/wp-json\/wp\/v2\/pages\/1113\/revisions"}],"predecessor-version":[{"id":27017,"href":"https:\/\/blogsaverroes.juntadeandalucia.es\/lexflaviamalacitana\/wp-json\/wp\/v2\/pages\/1113\/revisions\/27017"}],"wp:attachment":[{"href":"https:\/\/blogsaverroes.juntadeandalucia.es\/lexflaviamalacitana\/wp-json\/wp\/v2\/media?parent=1113"}],"curies":[{"name":"wp","href":"https:\/\/api.w.org\/{rel}","templated":true}]}}