{"id":26258,"date":"2025-03-17T11:30:21","date_gmt":"2025-03-17T10:30:21","guid":{"rendered":"https:\/\/blogsaverroes.juntadeandalucia.es\/lexflaviamalacitana\/?page_id=26258"},"modified":"2025-04-07T11:37:18","modified_gmt":"2025-04-07T10:37:18","slug":"procedimiento-de-admision","status":"publish","type":"page","link":"https:\/\/blogsaverroes.juntadeandalucia.es\/lexflaviamalacitana\/procedimiento-de-admision\/","title":{"rendered":"Procedimiento de admisi\u00f3n"},"content":{"rendered":"<h3>Aqu\u00ed tienes toda la informaci\u00f3n sobre el procedimiento de admisi\u00f3n del centro, este enlace te enviar\u00e1 a la secretar\u00eda virtual, donde encontrar\u00e1s todo lo que necesitas.<\/h3>\n<h2>Fechas del procedimiento de admisi\u00f3n Infantil y Primaria<\/h2>\n<table style=\"border-collapse: collapse;width: 100%\">\n<tbody>\n<tr>\n<td style=\"width: 50%\">&nbsp; 21 Y 22 DE ABRIL<\/td>\n<td style=\"width: 50%\">PUBLICACI\u00d3N RELACI\u00d3N SOLICITANTES BAREMADA.<\/td>\n<\/tr>\n<tr>\n<td style=\"width: 50%\">22 DE ABRIL<\/td>\n<td style=\"width: 50%\">COMIENZA TR\u00c1MITE DE AUDIENCIA Y ALEGACIONES&nbsp;<\/p>\n<p>Diez d\u00edas lectivos. (art .23 Orden 20 febrero 2020)<\/td>\n<\/tr>\n<tr>\n<td style=\"width: 50%\">14 DE MAYO<\/td>\n<td style=\"width: 50%\">SORTEO P\u00daBLICO PARA DIRIMIR SITUACIONES DE EMPATE<\/td>\n<\/tr>\n<tr>\n<td style=\"width: 50%\">15 DE MAYO<\/td>\n<td style=\"width: 50%\">PUBLICACI\u00d3N RELACION ADMITIDOS EN LOS CENTRO ELEGIDOS COMO PRIORITARIOS<\/td>\n<\/tr>\n<tr>\n<td style=\"width: 50%\">26 DE MAYO<\/td>\n<td style=\"width: 50%\">PUBLICACI\u00d3N ADJUDICACI\u00d3N DE PLAZA ESCOLAR ALUMNADO NO ADMITIDO EN EL CENTRO ELEGIDO COMO PRIORITARIO<\/td>\n<\/tr>\n<tr>\n<td style=\"width: 50%\">27 DE MAYO&nbsp;<\/td>\n<td style=\"width: 50%\">RECURSOS Y RECLAMACIONES<\/p>\n<p>1 mes. (Art, 48 Decreto 21\/2020 de 17 de febrero)<\/td>\n<\/tr>\n<tr>\n<td style=\"width: 50%\">DEL 1 AL 9 DE JUNIO<\/td>\n<td style=\"width: 50%\">MATRICULACI\u00d3N 2\u00ba CICLO ED. INFANTIL, ED.PRIMARIA<\/td>\n<\/tr>\n<\/tbody>\n<\/table>\n<h3>&nbsp;<\/h3>\n<h1><a href=\"https:\/\/juntadeandalucia.es\/temas\/estudiar\/primaria-eso\/matriculacion.html\">Pinche aqu\u00ed<\/a>.<\/h1>\n","protected":false},"excerpt":{"rendered":"<p>Aqu\u00ed tienes toda la informaci\u00f3n sobre el procedimiento de admisi\u00f3n del centro, este enlace te enviar\u00e1 a la secretar\u00eda virtual, donde encontrar\u00e1s todo lo que necesitas. Fechas del procedimiento de admisi\u00f3n Infantil y Primaria &nbsp; 21&#46;&#46;&#46;<\/p>\n","protected":false},"author":2240,"featured_media":0,"parent":0,"menu_order":0,"comment_status":"closed","ping_status":"closed","template":"","meta":{"ngg_post_thumbnail":0,"footnotes":"","_mc_calendar":[]},"aioseo_notices":[],"_links":{"self":[{"href":"https:\/\/blogsaverroes.juntadeandalucia.es\/lexflaviamalacitana\/wp-json\/wp\/v2\/pages\/26258"}],"collection":[{"href":"https:\/\/blogsaverroes.juntadeandalucia.es\/lexflaviamalacitana\/wp-json\/wp\/v2\/pages"}],"about":[{"href":"https:\/\/blogsaverroes.juntadeandalucia.es\/lexflaviamalacitana\/wp-json\/wp\/v2\/types\/page"}],"author":[{"embeddable":true,"href":"https:\/\/blogsaverroes.juntadeandalucia.es\/lexflaviamalacitana\/wp-json\/wp\/v2\/users\/2240"}],"replies":[{"embeddable":true,"href":"https:\/\/blogsaverroes.juntadeandalucia.es\/lexflaviamalacitana\/wp-json\/wp\/v2\/comments?post=26258"}],"version-history":[{"count":6,"href":"https:\/\/blogsaverroes.juntadeandalucia.es\/lexflaviamalacitana\/wp-json\/wp\/v2\/pages\/26258\/revisions"}],"predecessor-version":[{"id":26343,"href":"https:\/\/blogsaverroes.juntadeandalucia.es\/lexflaviamalacitana\/wp-json\/wp\/v2\/pages\/26258\/revisions\/26343"}],"wp:attachment":[{"href":"https:\/\/blogsaverroes.juntadeandalucia.es\/lexflaviamalacitana\/wp-json\/wp\/v2\/media?parent=26258"}],"curies":[{"name":"wp","href":"https:\/\/api.w.org\/{rel}","templated":true}]}}