{"id":227,"date":"2024-01-23T17:38:20","date_gmt":"2024-01-23T17:38:20","guid":{"rendered":"https:\/\/blogsaverroes.juntadeandalucia.es\/llenandoaulas\/?page_id=227"},"modified":"2024-05-10T09:52:34","modified_gmt":"2024-05-10T09:52:34","slug":"alemania","status":"publish","type":"page","link":"https:\/\/blogsaverroes.juntadeandalucia.es\/llenandoaulas\/alemania\/","title":{"rendered":"Alemania"},"content":{"rendered":"<p><img loading=\"lazy\" decoding=\"async\" class=\"\" src=\"https:\/\/blogsaverroes.juntadeandalucia.es\/iesarroyodelamiel\/files\/2023\/05\/es_cofinanciado_por_la_union_europea_pantone-300x63.png\" width=\"348\" height=\"73\"><img loading=\"lazy\" decoding=\"async\" class=\"alignright\" src=\"https:\/\/blogsaverroes.juntadeandalucia.es\/iesarroyodelamiel\/files\/2023\/05\/Logo-IES-Erasmus-con-letras-en-azul-300x291.jpg\" width=\"116\" height=\"112\"><\/p>\n<p><strong><span style=\"font-size: 24pt\">Cuarta visita del profesordo del IES Arroyo de la Miel<\/span><\/strong><\/p>\n<p><strong><span style=\"font-size: 24pt\">Destino Berufsschulzentrum en Radolfzell am Bodensee (Alemania)&nbsp;&nbsp;<\/span><\/strong><\/p>\n<p>Los d\u00edas 5, 6, 7 y 8 de febrero de 2024 se realizar\u00e1 la \u00faltima movilidad dentro del proyecto Erasmus+ <em>Llenando aulas<\/em> y ser\u00e1 a Radolfzell am Bodensee, localidad alemana situada a 20 kil\u00f3metros del lago Constanza, en la regi\u00f3n de Baden-W\u00fcrttemberg.<\/p>\n<p>Las compa\u00f1eras har\u00e1n visita de observaci\u00f3n en este centro en la l\u00ednea de aprender buenas pr\u00e1cticas de otros centros europeos, como se lleva haciendo desde el curso 2022\/23. Se empez\u00f3 con el pa\u00eds vecino, Portugal, experiencia muy enriquecedora; se sigui\u00f3 con un pa\u00eds n\u00f3rdico, Noruega; se continu\u00f3 con Italia, vivencia gratificante, y se finaliza, con Alemania, de la que se espera aprender mucho.<\/p>\n<p>Las profesoras participantes ser\u00e1n Mercedes Guerra Villalobos, jefa de estudios de Adultos, coordinadora del proyecto Eramus + y profesora de Lengua y Literatura Castellana y Sonia Ruiz del Castillo, jefa de departamento y profesora de F\u00edsica y Qu\u00edmica.&nbsp; &nbsp;&nbsp;<\/p>\n<p>La experiencia ha sido altamente satisfactoria y fruct\u00edfera.&nbsp; Una maravillosa acogida por todo el cento de Radolfzell am Bodensee, y en especial, por parte de&nbsp; nuestra persona de contacto, <strong>Miriam S\u00e1nchez<\/strong>, no hay palabras para expresar nuestro agradecimiento.&nbsp;<\/p>\n<p><img loading=\"lazy\" decoding=\"async\" class=\"aligncenter size-medium wp-image-317\" src=\"https:\/\/blogsaverroes.juntadeandalucia.es\/llenandoaulas\/files\/2024\/02\/1-1-300x225.jpg\" alt=\"\" width=\"300\" height=\"225\" srcset=\"https:\/\/blogsaverroes.juntadeandalucia.es\/llenandoaulas\/files\/2024\/02\/1-1-300x225.jpg 300w, https:\/\/blogsaverroes.juntadeandalucia.es\/llenandoaulas\/files\/2024\/02\/1-1-1024x768.jpg 1024w, https:\/\/blogsaverroes.juntadeandalucia.es\/llenandoaulas\/files\/2024\/02\/1-1-768x576.jpg 768w, https:\/\/blogsaverroes.juntadeandalucia.es\/llenandoaulas\/files\/2024\/02\/1-1-1536x1152.jpg 1536w, https:\/\/blogsaverroes.juntadeandalucia.es\/llenandoaulas\/files\/2024\/02\/1-1.jpg 1600w\" sizes=\"(max-width: 300px) 100vw, 300px\" \/><\/p>\n<p style=\"text-align: left\">&nbsp; &nbsp; &nbsp; &nbsp; &nbsp; &nbsp; &nbsp; &nbsp; &nbsp; &nbsp; &nbsp; &nbsp; &nbsp; &nbsp; &nbsp; &nbsp; &nbsp; &nbsp; &nbsp; &nbsp; &nbsp; &nbsp; &nbsp; &nbsp; &nbsp; &nbsp; &nbsp; &nbsp; &nbsp; &nbsp; &nbsp; &nbsp; &nbsp; &nbsp; &nbsp; &nbsp; &nbsp; &nbsp; &nbsp; &nbsp;Nuestras compa\u00f1eras en Berufsschulzentrum en su primer d\u00eda.&nbsp;<\/p>\n<p style=\"text-align: center\">&nbsp; &nbsp; &nbsp; &nbsp; &nbsp; &nbsp; &nbsp; &nbsp; &nbsp; &nbsp; &nbsp; &nbsp; &nbsp; &nbsp; &nbsp; &nbsp; &nbsp; &nbsp; &nbsp; &nbsp; &nbsp; &nbsp; &nbsp; &nbsp; &nbsp; &nbsp; &nbsp; &nbsp; &nbsp; &nbsp; &nbsp; &nbsp; &nbsp; &nbsp; &nbsp; &nbsp; &nbsp; &nbsp; &nbsp; &nbsp; &nbsp; &nbsp; &nbsp; &nbsp; &nbsp; &nbsp; &nbsp; &nbsp; &nbsp; &nbsp; &nbsp; &nbsp; &nbsp; &nbsp; &nbsp;<\/p>\n<p><img loading=\"lazy\" decoding=\"async\" class=\"aligncenter size-medium wp-image-293\" src=\"https:\/\/blogsaverroes.juntadeandalucia.es\/llenandoaulas\/files\/2024\/02\/2-300x225.jpg\" alt=\"\" width=\"300\" height=\"225\" srcset=\"https:\/\/blogsaverroes.juntadeandalucia.es\/llenandoaulas\/files\/2024\/02\/2-300x225.jpg 300w, https:\/\/blogsaverroes.juntadeandalucia.es\/llenandoaulas\/files\/2024\/02\/2-1024x768.jpg 1024w, https:\/\/blogsaverroes.juntadeandalucia.es\/llenandoaulas\/files\/2024\/02\/2-768x576.jpg 768w, https:\/\/blogsaverroes.juntadeandalucia.es\/llenandoaulas\/files\/2024\/02\/2-1536x1152.jpg 1536w, https:\/\/blogsaverroes.juntadeandalucia.es\/llenandoaulas\/files\/2024\/02\/2.jpg 1600w\" sizes=\"(max-width: 300px) 100vw, 300px\" \/><\/p>\n<p style=\"text-align: center\">Nuestras compa\u00f1eras en una reuni\u00f3n de trabajo con la eficaz Miriam S\u00e1nchez.&nbsp;<\/p>\n<p>&nbsp;<\/p>\n<p><img loading=\"lazy\" decoding=\"async\" class=\"aligncenter size-medium wp-image-339\" src=\"https:\/\/blogsaverroes.juntadeandalucia.es\/llenandoaulas\/files\/2024\/02\/6-300x225.jpg\" alt=\"\" width=\"300\" height=\"225\" srcset=\"https:\/\/blogsaverroes.juntadeandalucia.es\/llenandoaulas\/files\/2024\/02\/6-300x225.jpg 300w, https:\/\/blogsaverroes.juntadeandalucia.es\/llenandoaulas\/files\/2024\/02\/6-1024x768.jpg 1024w, https:\/\/blogsaverroes.juntadeandalucia.es\/llenandoaulas\/files\/2024\/02\/6-768x576.jpg 768w, https:\/\/blogsaverroes.juntadeandalucia.es\/llenandoaulas\/files\/2024\/02\/6-1536x1152.jpg 1536w, https:\/\/blogsaverroes.juntadeandalucia.es\/llenandoaulas\/files\/2024\/02\/6.jpg 1600w\" sizes=\"(max-width: 300px) 100vw, 300px\" \/><\/p>\n<p style=\"text-align: center\">Nuestras compa\u00f1eras con el director, Makus Z\u00e4hringer, que las acompa\u00f1\u00f3 en toda su estancia; el subdirector, Michael Janovicz y la profesora de espa\u00f1ol y de contacto, Miriam S\u00e1nchez, que organiz\u00f3 una perfecta acogida.<\/p>\n<p>&nbsp;<\/p>\n<p><img loading=\"lazy\" decoding=\"async\" class=\"wp-image-297 aligncenter\" src=\"https:\/\/blogsaverroes.juntadeandalucia.es\/llenandoaulas\/files\/2024\/02\/3-300x225.jpg\" alt=\"\" width=\"282\" height=\"211\" srcset=\"https:\/\/blogsaverroes.juntadeandalucia.es\/llenandoaulas\/files\/2024\/02\/3-300x225.jpg 300w, https:\/\/blogsaverroes.juntadeandalucia.es\/llenandoaulas\/files\/2024\/02\/3-1024x768.jpg 1024w, https:\/\/blogsaverroes.juntadeandalucia.es\/llenandoaulas\/files\/2024\/02\/3-768x576.jpg 768w, https:\/\/blogsaverroes.juntadeandalucia.es\/llenandoaulas\/files\/2024\/02\/3-1536x1152.jpg 1536w, https:\/\/blogsaverroes.juntadeandalucia.es\/llenandoaulas\/files\/2024\/02\/3.jpg 1600w\" sizes=\"(max-width: 282px) 100vw, 282px\" \/><\/p>\n<p>&nbsp;<\/p>\n<p style=\"text-align: center\">Laboratorio de F\u00edsica. Incre\u00edbles instalaciones. Nuestra compa\u00f1era Sonia Ruiz con alumnado de bachillerato de Biotecnolog\u00eda.<\/p>\n<p>&nbsp;<\/p>\n<p><img loading=\"lazy\" decoding=\"async\" class=\"wp-image-307 size-medium aligncenter\" src=\"https:\/\/blogsaverroes.juntadeandalucia.es\/llenandoaulas\/files\/2024\/02\/5-225x300.jpg\" alt=\"\" width=\"225\" height=\"300\" srcset=\"https:\/\/blogsaverroes.juntadeandalucia.es\/llenandoaulas\/files\/2024\/02\/5-225x300.jpg 225w, https:\/\/blogsaverroes.juntadeandalucia.es\/llenandoaulas\/files\/2024\/02\/5-768x1024.jpg 768w, https:\/\/blogsaverroes.juntadeandalucia.es\/llenandoaulas\/files\/2024\/02\/5-1152x1536.jpg 1152w, https:\/\/blogsaverroes.juntadeandalucia.es\/llenandoaulas\/files\/2024\/02\/5.jpg 1200w\" sizes=\"(max-width: 225px) 100vw, 225px\" \/><\/p>\n<p>&nbsp;<\/p>\n<p style=\"text-align: center\">Nuestras compa\u00f1eras Sonia Ruiz y Mercedes Guerra.&nbsp; &nbsp; &nbsp; &nbsp; &nbsp; &nbsp;<\/p>\n<p>&nbsp;<\/p>\n<p><img loading=\"lazy\" decoding=\"async\" class=\"aligncenter size-medium wp-image-337\" src=\"https:\/\/blogsaverroes.juntadeandalucia.es\/llenandoaulas\/files\/2024\/02\/16648671-4349-43e8-8c19-41ee13f5f37b-300x225.jpg\" alt=\"\" width=\"300\" height=\"225\" srcset=\"https:\/\/blogsaverroes.juntadeandalucia.es\/llenandoaulas\/files\/2024\/02\/16648671-4349-43e8-8c19-41ee13f5f37b-300x225.jpg 300w, https:\/\/blogsaverroes.juntadeandalucia.es\/llenandoaulas\/files\/2024\/02\/16648671-4349-43e8-8c19-41ee13f5f37b-1024x768.jpg 1024w, https:\/\/blogsaverroes.juntadeandalucia.es\/llenandoaulas\/files\/2024\/02\/16648671-4349-43e8-8c19-41ee13f5f37b-768x576.jpg 768w, https:\/\/blogsaverroes.juntadeandalucia.es\/llenandoaulas\/files\/2024\/02\/16648671-4349-43e8-8c19-41ee13f5f37b-1536x1152.jpg 1536w, https:\/\/blogsaverroes.juntadeandalucia.es\/llenandoaulas\/files\/2024\/02\/16648671-4349-43e8-8c19-41ee13f5f37b.jpg 2000w\" sizes=\"(max-width: 300px) 100vw, 300px\" \/><\/p>\n<p>&nbsp;<\/p>\n<p style=\"text-align: center\">Nuestras compa\u00f1eras en una clase de observaci\u00f3n con el profesor Thomas Drechsler.&nbsp;<\/p>\n<p>&nbsp;<\/p>\n<p style=\"text-align: center\">A continuaci\u00f3n un<strong> power point<\/strong> que resume la experiencia en Radolfzell am Bodensee.<\/p>\n<p style=\"text-align: center\"><a href=\"https:\/\/blogsaverroes.juntadeandalucia.es\/llenandoaulas\/files\/2024\/02\/SISTEMA-EDUCATIVO-EN-ALEMANIA.pdf\">SISTEMA EDUCATIVO EN ALEMANIA<\/a><\/p>\n","protected":false},"excerpt":{"rendered":"<p>Cuarta visita del profesordo del IES Arroyo de la Miel Destino Berufsschulzentrum en Radolfzell am Bodensee (Alemania)&nbsp;&nbsp; Los d\u00edas 5, 6, 7 y 8 de febrero de 2024 se realizar\u00e1 la \u00faltima movilidad dentro&#46;&#46;&#46;<\/p>\n","protected":false},"author":18189,"featured_media":0,"parent":0,"menu_order":0,"comment_status":"closed","ping_status":"closed","template":"page-template-full.php","meta":{"ngg_post_thumbnail":0,"footnotes":""},"aioseo_notices":[],"_links":{"self":[{"href":"https:\/\/blogsaverroes.juntadeandalucia.es\/llenandoaulas\/wp-json\/wp\/v2\/pages\/227"}],"collection":[{"href":"https:\/\/blogsaverroes.juntadeandalucia.es\/llenandoaulas\/wp-json\/wp\/v2\/pages"}],"about":[{"href":"https:\/\/blogsaverroes.juntadeandalucia.es\/llenandoaulas\/wp-json\/wp\/v2\/types\/page"}],"author":[{"embeddable":true,"href":"https:\/\/blogsaverroes.juntadeandalucia.es\/llenandoaulas\/wp-json\/wp\/v2\/users\/18189"}],"replies":[{"embeddable":true,"href":"https:\/\/blogsaverroes.juntadeandalucia.es\/llenandoaulas\/wp-json\/wp\/v2\/comments?post=227"}],"version-history":[{"count":50,"href":"https:\/\/blogsaverroes.juntadeandalucia.es\/llenandoaulas\/wp-json\/wp\/v2\/pages\/227\/revisions"}],"predecessor-version":[{"id":365,"href":"https:\/\/blogsaverroes.juntadeandalucia.es\/llenandoaulas\/wp-json\/wp\/v2\/pages\/227\/revisions\/365"}],"wp:attachment":[{"href":"https:\/\/blogsaverroes.juntadeandalucia.es\/llenandoaulas\/wp-json\/wp\/v2\/media?parent=227"}],"curies":[{"name":"wp","href":"https:\/\/api.w.org\/{rel}","templated":true}]}}