{"id":25,"date":"2023-06-14T09:07:32","date_gmt":"2023-06-14T09:07:32","guid":{"rendered":"https:\/\/blogsaverroes.juntadeandalucia.es\/llenandoaulas\/?page_id=25"},"modified":"2024-05-10T09:43:44","modified_gmt":"2024-05-10T09:43:44","slug":"portugal","status":"publish","type":"page","link":"https:\/\/blogsaverroes.juntadeandalucia.es\/llenandoaulas\/portugal\/","title":{"rendered":"Portugal"},"content":{"rendered":"<h2><img loading=\"lazy\" decoding=\"async\" class=\"\" src=\"https:\/\/blogsaverroes.juntadeandalucia.es\/iesarroyodelamiel\/files\/2023\/05\/es_cofinanciado_por_la_union_europea_pantone-300x63.png\" width=\"348\" height=\"73\"><img loading=\"lazy\" decoding=\"async\" class=\"alignright\" src=\"https:\/\/blogsaverroes.juntadeandalucia.es\/iesarroyodelamiel\/files\/2023\/05\/Logo-IES-Erasmus-con-letras-en-azul-300x291.jpg\" width=\"116\" height=\"112\"><\/h2>\n<h2>&nbsp;<\/h2>\n<h2><span style=\"font-size: 24pt\"><strong>Primera visita del profesorado del IES Arroyo de la Miel<\/strong><\/span><\/h2>\n<h2><span style=\"font-size: 24pt\"><strong>Destino Escuela Secund\u00e1ria Jos\u00e9 Saramago en Mafra (Portugal)<\/strong><\/span><\/h2>\n<p>Los d\u00edas 24, 25,26 y 27 de enero son las fechas en las que dentro del proyecto Erasmus + <em>Llenando aulas<\/em> se realiza la actividad de Job shadowing (visita de observaci\u00f3n) a Mafra, bella localidad portuguesa situada a 40 kil\u00f3metros de Lisboa, al centro <a href=\"https:\/\/escola.esjs-mafra.net\/\">Escola Secund\u00e1ria Jos\u00e9 Saramago<\/a>. El instituto lleva el nombre del famoso escritor portugu\u00e9s porque una de sus obras estaba situada en Mafra, <em>Memorial del Convento<\/em>.<\/p>\n<p>Con mucha ilusi\u00f3n se ha preparado este viaje, que, aunque corto, encierra muchas horas de trabajo realizadas por Mercedes Guerra Villalobos,&nbsp; jefa de estudios adjunta de adultos, coordinadora del proyecto Erasmus+ y profesora de Lengua y Literatura; Alfonso Fern\u00e1ndez Fern\u00e1ndez, profesor de Geograf\u00eda e Historia y Sonia Ruiz del Castillo, profesora de F\u00edsica y Qu\u00edmica.<\/p>\n<p>El objetivo es observar y aprender del sistema educativo de Adultos de nuestro vecino europeo.<\/p>\n<p>Nuestros compa\u00f1eros est\u00e1n llevando a cabo una interesante labor de observaci\u00f3n en el centro <a href=\"https:\/\/escola.esjs-mafra.net\/\">Escola Secund\u00e1ria Jos\u00e9 Saramago<\/a>.&nbsp; Ya han realizado las primeras reuniones con compa\u00f1eros lusos y est\u00e1n intercambiando buenas experiencias de ambos centros para enriquecer la formaci\u00f3n de nuestro alumnado.<\/p>\n<p>Nuestros compa\u00f1eros Mercedes Guerra y Alfonso Fern\u00e1ndez con la coordinadora Erasmus en Escola Secund\u00e1ria Jos\u00e9 Saramago, Ana Mar\u00eda D\u00edas<\/p>\n<p>&nbsp;<\/p>\n<p><img loading=\"lazy\" decoding=\"async\" id=\"fancybox-img\" class=\"aligncenter\" src=\"https:\/\/blogsaverroes.juntadeandalucia.es\/iesarroyodelamiel\/wp-content\/uploads\/sites\/5931\/nggallery\/saramago-1\/IMG-20230125-WA0015.jpg\" alt=\"\" width=\"448\" height=\"336\"><\/p>\n<p><img loading=\"lazy\" decoding=\"async\" id=\"fancybox-img\" class=\"\" src=\"https:\/\/blogsaverroes.juntadeandalucia.es\/iesarroyodelamiel\/wp-content\/uploads\/sites\/5931\/nggallery\/saramago-1\/IMG-20230125-WA0016.jpg\" alt=\"\" width=\"448\" height=\"336\"><img loading=\"lazy\" decoding=\"async\" id=\"fancybox-img\" class=\"alignright\" src=\"https:\/\/blogsaverroes.juntadeandalucia.es\/iesarroyodelamiel\/wp-content\/uploads\/sites\/5931\/nggallery\/saramago-1\/IMG-20230125-WA0013.jpg\" alt=\"\" width=\"449\" height=\"337\"><\/p>\n<p>Participaci\u00f3n en una tertulia literaria y musical entre otras actividades de un intenso programa desarrollado con los colegas lusos.<\/p>\n<p>&nbsp;<\/p>\n<p><img loading=\"lazy\" decoding=\"async\" id=\"fancybox-img\" class=\"\" src=\"https:\/\/blogsaverroes.juntadeandalucia.es\/iesarroyodelamiel\/wp-content\/uploads\/sites\/5931\/nggallery\/tertulia\/IMG-20230127-WA0007.jpg\" alt=\"\" width=\"428\" height=\"321\"><img loading=\"lazy\" decoding=\"async\" id=\"fancybox-img\" class=\"\" src=\"https:\/\/blogsaverroes.juntadeandalucia.es\/iesarroyodelamiel\/wp-content\/uploads\/sites\/5931\/nggallery\/tertulia\/IMG-20230127-WA0008.jpg\" alt=\"\" width=\"426\" height=\"319\"><img loading=\"lazy\" decoding=\"async\" id=\"fancybox-img\" class=\"alignright\" src=\"https:\/\/blogsaverroes.juntadeandalucia.es\/iesarroyodelamiel\/wp-content\/uploads\/sites\/5931\/nggallery\/tertulia\/IMG-20230127-WA0009.jpg\" alt=\"\" width=\"425\" height=\"319\"><\/p>\n<p>&nbsp;<\/p>\n<p>Nuestras compa\u00f1eras Mercedes Guerra recitando \u00bfQ<em>u\u00e9 cu\u00e1ntos a\u00f1os tengo? <\/em>de Jos\u00e9 Saramago, Sonia Ruiz&nbsp; recitando <em>Palabras para Julia<\/em>&nbsp; y Alfonso Fern\u00e1ndez con un poema del c\u00e9lebre Fernando Pessoa participando en el recital de m\u00fasica y literatura.<\/p>\n<p>Con el alumnado del aula espec\u00edfica<\/p>\n<p>&nbsp;<\/p>\n<p><img loading=\"lazy\" decoding=\"async\" id=\"fancybox-img\" class=\"\" src=\"https:\/\/blogsaverroes.juntadeandalucia.es\/iesarroyodelamiel\/wp-content\/uploads\/sites\/5931\/nggallery\/galeria-final\/IMG-20230127-WA0010-1.jpg\" alt=\"\" width=\"499\" height=\"374\"><img loading=\"lazy\" decoding=\"async\" id=\"fancybox-img\" class=\"alignright\" src=\"https:\/\/blogsaverroes.juntadeandalucia.es\/iesarroyodelamiel\/wp-content\/uploads\/sites\/5931\/nggallery\/galeria-final\/IMG-20230127-WA0011.jpg\" alt=\"\" width=\"500\" height=\"375\"><\/p>\n<p>&nbsp;<\/p>\n<p>&nbsp;<\/p>\n<p>&nbsp;<\/p>\n<p>&nbsp;<\/p>\n<p>Con los compa\u00f1eros del centro portugu\u00e9s&nbsp;<\/p>\n<p>&nbsp;<\/p>\n<p>Un&nbsp; breve v\u00eddeo que resume la&nbsp; enriquecedora experiencia de nuestros compa\u00f1eros en Mafra<\/p>\n<p>&nbsp;<\/p>\n<p><iframe loading=\"lazy\" title=\"Erasmus+Arroyo Saramago   Made with Clipchamp  version final\" width=\"500\" height=\"281\" src=\"https:\/\/www.youtube.com\/embed\/ChzNTlH3ljE?feature=oembed&#038;wmode=opaque\" frameborder=\"0\" allow=\"accelerometer; autoplay; clipboard-write; encrypted-media; gyroscope; picture-in-picture; web-share\" referrerpolicy=\"strict-origin-when-cross-origin\" allowfullscreen><\/iframe><\/p>\n<p>La compa\u00f1era <strong>Sonia Ruiz del Castillo<\/strong> ha dejado sus reflexiones del viaje en el siguiente texto<\/p>\n<p style=\"text-align: left\">Viajar es pasear por el antes y despu\u00e9s de un pueblo, de su arte, de su cultura, de su lengua, de su historia&#8230;Un viaje ERASMUS+ da la posibilidad de sumergirse en la construcci\u00f3n de la educaci\u00f3n de un pa\u00eds, de sus futuras gentes, y de valorar en positivo y negativo lo que aqu\u00ed tenemos y nunca evaluamos.<\/p>\n<p style=\"text-align: left\">De las innumerables cosas que descubr\u00ed para mi asombro del sistema educativo portugu\u00e9s, algunas no est\u00e1n a mi alcance cambiar. Me qued\u00e9 impresionada de la cantidad de personal disponible en el centro: conserjes, administrativos, profesores con alguna dolencia teniendo servicios alternativos para la administraci\u00f3n. Me pareci\u00f3 interesante el horario de las clases en dos tandas de 45 minutos, y que hubiera periodos de descanso entre unas asignaturas y otras, el concepto de horario era mucho m\u00e1s flexible que en Espa\u00f1a. Tambi\u00e9n se\u00f1alar que el nocturno no ten\u00eda clases los viernes por la tarde. En contraposici\u00f3n, creo que&nbsp; el profesorado tiene escaso salario, alarga m\u00e1s su vida laboral, y reivindica mejoras en la formaci\u00f3n, que en Espa\u00f1a s\u00ed disfrutamos.<\/p>\n<p style=\"text-align: left\">Desde mi situaci\u00f3n dentro de un instituto de secundaria hay algunas cosas que s\u00ed est\u00e1n a nuestro alcance proponer para mejorar. Sus encuentros literarios y art\u00edsticos eran una manera de expresar el ARTE en todas sus facetas, y adem\u00e1s, estaba abierto a toda la comunidad de Mafra. Era una actividad muy integradora. En cuanto a las novedades que m\u00e1s me interesaron fue la existencia de un aula de estudio. Al tener horario tan flexibles, los alumnos contaban con un aula de apoyo con horario propio y un profesor de \u00e1rea por turnos para resolver dudas&nbsp; y ayudar en el estudio a cualquier alumno de cualquier nivel que quisier ir. Desde el gobierno luso desde hac\u00eda algunos a\u00f1os el alumnado ten\u00eda a su disposici\u00f3n un ordenador, acesso a internet y a las reparaciones necesarias para tener cubierta toda su educaci\u00f3n digital. En la medida de lo posible en nuestro centro podemos intentar abarcar al m\u00e1ximo esta medida para todo el alumnado que lo solicite. Otra mejora que vi y que puede ser factible es la de tener un carnet digital de acceso al centro que controla la asistencia.<\/p>\n<p style=\"text-align: left\">A pesar de las diferencias, creo que hay una gran similitud en la vocaci\u00f3n del profesorado, que&nbsp; al final, es una de las claves m\u00e1s importantes a tener en cuenta en nuestra profesi\u00f3n. Fue un gran viaje para m\u00ed y agradezco la calidez con la que nuestros vecinos portugueses nos trataron y la suerte de formar parte de esta experiencia.&nbsp; &nbsp; &nbsp;<\/p>\n<p>&nbsp;&nbsp;<\/p>\n<p>Finalmente, de vuelta al IES Arroyo de la Miel, se comparti\u00f3 la experiencia con el profesorado de nocturno. Se expuso el siguiente power point.<\/p>\n<p><a href=\"https:\/\/blogsaverroes.juntadeandalucia.es\/llenandoaulas\/files\/2023\/10\/VISITA-A-LA-ESCOLA-SECUND\u00c0RIA-JOSE-SARAMAGO.pdf\"><img loading=\"lazy\" decoding=\"async\" class=\"aligncenter size-medium wp-image-283\" src=\"https:\/\/blogsaverroes.juntadeandalucia.es\/llenandoaulas\/files\/2024\/02\/Portugal-2-300x279.png\" alt=\"\" width=\"300\" height=\"279\" srcset=\"https:\/\/blogsaverroes.juntadeandalucia.es\/llenandoaulas\/files\/2024\/02\/Portugal-2-300x279.png 300w, https:\/\/blogsaverroes.juntadeandalucia.es\/llenandoaulas\/files\/2024\/02\/Portugal-2.png 407w\" sizes=\"(max-width: 300px) 100vw, 300px\" \/><\/a><\/p>\n<p style=\"text-align: center\"><a href=\"https:\/\/blogsaverroes.juntadeandalucia.es\/llenandoaulas\/files\/2023\/10\/VISITA-A-LA-ESCOLA-SECUND\u00c0RIA-JOSE-SARAMAGO.pdf\">VISITA A LA ESCOLA SECUND\u00c0RIA JOSE SARAMAGO<\/a>&nbsp;<\/p>\n<p>&nbsp;<\/p>\n<p>&nbsp;<\/p>\n","protected":false},"excerpt":{"rendered":"<p>&nbsp; Primera visita del profesorado del IES Arroyo de la Miel Destino Escuela Secund\u00e1ria Jos\u00e9 Saramago en Mafra (Portugal) Los d\u00edas 24, 25,26 y 27 de enero son las fechas en las que dentro&#46;&#46;&#46;<\/p>\n","protected":false},"author":18189,"featured_media":0,"parent":0,"menu_order":0,"comment_status":"closed","ping_status":"closed","template":"page-template-full.php","meta":{"ngg_post_thumbnail":0,"footnotes":""},"aioseo_notices":[],"_links":{"self":[{"href":"https:\/\/blogsaverroes.juntadeandalucia.es\/llenandoaulas\/wp-json\/wp\/v2\/pages\/25"}],"collection":[{"href":"https:\/\/blogsaverroes.juntadeandalucia.es\/llenandoaulas\/wp-json\/wp\/v2\/pages"}],"about":[{"href":"https:\/\/blogsaverroes.juntadeandalucia.es\/llenandoaulas\/wp-json\/wp\/v2\/types\/page"}],"author":[{"embeddable":true,"href":"https:\/\/blogsaverroes.juntadeandalucia.es\/llenandoaulas\/wp-json\/wp\/v2\/users\/18189"}],"replies":[{"embeddable":true,"href":"https:\/\/blogsaverroes.juntadeandalucia.es\/llenandoaulas\/wp-json\/wp\/v2\/comments?post=25"}],"version-history":[{"count":26,"href":"https:\/\/blogsaverroes.juntadeandalucia.es\/llenandoaulas\/wp-json\/wp\/v2\/pages\/25\/revisions"}],"predecessor-version":[{"id":358,"href":"https:\/\/blogsaverroes.juntadeandalucia.es\/llenandoaulas\/wp-json\/wp\/v2\/pages\/25\/revisions\/358"}],"wp:attachment":[{"href":"https:\/\/blogsaverroes.juntadeandalucia.es\/llenandoaulas\/wp-json\/wp\/v2\/media?parent=25"}],"curies":[{"name":"wp","href":"https:\/\/api.w.org\/{rel}","templated":true}]}}