{"id":147,"date":"2022-04-22T12:16:12","date_gmt":"2022-04-22T10:16:12","guid":{"rendered":"https:\/\/blogsaverroes.juntadeandalucia.es\/lopederueda\/?page_id=147"},"modified":"2022-04-22T12:23:48","modified_gmt":"2022-04-22T10:23:48","slug":"quien-soy","status":"publish","type":"page","link":"https:\/\/blogsaverroes.juntadeandalucia.es\/lopederueda\/quien-soy\/","title":{"rendered":"\u00bfQui\u00e9n soy?"},"content":{"rendered":"<p>Me llamo Javier y soy maestro con la especialidad de Educaci\u00f3n F\u00edsica. Llevo 25 a\u00f1os trabajando en la ense\u00f1anza y a lo largo de estos a\u00f1os he pasado por m\u00faltiples centros educativos de los que he ido aprendiendo y cogiendo experiencia en el trabajo con ni\u00f1os.<\/p>\n<p>Durante todos estos a\u00f1os he ejercido como especialista de Educaci\u00f3n F\u00edsica y he compartido horario ejerciendo como tutor.<\/p>\n","protected":false},"excerpt":{"rendered":"<p>Me llamo Javier y soy maestro con la especialidad de Educaci\u00f3n F\u00edsica. Llevo 25 a\u00f1os trabajando en la ense\u00f1anza y a lo largo de estos a\u00f1os he pasado por m\u00faltiples centros educativos de los&#46;&#46;&#46;<\/p>\n","protected":false},"author":10109,"featured_media":0,"parent":0,"menu_order":0,"comment_status":"closed","ping_status":"closed","template":"","meta":{"ngg_post_thumbnail":0,"footnotes":""},"aioseo_notices":[],"_links":{"self":[{"href":"https:\/\/blogsaverroes.juntadeandalucia.es\/lopederueda\/wp-json\/wp\/v2\/pages\/147"}],"collection":[{"href":"https:\/\/blogsaverroes.juntadeandalucia.es\/lopederueda\/wp-json\/wp\/v2\/pages"}],"about":[{"href":"https:\/\/blogsaverroes.juntadeandalucia.es\/lopederueda\/wp-json\/wp\/v2\/types\/page"}],"author":[{"embeddable":true,"href":"https:\/\/blogsaverroes.juntadeandalucia.es\/lopederueda\/wp-json\/wp\/v2\/users\/10109"}],"replies":[{"embeddable":true,"href":"https:\/\/blogsaverroes.juntadeandalucia.es\/lopederueda\/wp-json\/wp\/v2\/comments?post=147"}],"version-history":[{"count":1,"href":"https:\/\/blogsaverroes.juntadeandalucia.es\/lopederueda\/wp-json\/wp\/v2\/pages\/147\/revisions"}],"predecessor-version":[{"id":148,"href":"https:\/\/blogsaverroes.juntadeandalucia.es\/lopederueda\/wp-json\/wp\/v2\/pages\/147\/revisions\/148"}],"wp:attachment":[{"href":"https:\/\/blogsaverroes.juntadeandalucia.es\/lopederueda\/wp-json\/wp\/v2\/media?parent=147"}],"curies":[{"name":"wp","href":"https:\/\/api.w.org\/{rel}","templated":true}]}}