{"id":35,"date":"2020-01-09T12:42:54","date_gmt":"2020-01-09T11:42:54","guid":{"rendered":"http:\/\/blogsaverroes.juntadeandalucia.es\/pre\/nuevoceip2v2\/?page_id=35"},"modified":"2022-11-18T10:53:51","modified_gmt":"2022-11-18T09:53:51","slug":"biblioteca","status":"publish","type":"page","link":"https:\/\/blogsaverroes.juntadeandalucia.es\/loratamayobonares\/biblioteca\/","title":{"rendered":"Biblioteca"},"content":{"rendered":"<p><strong>BIBLIOTECA<\/strong><\/p>\n<p>Durante este curso escolar, la biblioteca tambi\u00e9n se ha adaptado a las medidas COVID y por ello, se han modificado las pr\u00e1cticas habituales pr\u00e9stamos y actividades.<\/p>\n<p>En el primer trimestre, se ha llevado a cabo la organizaci\u00f3n de ejemplares, se han comprado m\u00e1s y adem\u00e1s se ha completado la migraci\u00f3n de Abies a Bibliowebs\u00e9neca (con sus pro y contras).<\/p>\n<p>Durante el segundo y el tercer trimestre, se ha creado un grupo de alumnos ayudantes, que se han encargado de sugerir libros, organizar, clasificar y dem\u00e1s tareas que una biblioteca\u00a0precisa.<\/p>\n<p>Ello ha beneficiado el buen funcionamiento pues, entre una de las medidas COVID, es situar en cuarentena los ejemplares prestados, lo cual genera &#8220;monta\u00f1as de libros&#8221; que no se pueden tocar, pero que tras sus 10 d\u00edas, deben ser colocados de nuevo en las estanter\u00edas.<\/p>\n<p>Es importante destacar que nuestro alumnado ha asistido con mucha frecuencia a la biblioteca a buscar libros para leer. Esto genera una gran cantidad de trabajo que, a buen grado se realiza, por los beneficios que genera en nuestros alumnos.<\/p>\n<p>Adem\u00e1s, el alumnado ha realizado a lo largo del curso multitud de actividades de lectura y expresi\u00f3n escrita, tanto las ligadas a efem\u00e9rides como a los contenidos propios de cada unidad. Estas han sido publicadas en nuestro blog &#8220;<a href=\"http:\/\/bibliotamayo.blogspot.com\/\">Bibliotamayo<\/a>&#8220;, para dar a conocer a la comunidad educativa las producciones de nuestros discentes (pod\u00e9is pinchar encima para acceder). Tambi\u00e9n se ha otorgado diplomas de fomento de lectura a los lectores m\u00e1s asiduos.<\/p>\n<p>Para el pr\u00f3ximo curso seguir\u00e1 nuestra biblioteca al 100% de rendimiento para que la lectura llegue a cada ni\u00f1o y encuentren disfrute, inspiraci\u00f3n, creatividad y esperanza.<\/p>\n","protected":false},"excerpt":{"rendered":"<p>BIBLIOTECA Durante este curso escolar, la biblioteca tambi\u00e9n se ha adaptado a las medidas COVID y por ello, se han modificado las pr\u00e1cticas habituales pr\u00e9stamos y actividades. En el primer trimestre, se ha llevado a cabo la organizaci\u00f3n de ejemplares, se han comprado m\u00e1s y adem\u00e1s se ha completado la migraci\u00f3n de Abies a Bibliowebs\u00e9neca [&hellip;]<\/p>\n","protected":false},"author":7051,"featured_media":0,"parent":0,"menu_order":0,"comment_status":"closed","ping_status":"closed","template":"","meta":{"_et_pb_use_builder":"off","_et_pb_old_content":"","_et_gb_content_width":"","ngg_post_thumbnail":0,"footnotes":""},"aioseo_notices":[],"_links":{"self":[{"href":"https:\/\/blogsaverroes.juntadeandalucia.es\/loratamayobonares\/wp-json\/wp\/v2\/pages\/35"}],"collection":[{"href":"https:\/\/blogsaverroes.juntadeandalucia.es\/loratamayobonares\/wp-json\/wp\/v2\/pages"}],"about":[{"href":"https:\/\/blogsaverroes.juntadeandalucia.es\/loratamayobonares\/wp-json\/wp\/v2\/types\/page"}],"author":[{"embeddable":true,"href":"https:\/\/blogsaverroes.juntadeandalucia.es\/loratamayobonares\/wp-json\/wp\/v2\/users\/7051"}],"replies":[{"embeddable":true,"href":"https:\/\/blogsaverroes.juntadeandalucia.es\/loratamayobonares\/wp-json\/wp\/v2\/comments?post=35"}],"version-history":[{"count":10,"href":"https:\/\/blogsaverroes.juntadeandalucia.es\/loratamayobonares\/wp-json\/wp\/v2\/pages\/35\/revisions"}],"predecessor-version":[{"id":805,"href":"https:\/\/blogsaverroes.juntadeandalucia.es\/loratamayobonares\/wp-json\/wp\/v2\/pages\/35\/revisions\/805"}],"wp:attachment":[{"href":"https:\/\/blogsaverroes.juntadeandalucia.es\/loratamayobonares\/wp-json\/wp\/v2\/media?parent=35"}],"curies":[{"name":"wp","href":"https:\/\/api.w.org\/{rel}","templated":true}]}}