{"id":39,"date":"2020-01-09T12:44:11","date_gmt":"2020-01-09T11:44:11","guid":{"rendered":"http:\/\/blogsaverroes.juntadeandalucia.es\/pre\/nuevoceip2v2\/?page_id=39"},"modified":"2021-06-07T09:21:00","modified_gmt":"2021-06-07T08:21:00","slug":"comedor-escolar","status":"publish","type":"page","link":"https:\/\/blogsaverroes.juntadeandalucia.es\/loratamayobonares\/comedor-escolar\/","title":{"rendered":"Comedor escolar"},"content":{"rendered":"<p>[et_pb_section fb_built=&#8221;1&#8243; _builder_version=&#8221;3.23.3&#8243; custom_padding=&#8221;0px||0px|&#8221; z_index_tablet=&#8221;500&#8243; box_shadow_horizontal_tablet=&#8221;0px&#8221; box_shadow_vertical_tablet=&#8221;0px&#8221; box_shadow_blur_tablet=&#8221;40px&#8221; box_shadow_spread_tablet=&#8221;0px&#8221;][et_pb_row _builder_version=&#8221;3.25&#8243; background_size=&#8221;initial&#8221; background_position=&#8221;top_left&#8221; background_repeat=&#8221;repeat&#8221;][et_pb_column type=&#8221;4_4&#8243; _builder_version=&#8221;3.25&#8243; custom_padding=&#8221;|||&#8221; custom_padding__hover=&#8221;|||&#8221;][et_pb_image src=&#8221;https:\/\/blogsaverroes.juntadeandalucia.es\/loratamayobonares\/files\/2020\/01\/cabecera-interior-2-1.jpg&#8221; title_text=&#8221;cabecera-interior-2-1&#8243; admin_label=&#8221;Imagen de la portada&#8221; _builder_version=&#8221;4.5.0&#8243; z_index_tablet=&#8221;500&#8243; box_shadow_horizontal_tablet=&#8221;0px&#8221; box_shadow_vertical_tablet=&#8221;0px&#8221; box_shadow_blur_tablet=&#8221;40px&#8221; box_shadow_spread_tablet=&#8221;0px&#8221;][\/et_pb_image][et_pb_text admin_label=&#8221;Texto descriptivo&#8221; _builder_version=&#8221;3.27.4&#8243; z_index_tablet=&#8221;500&#8243; text_text_shadow_horizontal_length_tablet=&#8221;0px&#8221; text_text_shadow_vertical_length_tablet=&#8221;0px&#8221; text_text_shadow_blur_strength_tablet=&#8221;1px&#8221; link_text_shadow_horizontal_length_tablet=&#8221;0px&#8221; link_text_shadow_vertical_length_tablet=&#8221;0px&#8221; link_text_shadow_blur_strength_tablet=&#8221;1px&#8221; ul_text_shadow_horizontal_length_tablet=&#8221;0px&#8221; ul_text_shadow_vertical_length_tablet=&#8221;0px&#8221; ul_text_shadow_blur_strength_tablet=&#8221;1px&#8221; ol_text_shadow_horizontal_length_tablet=&#8221;0px&#8221; ol_text_shadow_vertical_length_tablet=&#8221;0px&#8221; ol_text_shadow_blur_strength_tablet=&#8221;1px&#8221; quote_text_shadow_horizontal_length_tablet=&#8221;0px&#8221; quote_text_shadow_vertical_length_tablet=&#8221;0px&#8221; quote_text_shadow_blur_strength_tablet=&#8221;1px&#8221; header_text_shadow_horizontal_length_tablet=&#8221;0px&#8221; header_text_shadow_vertical_length_tablet=&#8221;0px&#8221; header_text_shadow_blur_strength_tablet=&#8221;1px&#8221; header_2_text_shadow_horizontal_length_tablet=&#8221;0px&#8221; header_2_text_shadow_vertical_length_tablet=&#8221;0px&#8221; header_2_text_shadow_blur_strength_tablet=&#8221;1px&#8221; header_3_text_shadow_horizontal_length_tablet=&#8221;0px&#8221; header_3_text_shadow_vertical_length_tablet=&#8221;0px&#8221; header_3_text_shadow_blur_strength_tablet=&#8221;1px&#8221; header_4_text_shadow_horizontal_length_tablet=&#8221;0px&#8221; header_4_text_shadow_vertical_length_tablet=&#8221;0px&#8221; header_4_text_shadow_blur_strength_tablet=&#8221;1px&#8221; header_5_text_shadow_horizontal_length_tablet=&#8221;0px&#8221; header_5_text_shadow_vertical_length_tablet=&#8221;0px&#8221; header_5_text_shadow_blur_strength_tablet=&#8221;1px&#8221; header_6_text_shadow_horizontal_length_tablet=&#8221;0px&#8221; header_6_text_shadow_vertical_length_tablet=&#8221;0px&#8221; header_6_text_shadow_blur_strength_tablet=&#8221;1px&#8221; box_shadow_horizontal_tablet=&#8221;0px&#8221; box_shadow_vertical_tablet=&#8221;0px&#8221; box_shadow_blur_tablet=&#8221;40px&#8221; box_shadow_spread_tablet=&#8221;0px&#8221;]<\/p>\n<h2>Comedor escolar<\/h2>\n<p>El centro prestar\u00e1 el servicio de comedor escolar para el alumnado del segundo ciclo de educaci\u00f3n infantil y de educaci\u00f3n primaria desde las 14:00 hasta las 16:00h. Se prestar\u00e1 atenci\u00f3n al alumnado usuario, tanto en el tiempo destinado a la comida, como en los per\u00edodos anteriores y posteriores a la misma, en el marco de la concepci\u00f3n educativa integral que tiene este servicio en el centro. La prestaci\u00f3n del servicio de comedor escolar se llevar\u00e1 a cabo mediante la contrataci\u00f3n o concesi\u00f3n del servicio a una empresa del sector. La atenci\u00f3n al alumnado en el comedor escolar se llevar\u00e1 a cabo en uno o dos turnos, seg\u00fan necesidades, por colaboradores externos contratados.<\/p>\n<p>Las funciones del personal de atenci\u00f3n al alumnado en el servicio de comedor escolar son las siguientes:<br \/>\u2022 Atender y custodiar al alumnado durante las comidas y en el tiempo anterior y posterior a las mismas.<br \/>\u2022 Resolver las incidencias que pudieran presentarse durante ese per\u00edodo.<br \/>\u2022 Prestar especial atenci\u00f3n a la labor educativa del comedor: adquisici\u00f3n de h\u00e1bitos sociales e higi\u00e9nico-sanitarios y correcta utilizaci\u00f3n del menaje del comedor.<br \/>\u2022 Cualquier otra funci\u00f3n que le pueda ser encomendada por el director del centro, para el adecuado funcionamiento del comedor escolar.<\/p>\n<p>El personal de atenci\u00f3n al alumnado en el comedor ser\u00e1 el siguiente:<br \/>\u2022 Educaci\u00f3n infantil, por cada quince usuarios o fracci\u00f3n superior a diez, una persona.<br \/>\u2022 Educaci\u00f3n primaria, por cada veinticinco o fracci\u00f3n superior a quince, una persona.<\/p>\n<p>El men\u00fa ser\u00e1 el mismo para todos los que hagan uso del servicio. No obstante, se ofrecer\u00e1n men\u00fas alternativos para aquel alumnado del centro que por problemas de salud, intolerancia a algunos alimentos u otras circunstancias debidamente justificadas requiera un men\u00fa especial. Con la finalidad de que las familias puedan completar el r\u00e9gimen alimenticio de sus hijos e hijas, de acuerdo con los criterios de una alimentaci\u00f3n saludable y equilibrada, la programaci\u00f3n de los men\u00fas se expondr\u00e1 en el tabl\u00f3n de anuncios del centro y se dar\u00e1 a conocer a los padres y madres del alumnado usuario del comedor escolar.<br \/>El acceso a los servicios de aula matinal y comedor escolar podr\u00e1 solicitarse para d\u00edas determinados o con car\u00e1cter continuado, ejerci\u00e9ndose la opci\u00f3n que se desee al presentar la solicitud del servicio.<br \/>La solicitud de baja en el servicio de aula matinal y\/o comedor se comunicar\u00e1 con una antelaci\u00f3n de, al menos, una semana del inicio del mes en que se pretenda hacer efectiva la baja. Asimismo la opci\u00f3n inicialmente elegida podr\u00e1 modificarse a lo largo del curso, lo que se comunicar\u00e1 en el plazo mencionado.<\/p>\n<p>[\/et_pb_text][\/et_pb_column][\/et_pb_row][\/et_pb_section]<\/p>\n","protected":false},"excerpt":{"rendered":"<p>Comedor escolar El centro prestar\u00e1 el servicio de comedor escolar para el alumnado del segundo ciclo de educaci\u00f3n infantil y de educaci\u00f3n primaria desde las 14:00 hasta las 16:00h. Se prestar\u00e1 atenci\u00f3n al alumnado usuario, tanto en el tiempo destinado a la comida, como en los per\u00edodos anteriores y posteriores a la misma, en el [&hellip;]<\/p>\n","protected":false},"author":7051,"featured_media":0,"parent":0,"menu_order":0,"comment_status":"closed","ping_status":"closed","template":"","meta":{"_et_pb_use_builder":"on","_et_pb_old_content":"","_et_gb_content_width":"","ngg_post_thumbnail":0,"footnotes":""},"aioseo_notices":[],"_links":{"self":[{"href":"https:\/\/blogsaverroes.juntadeandalucia.es\/loratamayobonares\/wp-json\/wp\/v2\/pages\/39"}],"collection":[{"href":"https:\/\/blogsaverroes.juntadeandalucia.es\/loratamayobonares\/wp-json\/wp\/v2\/pages"}],"about":[{"href":"https:\/\/blogsaverroes.juntadeandalucia.es\/loratamayobonares\/wp-json\/wp\/v2\/types\/page"}],"author":[{"embeddable":true,"href":"https:\/\/blogsaverroes.juntadeandalucia.es\/loratamayobonares\/wp-json\/wp\/v2\/users\/7051"}],"replies":[{"embeddable":true,"href":"https:\/\/blogsaverroes.juntadeandalucia.es\/loratamayobonares\/wp-json\/wp\/v2\/comments?post=39"}],"version-history":[{"count":1,"href":"https:\/\/blogsaverroes.juntadeandalucia.es\/loratamayobonares\/wp-json\/wp\/v2\/pages\/39\/revisions"}],"predecessor-version":[{"id":608,"href":"https:\/\/blogsaverroes.juntadeandalucia.es\/loratamayobonares\/wp-json\/wp\/v2\/pages\/39\/revisions\/608"}],"wp:attachment":[{"href":"https:\/\/blogsaverroes.juntadeandalucia.es\/loratamayobonares\/wp-json\/wp\/v2\/media?parent=39"}],"curies":[{"name":"wp","href":"https:\/\/api.w.org\/{rel}","templated":true}]}}