{"id":55,"date":"2020-01-09T12:48:16","date_gmt":"2020-01-09T11:48:16","guid":{"rendered":"http:\/\/blogsaverroes.juntadeandalucia.es\/pre\/nuevoceip2v2\/?page_id=55"},"modified":"2021-06-07T09:12:31","modified_gmt":"2021-06-07T08:12:31","slug":"planes-y-proyectos","status":"publish","type":"page","link":"https:\/\/blogsaverroes.juntadeandalucia.es\/loratamayobonares\/planes-y-proyectos\/","title":{"rendered":"Planes y Proyectos"},"content":{"rendered":"<p>[et_pb_section fb_built=&#8221;1&#8243; _builder_version=&#8221;3.22&#8243;][et_pb_row _builder_version=&#8221;3.25&#8243; background_size=&#8221;initial&#8221; background_position=&#8221;top_left&#8221; background_repeat=&#8221;repeat&#8221;][et_pb_column type=&#8221;4_4&#8243; _builder_version=&#8221;3.25&#8243; custom_padding=&#8221;|||&#8221; custom_padding__hover=&#8221;|||&#8221;][et_pb_image src=&#8221;https:\/\/blogsaverroes.juntadeandalucia.es\/loratamayobonares\/files\/2020\/02\/elcentro.png&#8221; title_text=&#8221;elcentro&#8221; admin_label=&#8221;Imagen de la portada&#8221; _builder_version=&#8221;4.5.0&#8243; z_index_tablet=&#8221;500&#8243; box_shadow_horizontal_tablet=&#8221;0px&#8221; box_shadow_vertical_tablet=&#8221;0px&#8221; box_shadow_blur_tablet=&#8221;40px&#8221; box_shadow_spread_tablet=&#8221;0px&#8221;][\/et_pb_image][et_pb_text admin_label=&#8221;Texto descriptivo&#8221; _builder_version=&#8221;3.27.4&#8243; z_index_tablet=&#8221;500&#8243; text_text_shadow_horizontal_length_tablet=&#8221;0px&#8221; text_text_shadow_vertical_length_tablet=&#8221;0px&#8221; text_text_shadow_blur_strength_tablet=&#8221;1px&#8221; link_text_shadow_horizontal_length_tablet=&#8221;0px&#8221; link_text_shadow_vertical_length_tablet=&#8221;0px&#8221; link_text_shadow_blur_strength_tablet=&#8221;1px&#8221; ul_text_shadow_horizontal_length_tablet=&#8221;0px&#8221; ul_text_shadow_vertical_length_tablet=&#8221;0px&#8221; ul_text_shadow_blur_strength_tablet=&#8221;1px&#8221; ol_text_shadow_horizontal_length_tablet=&#8221;0px&#8221; ol_text_shadow_vertical_length_tablet=&#8221;0px&#8221; ol_text_shadow_blur_strength_tablet=&#8221;1px&#8221; quote_text_shadow_horizontal_length_tablet=&#8221;0px&#8221; quote_text_shadow_vertical_length_tablet=&#8221;0px&#8221; quote_text_shadow_blur_strength_tablet=&#8221;1px&#8221; header_text_shadow_horizontal_length_tablet=&#8221;0px&#8221; header_text_shadow_vertical_length_tablet=&#8221;0px&#8221; header_text_shadow_blur_strength_tablet=&#8221;1px&#8221; header_2_text_shadow_horizontal_length_tablet=&#8221;0px&#8221; header_2_text_shadow_vertical_length_tablet=&#8221;0px&#8221; header_2_text_shadow_blur_strength_tablet=&#8221;1px&#8221; header_3_text_shadow_horizontal_length_tablet=&#8221;0px&#8221; header_3_text_shadow_vertical_length_tablet=&#8221;0px&#8221; header_3_text_shadow_blur_strength_tablet=&#8221;1px&#8221; header_4_text_shadow_horizontal_length_tablet=&#8221;0px&#8221; header_4_text_shadow_vertical_length_tablet=&#8221;0px&#8221; header_4_text_shadow_blur_strength_tablet=&#8221;1px&#8221; header_5_text_shadow_horizontal_length_tablet=&#8221;0px&#8221; header_5_text_shadow_vertical_length_tablet=&#8221;0px&#8221; header_5_text_shadow_blur_strength_tablet=&#8221;1px&#8221; header_6_text_shadow_horizontal_length_tablet=&#8221;0px&#8221; header_6_text_shadow_vertical_length_tablet=&#8221;0px&#8221; header_6_text_shadow_blur_strength_tablet=&#8221;1px&#8221; box_shadow_horizontal_tablet=&#8221;0px&#8221; box_shadow_vertical_tablet=&#8221;0px&#8221; box_shadow_blur_tablet=&#8221;40px&#8221; box_shadow_spread_tablet=&#8221;0px&#8221; custom_padding=&#8221;||0px|||&#8221;]<\/p>\n<h2>Planes y Proyectos<\/h2>\n<p>En el centro se desarrollan los siguientes planes y proyectos PERMANENTES:<\/p>\n<p>&#8211; PLAN DE APERTURA DE CENTROS DOCENTES: Aula matinal, comedor y actividades extraescolares.\u00a0<\/p>\n<p>&#8211; PLAN ESCUELA TIC 2.0<\/p>\n<p>&#8211; PLAN DE IGUALDAD EN EDUCACI\u00d3N<\/p>\n<p>&#8211; PLAN DE SALUD LABORAL Y P.R.L.<\/p>\n<p>&#8211; PROYECTO BILING\u00dcE<\/p>\n<p>Por otro lado, tambi\u00e9n desarrollamos planes y proyectos ANUALES:<\/p>\n<p>&#8211; PROGRAMA DE ACOMPA\u00d1AMIENTO (PROA)<\/p>\n<p>&#8211; PROGRAMA DE ALIMENTACI\u00d3N Y H\u00c1BITOS DE VIDA SALUDABLES<\/p>\n<p>&#8211; PR\u00c1CTICUM, GRADO DE MAESTRO<\/p>\n<p>&nbsp;<\/p>\n<p>[\/et_pb_text][\/et_pb_column][\/et_pb_row][\/et_pb_section]<\/p>\n","protected":false},"excerpt":{"rendered":"<p>Planes y Proyectos En el centro se desarrollan los siguientes planes y proyectos PERMANENTES: &#8211; PLAN DE APERTURA DE CENTROS DOCENTES: Aula matinal, comedor y actividades extraescolares.\u00a0 &#8211; PLAN ESCUELA TIC 2.0 &#8211; PLAN DE IGUALDAD EN EDUCACI\u00d3N &#8211; PLAN DE SALUD LABORAL Y P.R.L. &#8211; PROYECTO BILING\u00dcE Por otro lado, tambi\u00e9n desarrollamos planes y [&hellip;]<\/p>\n","protected":false},"author":7051,"featured_media":0,"parent":0,"menu_order":0,"comment_status":"closed","ping_status":"closed","template":"","meta":{"_et_pb_use_builder":"on","_et_pb_old_content":"","_et_gb_content_width":"","ngg_post_thumbnail":0,"footnotes":""},"aioseo_notices":[],"_links":{"self":[{"href":"https:\/\/blogsaverroes.juntadeandalucia.es\/loratamayobonares\/wp-json\/wp\/v2\/pages\/55"}],"collection":[{"href":"https:\/\/blogsaverroes.juntadeandalucia.es\/loratamayobonares\/wp-json\/wp\/v2\/pages"}],"about":[{"href":"https:\/\/blogsaverroes.juntadeandalucia.es\/loratamayobonares\/wp-json\/wp\/v2\/types\/page"}],"author":[{"embeddable":true,"href":"https:\/\/blogsaverroes.juntadeandalucia.es\/loratamayobonares\/wp-json\/wp\/v2\/users\/7051"}],"replies":[{"embeddable":true,"href":"https:\/\/blogsaverroes.juntadeandalucia.es\/loratamayobonares\/wp-json\/wp\/v2\/comments?post=55"}],"version-history":[{"count":2,"href":"https:\/\/blogsaverroes.juntadeandalucia.es\/loratamayobonares\/wp-json\/wp\/v2\/pages\/55\/revisions"}],"predecessor-version":[{"id":603,"href":"https:\/\/blogsaverroes.juntadeandalucia.es\/loratamayobonares\/wp-json\/wp\/v2\/pages\/55\/revisions\/603"}],"wp:attachment":[{"href":"https:\/\/blogsaverroes.juntadeandalucia.es\/loratamayobonares\/wp-json\/wp\/v2\/media?parent=55"}],"curies":[{"name":"wp","href":"https:\/\/api.w.org\/{rel}","templated":true}]}}