{"id":766,"date":"2022-10-13T09:42:52","date_gmt":"2022-10-13T08:42:52","guid":{"rendered":"https:\/\/blogsaverroes.juntadeandalucia.es\/loratamayobonares\/?page_id=766"},"modified":"2023-03-17T12:31:58","modified_gmt":"2023-03-17T11:31:58","slug":"proyecto-bilingue","status":"publish","type":"page","link":"https:\/\/blogsaverroes.juntadeandalucia.es\/loratamayobonares\/planes-y-proyectos\/proyecto-bilingue\/","title":{"rendered":"PROYECTO BILING\u00dcE"},"content":{"rendered":"<p><span style=\"font-size: 12pt\"><strong>INFORMATION SHEET FOR LANGUAGE ASSISTANTS.<\/strong><\/span><\/p>\n<p>Como cada curso, el a\u00f1o que viene esperamos poder contar con nuevos auxiliares de conversaci\u00f3n que nos enriquezcan ling\u00fc\u00edstica y culturalmente. Por ello, dejamos aqu\u00ed est\u00e1 ficha informativa sobre nuestro centro para todos aquellos aspirantes que se interesen por \u00e9l. \u00a1Ten\u00e9is las puertas abiertas! You are welcome!<\/p>\n<p>CLICK ON THE FOLLOWING LINK:<\/p>\n<p><em><strong><a href=\"https:\/\/blogsaverroes.juntadeandalucia.es\/loratamayobonares\/files\/2023\/03\/Information-Sheet-for-Language-Assistants.pdf\">Information Sheet for Language Assistants<\/a><\/strong><\/em><\/p>\n<p>&nbsp;<\/p>\n<p>Con motivo del D\u00eda de la Paz todo el cole se moviliz\u00f3 para la gran recogida de alimentos y productos de parafarmacia que enviar\u00edamos a Ucrania. Desde el Plan de Biling\u00fcismo de nuestro cole pensamos que ser\u00eda una gran idea crear un v\u00eddeo en ingl\u00e9s en el que explic\u00e1ramos a la asociaci\u00f3n ucraniana de contacto cu\u00e1l era el motivo de la actividad. Ha sido una oportunidad maravillosa para dirigirnos a personas que no hablan nuestro idioma practicando el ingl\u00e9s con un objetivo com\u00fan: hacerles llegar nuestro mensaje de apoyo, solidaridad y rechazo a la guerra. Aqu\u00ed os dejamos el enlace a nuestro v\u00eddeo, en el que algun@s alumn@s del centro hablaron ingl\u00e9s de la mejor de las maneras. \u00a1Esperamos que os guste!<\/p>\n<p><iframe loading=\"lazy\" src=\"\/\/www.youtube.com\/embed\/Dc9EAzjVSpE\" width=\"560\" height=\"315\" frameborder=\"0\"><\/iframe><\/p>\n<p>&nbsp;<\/p>\n<p>\u00a1Feliz a\u00f1o a todos y todas! Happy New Year everyone!<\/p>\n<p>Aqu\u00ed os dejamos un resumen de las actividades realizadas en el primer trimestre en el \u00e1rea biling\u00fce de Ciencias por nuestras auxiliares de conversaci\u00f3n. Juegos, canciones, m\u00edmica&#8230; De todo un poco para practicar la comprensi\u00f3n y expresi\u00f3n oral de forma divertida. Se han trabajado temas como\u00a0 <em>human body, rocks and minerals or jobs<\/em>, dependiendo del curso, as\u00ed como hemos celebrado <em>Halloween and Christmas.<\/em><\/p>\n<p>\u00bfPreparados para el segundo trimestre? Ready for the second term? See you soon!<\/p>\n<p><img loading=\"lazy\" decoding=\"async\" class=\"alignnone size-medium wp-image-811\" src=\"https:\/\/blogsaverroes.juntadeandalucia.es\/loratamayobonares\/files\/2023\/01\/IMG_20221115_100941-300x225.jpg\" alt=\"\" width=\"300\" height=\"225\" \/> <img loading=\"lazy\" decoding=\"async\" class=\"alignnone size-medium wp-image-819\" src=\"https:\/\/blogsaverroes.juntadeandalucia.es\/loratamayobonares\/files\/2023\/01\/IMG20221108122826-300x225.jpg\" alt=\"\" width=\"300\" height=\"225\" \/> <img loading=\"lazy\" decoding=\"async\" class=\"alignnone size-medium wp-image-818\" src=\"https:\/\/blogsaverroes.juntadeandalucia.es\/loratamayobonares\/files\/2023\/01\/IMG20221108122819-300x225.jpg\" alt=\"\" width=\"300\" height=\"225\" \/> <img loading=\"lazy\" decoding=\"async\" class=\"alignnone size-medium wp-image-817\" src=\"https:\/\/blogsaverroes.juntadeandalucia.es\/loratamayobonares\/files\/2023\/01\/IMG20221020123909-225x300.jpg\" alt=\"\" width=\"225\" height=\"300\" \/> <img loading=\"lazy\" decoding=\"async\" class=\"alignnone size-medium wp-image-816\" src=\"https:\/\/blogsaverroes.juntadeandalucia.es\/loratamayobonares\/files\/2023\/01\/IMG_20221115_101226-300x225.jpg\" alt=\"\" width=\"300\" height=\"225\" \/> <img loading=\"lazy\" decoding=\"async\" class=\"alignnone size-medium wp-image-815\" src=\"https:\/\/blogsaverroes.juntadeandalucia.es\/loratamayobonares\/files\/2023\/01\/IMG_20221115_101126-300x225.jpg\" alt=\"\" width=\"300\" height=\"225\" \/> <img loading=\"lazy\" decoding=\"async\" class=\"alignnone size-medium wp-image-810\" src=\"https:\/\/blogsaverroes.juntadeandalucia.es\/loratamayobonares\/files\/2023\/01\/IMG_20221115_100900-225x300.jpg\" alt=\"\" width=\"225\" height=\"300\" \/> <img loading=\"lazy\" decoding=\"async\" class=\"alignnone size-medium wp-image-812\" src=\"https:\/\/blogsaverroes.juntadeandalucia.es\/loratamayobonares\/files\/2023\/01\/IMG_20221115_100959-300x225.jpg\" alt=\"\" width=\"300\" height=\"225\" \/> <img loading=\"lazy\" decoding=\"async\" class=\"alignnone size-medium wp-image-813\" src=\"https:\/\/blogsaverroes.juntadeandalucia.es\/loratamayobonares\/files\/2023\/01\/IMG_20221115_101040-300x225.jpg\" alt=\"\" width=\"300\" height=\"225\" \/> <img loading=\"lazy\" decoding=\"async\" class=\"alignnone size-medium wp-image-814\" src=\"https:\/\/blogsaverroes.juntadeandalucia.es\/loratamayobonares\/files\/2023\/01\/IMG_20221115_101101-300x225.jpg\" alt=\"\" width=\"300\" height=\"225\" \/><\/p>\n<p>En esta p\u00e1gina os iremos presentando las actividades realizadas dentro del Proyecto Biling\u00fce.<\/p>\n<p>En este curso 22\/23 contaremos con 2 auxiliares de conversaci\u00f3n:<\/p>\n<ul>\n<li style=\"list-style-type: none\">\n<ul>\n<li>CANDACE ELIZABETH LUM<\/li>\n<li>ANGELINE MELODY BONILLA<\/li>\n<\/ul>\n<\/li>\n<\/ul>\n<p>Aqu\u00ed pod\u00e9is ver la informaci\u00f3n de nuestro cole y nuestro entorno que les hemos presentado. \u00bfQu\u00e9 os parece?<\/p>\n<div style=\"width: 100%\">\n<div style=\"padding-bottom: 56.25%;padding-top: 0;height: 0\"><iframe loading=\"lazy\" src=\"https:\/\/view.genial.ly\/632a1da3b16cb400187d1b23\" width=\"600\" height=\"325\" frameborder=\"0\" scrolling=\"yes\"><\/iframe><\/div>\n<\/div>\n<p>&nbsp;<\/p>\n","protected":false},"excerpt":{"rendered":"<p>INFORMATION SHEET FOR LANGUAGE ASSISTANTS. Como cada curso, el a\u00f1o que viene esperamos poder contar con nuevos auxiliares de conversaci\u00f3n que nos enriquezcan ling\u00fc\u00edstica y culturalmente. Por ello, dejamos aqu\u00ed est\u00e1 ficha informativa sobre nuestro centro para todos aquellos aspirantes que se interesen por \u00e9l. \u00a1Ten\u00e9is las puertas abiertas! You are welcome! CLICK ON THE [&hellip;]<\/p>\n","protected":false},"author":13126,"featured_media":0,"parent":55,"menu_order":0,"comment_status":"closed","ping_status":"closed","template":"","meta":{"_et_pb_use_builder":"","_et_pb_old_content":"","_et_gb_content_width":"","ngg_post_thumbnail":0,"footnotes":""},"aioseo_notices":[],"_links":{"self":[{"href":"https:\/\/blogsaverroes.juntadeandalucia.es\/loratamayobonares\/wp-json\/wp\/v2\/pages\/766"}],"collection":[{"href":"https:\/\/blogsaverroes.juntadeandalucia.es\/loratamayobonares\/wp-json\/wp\/v2\/pages"}],"about":[{"href":"https:\/\/blogsaverroes.juntadeandalucia.es\/loratamayobonares\/wp-json\/wp\/v2\/types\/page"}],"author":[{"embeddable":true,"href":"https:\/\/blogsaverroes.juntadeandalucia.es\/loratamayobonares\/wp-json\/wp\/v2\/users\/13126"}],"replies":[{"embeddable":true,"href":"https:\/\/blogsaverroes.juntadeandalucia.es\/loratamayobonares\/wp-json\/wp\/v2\/comments?post=766"}],"version-history":[{"count":15,"href":"https:\/\/blogsaverroes.juntadeandalucia.es\/loratamayobonares\/wp-json\/wp\/v2\/pages\/766\/revisions"}],"predecessor-version":[{"id":828,"href":"https:\/\/blogsaverroes.juntadeandalucia.es\/loratamayobonares\/wp-json\/wp\/v2\/pages\/766\/revisions\/828"}],"up":[{"embeddable":true,"href":"https:\/\/blogsaverroes.juntadeandalucia.es\/loratamayobonares\/wp-json\/wp\/v2\/pages\/55"}],"wp:attachment":[{"href":"https:\/\/blogsaverroes.juntadeandalucia.es\/loratamayobonares\/wp-json\/wp\/v2\/media?parent=766"}],"curies":[{"name":"wp","href":"https:\/\/api.w.org\/{rel}","templated":true}]}}