{"id":2268,"date":"2021-01-26T08:50:23","date_gmt":"2021-01-26T08:50:23","guid":{"rendered":"https:\/\/blogsaverroes.juntadeandalucia.es\/losalmendros\/?page_id=2268"},"modified":"2021-01-26T09:35:42","modified_gmt":"2021-01-26T09:35:42","slug":"pasen","status":"publish","type":"page","link":"https:\/\/blogsaverroes.juntadeandalucia.es\/losalmendros\/pasen\/","title":{"rendered":"Pasen"},"content":{"rendered":"<p><img decoding=\"async\" class=\"aligncenter\" src=\"https:\/\/blogsaverroes.juntadeandalucia.es\/ceiptiernogalvan\/files\/2019\/04\/Pasen2.0.jpg\"><\/p>\n<p>PASEN, es un m\u00f3dulo que forma parte de S\u00c9NECA y permite la comunicaci\u00f3n entre los distintos miembros de la comunidad educativa (tutores\/as legales, alumnado, cargos directivos y profesorado). Este servicio de valor a\u00f1adido se apoya en una aplicaci\u00f3n Web que act\u00faa de canal de comunicaci\u00f3n y que ofrece a todos los agentes de la Comunidad Educativa la posibilidad de mantener un di\u00e1logo fluido y cotidiano, a\u00fan para aquellos que por diversos motivos, ya sean personales, laborales o de cualquier otro origen, no puedan llevarlo a cabo del modo tradicional.<\/p>\n<p>Descargue el manual Pasen en el siguiente enlace:<\/p>\n<p><a href=\"https:\/\/blogsaverroes.juntadeandalucia.es\/losalmendros\/files\/2021\/01\/Manual_Pasen_perfil_Tutores-Legales.pdf\">Manual_Pasen_perfil_Tutores-Legales<\/a><\/p>\n<p><a href=\"https:\/\/blogsaverroes.juntadeandalucia.es\/losalmendros\/files\/2020\/04\/iPasencuadrado.png\"><img fetchpriority=\"high\" decoding=\"async\" class=\"size-full wp-image-2206 aligncenter\" src=\"https:\/\/blogsaverroes.juntadeandalucia.es\/losalmendros\/files\/2020\/04\/iPasencuadrado.png\" alt=\"\" width=\"225\" height=\"225\" srcset=\"https:\/\/blogsaverroes.juntadeandalucia.es\/losalmendros\/files\/2020\/04\/iPasencuadrado.png 225w, https:\/\/blogsaverroes.juntadeandalucia.es\/losalmendros\/files\/2020\/04\/iPasencuadrado-150x150.png 150w, https:\/\/blogsaverroes.juntadeandalucia.es\/losalmendros\/files\/2020\/04\/iPasencuadrado-100x100.png 100w, https:\/\/blogsaverroes.juntadeandalucia.es\/losalmendros\/files\/2020\/04\/iPasencuadrado-24x24.png 24w, https:\/\/blogsaverroes.juntadeandalucia.es\/losalmendros\/files\/2020\/04\/iPasencuadrado-36x36.png 36w, https:\/\/blogsaverroes.juntadeandalucia.es\/losalmendros\/files\/2020\/04\/iPasencuadrado-48x48.png 48w\" sizes=\"(max-width: 225px) 100vw, 225px\" \/><\/a><\/p>\n<p>iPasen, es la versi\u00f3n para dispositivos m\u00f3viles de PASEN, la aplicaci\u00f3n de acceso al seguimiento educativo de los alumnos y alumnas andaluces.<br \/>\nCon iPasen, los padres, madres y tutores\/as legales pueden hacer un seguimiento de las calificaciones, las faltas del alumnado, comunicarse con el tutor, etc.<\/p>\n<p>&nbsp;<\/p>\n<p>Aqu\u00ed podr\u00e1n ver algunos tutoriales que les pueden servir de ayuda:<\/p>\n<div id=\"info\" class=\"style-scope ytd-video-primary-info-renderer\"><a href=\"https:\/\/www.youtube.com\/watch?v=bjQmLlB_v14\">Autologin, instalaci\u00f3n y configuraci\u00f3n iPasen<\/a><\/div>\n<div>&nbsp;<\/div>\n<p><a href=\"https:\/\/www.youtube.com\/watch?v=7eeI4h4p5q4\">Uso de Pasen para alumnado madres y padres<\/a><\/p>\n<p><a href=\"https:\/\/www.youtube.com\/watch?v=wFPhplDvtXk\">Comunicaci\u00f3n familias-centro<\/a><\/p>\n<p><a href=\"https:\/\/www.youtube.com\/watch?v=reZTPK72m9U\">Descarga bolet\u00edn de notas desde el punto de recogida<\/a><\/p>\n<p><a href=\"https:\/\/www.youtube.com\/watch?v=RXztPN0qB3E\">Autorizaci\u00f3n para la recogida de alumnado<\/a><\/p>\n<p><a href=\"https:\/\/www.youtube.com\/watch?v=-9PxJkkSf0M\">Autorizaci\u00f3n de actividades&nbsp;<\/a><\/p>\n<p><a href=\"https:\/\/www.youtube.com\/watch?v=PkQABCDUuds\">Comunicaci\u00f3n de ausencia y justificaci\u00f3n de falta de asistencia<\/a><\/p>\n<p><a href=\"https:\/\/www.youtube.com\/watch?v=OEjs26MUoz0\">Firma de documentos oficiales del centro<\/a><\/p>\n<p>&nbsp;<\/p>\n","protected":false},"excerpt":{"rendered":"<p>PASEN, es un m\u00f3dulo que forma parte de S\u00c9NECA y permite la comunicaci\u00f3n entre los distintos miembros de la comunidad educativa (tutores\/as legales, alumnado, cargos directivos y profesorado). Este servicio de valor a\u00f1adido se&#46;&#46;&#46;<\/p>\n","protected":false},"author":11026,"featured_media":0,"parent":0,"menu_order":0,"comment_status":"closed","ping_status":"closed","template":"","meta":{"ngg_post_thumbnail":0,"footnotes":"","_mc_calendar":[]},"aioseo_notices":[],"_links":{"self":[{"href":"https:\/\/blogsaverroes.juntadeandalucia.es\/losalmendros\/wp-json\/wp\/v2\/pages\/2268"}],"collection":[{"href":"https:\/\/blogsaverroes.juntadeandalucia.es\/losalmendros\/wp-json\/wp\/v2\/pages"}],"about":[{"href":"https:\/\/blogsaverroes.juntadeandalucia.es\/losalmendros\/wp-json\/wp\/v2\/types\/page"}],"author":[{"embeddable":true,"href":"https:\/\/blogsaverroes.juntadeandalucia.es\/losalmendros\/wp-json\/wp\/v2\/users\/11026"}],"replies":[{"embeddable":true,"href":"https:\/\/blogsaverroes.juntadeandalucia.es\/losalmendros\/wp-json\/wp\/v2\/comments?post=2268"}],"version-history":[{"count":2,"href":"https:\/\/blogsaverroes.juntadeandalucia.es\/losalmendros\/wp-json\/wp\/v2\/pages\/2268\/revisions"}],"predecessor-version":[{"id":2278,"href":"https:\/\/blogsaverroes.juntadeandalucia.es\/losalmendros\/wp-json\/wp\/v2\/pages\/2268\/revisions\/2278"}],"wp:attachment":[{"href":"https:\/\/blogsaverroes.juntadeandalucia.es\/losalmendros\/wp-json\/wp\/v2\/media?parent=2268"}],"curies":[{"name":"wp","href":"https:\/\/api.w.org\/{rel}","templated":true}]}}