{"id":2289,"date":"2021-01-26T10:27:21","date_gmt":"2021-01-26T10:27:21","guid":{"rendered":"https:\/\/blogsaverroes.juntadeandalucia.es\/losalmendros\/?page_id=2289"},"modified":"2021-04-11T10:25:13","modified_gmt":"2021-04-11T10:25:13","slug":"ampa-la-ciguena","status":"publish","type":"page","link":"https:\/\/blogsaverroes.juntadeandalucia.es\/losalmendros\/ampa-la-ciguena\/","title":{"rendered":"AMPA \u00abLa Cig\u00fce\u00f1a\u00bb"},"content":{"rendered":"<p style=\"text-align: justify\">La Junta Directiva del <strong>curso 2020\/2021<\/strong> ha estado compuesta por las siguientes personas y cargos:<br \/>\nPresidencia: Mar\u00eda Eugenia Garc\u00eda Jarillo.<\/p>\n<p style=\"padding-left: 40px\"><strong>Secretaria<\/strong>: Teresa Martel Carrasco.<br \/>\n<strong>Tesorer\u00eda<\/strong>: In\u00e9s Pineda Torres.<br \/>\n<strong>Vocal\u00edas<\/strong>: Antonia Pineda Quir\u00f3s, Noelia Lozano Gavira.<\/p>\n<p style=\"text-align: justify\">La Asociaci\u00f3n tiene como objetivo no s\u00f3lo la programaci\u00f3n y desarrollo de actividades de ocio, sino tambi\u00e9n la defensa de los intereses del colegio, la colaboraci\u00f3n en la mejora de las instalaciones, y, fundamentalmente, la participaci\u00f3n y colaboraci\u00f3n en la mejora de las condiciones en las que se desarrolla la actividad docente y formativa de nuestros hijos e hijas.<br \/>\nA tal fin:<\/p>\n<ul style=\"list-style-type: disc\">\n<li style=\"text-align: justify\">Mantenemos reuniones con el Ayuntamiento, para exponerles necesidades del centro.<\/li>\n<li style=\"text-align: justify\">Participamos en actos del Ayuntamiento, siendo parte activa en los diferentes proyectos que este organiza, y que estimamos de inter\u00e9s.<\/li>\n<li style=\"text-align: justify\">Informamos y orientamos a las familias que nos lo solicitan, sobre aquellas cuestiones que nos plantean.<\/li>\n<li style=\"text-align: justify\">Proponemos actuaciones (y participamos en ellas), para la mejora continuada y la modernizaci\u00f3n del centro.<\/li>\n<li style=\"text-align: justify\">Organizamos y solicitamos la impartici\u00f3n de Charlas informativas y de formaci\u00f3n espec\u00edfica y de actualidad dirigidas especialmente a padres, madres y alumnos.<\/li>\n<\/ul>\n<p style=\"text-align: justify\">Las actividades del <strong>AMPA<\/strong> son dirigidas a:<\/p>\n<ul style=\"list-style-type: disc\">\n<li style=\"text-align: justify\">Alumnado matriculado en el centro.<\/li>\n<li style=\"text-align: justify\">Las familias del centro.<\/li>\n<li style=\"text-align: justify\">La comunidad educativa en general.<\/li>\n<li style=\"text-align: justify\">A los socios del AMPA.<\/li>\n<\/ul>\n","protected":false},"excerpt":{"rendered":"<p>La Junta Directiva del curso 2020\/2021 ha estado compuesta por las siguientes personas y cargos: Presidencia: Mar\u00eda Eugenia Garc\u00eda Jarillo. Secretaria: Teresa Martel Carrasco. Tesorer\u00eda: In\u00e9s Pineda Torres. Vocal\u00edas: Antonia Pineda Quir\u00f3s, Noelia Lozano&#46;&#46;&#46;<\/p>\n","protected":false},"author":11026,"featured_media":0,"parent":0,"menu_order":0,"comment_status":"closed","ping_status":"closed","template":"","meta":{"ngg_post_thumbnail":0,"footnotes":"","_mc_calendar":[]},"aioseo_notices":[],"_links":{"self":[{"href":"https:\/\/blogsaverroes.juntadeandalucia.es\/losalmendros\/wp-json\/wp\/v2\/pages\/2289"}],"collection":[{"href":"https:\/\/blogsaverroes.juntadeandalucia.es\/losalmendros\/wp-json\/wp\/v2\/pages"}],"about":[{"href":"https:\/\/blogsaverroes.juntadeandalucia.es\/losalmendros\/wp-json\/wp\/v2\/types\/page"}],"author":[{"embeddable":true,"href":"https:\/\/blogsaverroes.juntadeandalucia.es\/losalmendros\/wp-json\/wp\/v2\/users\/11026"}],"replies":[{"embeddable":true,"href":"https:\/\/blogsaverroes.juntadeandalucia.es\/losalmendros\/wp-json\/wp\/v2\/comments?post=2289"}],"version-history":[{"count":5,"href":"https:\/\/blogsaverroes.juntadeandalucia.es\/losalmendros\/wp-json\/wp\/v2\/pages\/2289\/revisions"}],"predecessor-version":[{"id":2471,"href":"https:\/\/blogsaverroes.juntadeandalucia.es\/losalmendros\/wp-json\/wp\/v2\/pages\/2289\/revisions\/2471"}],"wp:attachment":[{"href":"https:\/\/blogsaverroes.juntadeandalucia.es\/losalmendros\/wp-json\/wp\/v2\/media?parent=2289"}],"curies":[{"name":"wp","href":"https:\/\/api.w.org\/{rel}","templated":true}]}}