{"id":2321,"date":"2021-02-03T07:58:48","date_gmt":"2021-02-03T07:58:48","guid":{"rendered":"https:\/\/blogsaverroes.juntadeandalucia.es\/losalmendros\/?page_id=2321"},"modified":"2021-04-07T15:50:49","modified_gmt":"2021-04-07T15:50:49","slug":"infantil","status":"publish","type":"page","link":"https:\/\/blogsaverroes.juntadeandalucia.es\/losalmendros\/infantil\/","title":{"rendered":"Educaci\u00f3n Infantil"},"content":{"rendered":"\t\t<div data-elementor-type=\"wp-page\" data-elementor-id=\"2321\" class=\"elementor elementor-2321\">\n\t\t\t\t\t\t<section class=\"elementor-section elementor-top-section elementor-element elementor-element-5eb6963 elementor-section-boxed elementor-section-height-default elementor-section-height-default\" data-id=\"5eb6963\" data-element_type=\"section\">\n\t\t\t\t\t\t<div class=\"elementor-container elementor-column-gap-default\">\n\t\t\t\t\t<div class=\"elementor-column elementor-col-100 elementor-top-column elementor-element elementor-element-2b53c6b\" data-id=\"2b53c6b\" data-element_type=\"column\">\n\t\t\t<div class=\"elementor-widget-wrap elementor-element-populated\">\n\t\t\t\t\t\t<div class=\"elementor-element elementor-element-71f3c00 elementor-widget elementor-widget-text-editor\" data-id=\"71f3c00\" data-element_type=\"widget\" data-widget_type=\"text-editor.default\">\n\t\t\t\t<div class=\"elementor-widget-container\">\n\t\t\t\t\t\t\t\t\t<h2><strong>\u00c1REAS<\/strong><\/h2>\n<h5><span style=\"color: #3366ff\"><em>CONOCIMIENTO DE S\u00cd MISMO Y AUTONOM\u00cdA PERSONAL<\/em><\/span><\/h5>\n<h5><em><span style=\"color: #3366ff\">CONOCIMIENTO DEL ENTORNO<\/span><\/em><\/h5>\n<h5><em><span style=\"color: #3366ff\">LENGUAJE: COMUNICACI\u00d3N Y REPRESENTACI\u00d3N<\/span><\/em><\/h5>\t\t\t\t\t\t\t\t<\/div>\n\t\t\t\t<\/div>\n\t\t\t\t\t<\/div>\n\t\t<\/div>\n\t\t\t\t\t<\/div>\n\t\t<\/section>\n\t\t\t\t<section class=\"elementor-section elementor-top-section elementor-element elementor-element-31d2dd6 elementor-section-boxed elementor-section-height-default elementor-section-height-default\" data-id=\"31d2dd6\" data-element_type=\"section\">\n\t\t\t\t\t\t<div class=\"elementor-container elementor-column-gap-default\">\n\t\t\t\t\t<div class=\"elementor-column elementor-col-100 elementor-top-column elementor-element elementor-element-0535ecd\" data-id=\"0535ecd\" data-element_type=\"column\">\n\t\t\t<div class=\"elementor-widget-wrap\">\n\t\t\t\t\t\t\t<\/div>\n\t\t<\/div>\n\t\t\t\t\t<\/div>\n\t\t<\/section>\n\t\t\t\t<section class=\"elementor-section elementor-top-section elementor-element elementor-element-47954ae elementor-section-boxed elementor-section-height-default elementor-section-height-default\" data-id=\"47954ae\" data-element_type=\"section\">\n\t\t\t\t\t\t<div class=\"elementor-container elementor-column-gap-default\">\n\t\t\t\t\t<div class=\"elementor-column elementor-col-100 elementor-top-column elementor-element elementor-element-4fe6a81\" data-id=\"4fe6a81\" data-element_type=\"column\">\n\t\t\t<div class=\"elementor-widget-wrap elementor-element-populated\">\n\t\t\t\t\t\t<div class=\"elementor-element elementor-element-0cb0080 elementor-widget elementor-widget-heading\" data-id=\"0cb0080\" data-element_type=\"widget\" data-widget_type=\"heading.default\">\n\t\t\t\t<div class=\"elementor-widget-container\">\n\t\t\t\t\t<h4 class=\"elementor-heading-title elementor-size-default\">CONOCIMIENTO DE SI MISMO Y AUTONOM\u00cdA PERSONAL<\/h4>\t\t\t\t<\/div>\n\t\t\t\t<\/div>\n\t\t\t\t<div class=\"elementor-element elementor-element-aba3afd elementor-widget elementor-widget-text-editor\" data-id=\"aba3afd\" data-element_type=\"widget\" data-widget_type=\"text-editor.default\">\n\t\t\t\t<div class=\"elementor-widget-container\">\n\t\t\t\t\t\t\t\t\t<table style=\"border-collapse: collapse;width: 100%\"><tbody><tr><td style=\"width: 33.3333%\"><a href=\"http:\/\/olgacatasus.blogspot.com\/p\/3-anos.html\" target=\"_blank\" rel=\"noopener\"><img decoding=\"async\" class=\"aligncenter size-full wp-image-2397\" src=\"https:\/\/blogsaverroes.juntadeandalucia.es\/losalmendros\/files\/2021\/04\/Tic-3-a\u00f1os.png\" alt=\"\" width=\"137\" height=\"81\" \/><\/a><\/td><td style=\"width: 33.3333%\"><h2 style=\"text-align: center\">TIC 3 a\u00f1os<\/h2><\/td><td style=\"width: 33.3333%;text-align: justify\">Introducci\u00f3n al alumnado en las partes del ordenador y destrezas b\u00e1sicas: manejo del rat\u00f3n, uso del bot\u00f3n izquierdo y arrastre de objetos.<\/td><\/tr><tr><td style=\"width: 33.3333%\"><a href=\"https:\/\/www.vedoque.com\/\" target=\"_blank\" rel=\"noopener\"><img decoding=\"async\" class=\"aligncenter size-full wp-image-2402\" src=\"https:\/\/blogsaverroes.juntadeandalucia.es\/losalmendros\/files\/2021\/04\/Vedoque.png\" alt=\"\" width=\"139\" height=\"101\" \/><\/a><\/td><td style=\"width: 33.3333%\"><h2 style=\"text-align: center\">Vedoque<\/h2><\/td><td style=\"width: 33.3333%;text-align: justify\">Juegos educativos y experiencias pr\u00e1cticas.<\/td><\/tr><tr><td style=\"width: 33.3333%\"><a href=\"http:\/\/www.pipoclub.com\/juegos-para-ninos-gratis\/index.html\" target=\"_blank\" rel=\"noopener\"><img decoding=\"async\" class=\"aligncenter size-full wp-image-2401\" src=\"https:\/\/blogsaverroes.juntadeandalucia.es\/losalmendros\/files\/2021\/04\/Pipoclub.png\" alt=\"\" width=\"141\" height=\"82\" \/><\/a><\/td><td style=\"width: 33.3333%\"><h2 style=\"text-align: center\">Pipoclub<\/h2><\/td><td style=\"width: 33.3333%;text-align: justify\">Juegos educativos para el alumnado.<\/td><\/tr><\/tbody><\/table><p><\/p><\/div><\/div><\/div><\/div><\/div><\/section><\/div> <a href=\"https:\/\/blogsaverroes.juntadeandalucia.es\/losalmendros\/infantil\/#more-2321\" class=\"more-link elementor-more-link\"><span aria-label=\"Sigue leyendo Educaci\u00f3n Infantil\">(m\u00e1s&hellip;)<\/span><\/a>","protected":false},"excerpt":{"rendered":"<p>\u00c1REAS CONOCIMIENTO DE S\u00cd MISMO Y AUTONOM\u00cdA PERSONAL CONOCIMIENTO DEL ENTORNO LENGUAJE: COMUNICACI\u00d3N Y REPRESENTACI\u00d3N CONOCIMIENTO DE SI MISMO Y AUTONOM\u00cdA PERSONAL TIC 3 a\u00f1os Introducci\u00f3n al alumnado en las partes del ordenador y&#46;&#46;&#46;<\/p>\n","protected":false},"author":11026,"featured_media":0,"parent":0,"menu_order":0,"comment_status":"closed","ping_status":"closed","template":"","meta":{"ngg_post_thumbnail":0,"footnotes":"","_mc_calendar":[]},"aioseo_notices":[],"_links":{"self":[{"href":"https:\/\/blogsaverroes.juntadeandalucia.es\/losalmendros\/wp-json\/wp\/v2\/pages\/2321"}],"collection":[{"href":"https:\/\/blogsaverroes.juntadeandalucia.es\/losalmendros\/wp-json\/wp\/v2\/pages"}],"about":[{"href":"https:\/\/blogsaverroes.juntadeandalucia.es\/losalmendros\/wp-json\/wp\/v2\/types\/page"}],"author":[{"embeddable":true,"href":"https:\/\/blogsaverroes.juntadeandalucia.es\/losalmendros\/wp-json\/wp\/v2\/users\/11026"}],"replies":[{"embeddable":true,"href":"https:\/\/blogsaverroes.juntadeandalucia.es\/losalmendros\/wp-json\/wp\/v2\/comments?post=2321"}],"version-history":[{"count":8,"href":"https:\/\/blogsaverroes.juntadeandalucia.es\/losalmendros\/wp-json\/wp\/v2\/pages\/2321\/revisions"}],"predecessor-version":[{"id":2417,"href":"https:\/\/blogsaverroes.juntadeandalucia.es\/losalmendros\/wp-json\/wp\/v2\/pages\/2321\/revisions\/2417"}],"wp:attachment":[{"href":"https:\/\/blogsaverroes.juntadeandalucia.es\/losalmendros\/wp-json\/wp\/v2\/media?parent=2321"}],"curies":[{"name":"wp","href":"https:\/\/api.w.org\/{rel}","templated":true}]}}