{"id":2626,"date":"2022-04-26T14:24:40","date_gmt":"2022-04-26T14:24:40","guid":{"rendered":"https:\/\/blogsaverroes.juntadeandalucia.es\/losalmendros\/?page_id=2626"},"modified":"2022-04-26T14:49:08","modified_gmt":"2022-04-26T14:49:08","slug":"proyectos-steam","status":"publish","type":"page","link":"https:\/\/blogsaverroes.juntadeandalucia.es\/losalmendros\/proyectos-steam\/","title":{"rendered":"Proyectos STEAM"},"content":{"rendered":"<p><a href=\"https:\/\/blogsaverroes.juntadeandalucia.es\/losalmendros\/files\/2022\/04\/1_zXVEk_7Kh2ovaZQGPAfOcQ.png\"><img fetchpriority=\"high\" decoding=\"async\" class=\"aligncenter size-full wp-image-2648\" src=\"https:\/\/blogsaverroes.juntadeandalucia.es\/losalmendros\/files\/2022\/04\/1_zXVEk_7Kh2ovaZQGPAfOcQ.png\" alt=\"\" width=\"1000\" height=\"454\" srcset=\"https:\/\/blogsaverroes.juntadeandalucia.es\/losalmendros\/files\/2022\/04\/1_zXVEk_7Kh2ovaZQGPAfOcQ.png 1000w, https:\/\/blogsaverroes.juntadeandalucia.es\/losalmendros\/files\/2022\/04\/1_zXVEk_7Kh2ovaZQGPAfOcQ-300x136.png 300w, https:\/\/blogsaverroes.juntadeandalucia.es\/losalmendros\/files\/2022\/04\/1_zXVEk_7Kh2ovaZQGPAfOcQ-768x349.png 768w\" sizes=\"(max-width: 1000px) 100vw, 1000px\" \/><\/a><\/p>\n<p>La Metodolog\u00eda STEAM (Ciencias, Tecnolog\u00eda, Ingenier\u00eda, Artes y Matem\u00e1ticas) es un&nbsp;<strong>modelo de aprendizaje<\/strong>&nbsp;basado en la ense\u00f1anza de estas disciplinas de manera integrada en lugar de \u00e1reas de conocimiento separadas, con un enfoque interdisciplinar y aplicado. Algunos de los beneficios pedag\u00f3gicos que se le asocian son la promoci\u00f3n de una cultura de&nbsp;<strong>pensamiento cient\u00edfico<\/strong>&nbsp;para la toma de decisiones del alumnado; la adquisici\u00f3n de conocimientos tecnol\u00f3gicos y cient\u00edficos aplicables a cualquier posible situaci\u00f3n que pueda aparecer en el futuro, desde una perspectiva integrada; mayor conciencia de las relaciones entre las diferentes \u00e1reas del saber, asegurando un mayor grado de participaci\u00f3n activa en los proyectos resultantes; y gracias al factor creativo, desarrolla tambi\u00e9n la innovaci\u00f3n y el pensamiento lateral.<\/p>\n","protected":false},"excerpt":{"rendered":"<p>La Metodolog\u00eda STEAM (Ciencias, Tecnolog\u00eda, Ingenier\u00eda, Artes y Matem\u00e1ticas) es un&nbsp;modelo de aprendizaje&nbsp;basado en la ense\u00f1anza de estas disciplinas de manera integrada en lugar de \u00e1reas de conocimiento separadas, con un enfoque interdisciplinar y&#46;&#46;&#46;<\/p>\n","protected":false},"author":11026,"featured_media":0,"parent":0,"menu_order":0,"comment_status":"closed","ping_status":"closed","template":"","meta":{"ngg_post_thumbnail":0,"footnotes":"","_mc_calendar":[]},"aioseo_notices":[],"_links":{"self":[{"href":"https:\/\/blogsaverroes.juntadeandalucia.es\/losalmendros\/wp-json\/wp\/v2\/pages\/2626"}],"collection":[{"href":"https:\/\/blogsaverroes.juntadeandalucia.es\/losalmendros\/wp-json\/wp\/v2\/pages"}],"about":[{"href":"https:\/\/blogsaverroes.juntadeandalucia.es\/losalmendros\/wp-json\/wp\/v2\/types\/page"}],"author":[{"embeddable":true,"href":"https:\/\/blogsaverroes.juntadeandalucia.es\/losalmendros\/wp-json\/wp\/v2\/users\/11026"}],"replies":[{"embeddable":true,"href":"https:\/\/blogsaverroes.juntadeandalucia.es\/losalmendros\/wp-json\/wp\/v2\/comments?post=2626"}],"version-history":[{"count":3,"href":"https:\/\/blogsaverroes.juntadeandalucia.es\/losalmendros\/wp-json\/wp\/v2\/pages\/2626\/revisions"}],"predecessor-version":[{"id":2650,"href":"https:\/\/blogsaverroes.juntadeandalucia.es\/losalmendros\/wp-json\/wp\/v2\/pages\/2626\/revisions\/2650"}],"wp:attachment":[{"href":"https:\/\/blogsaverroes.juntadeandalucia.es\/losalmendros\/wp-json\/wp\/v2\/media?parent=2626"}],"curies":[{"name":"wp","href":"https:\/\/api.w.org\/{rel}","templated":true}]}}