{"id":35,"date":"2015-03-13T08:21:43","date_gmt":"2015-03-13T08:21:43","guid":{"rendered":"http:\/\/blogsaverroes.juntadeandalucia.es\/pre\/ceip\/?page_id=35"},"modified":"2021-04-11T08:38:25","modified_gmt":"2021-04-11T08:38:25","slug":"el-centro-2","status":"publish","type":"page","link":"https:\/\/blogsaverroes.juntadeandalucia.es\/losalmendros\/el-centro-2\/","title":{"rendered":"Datos del centro"},"content":{"rendered":"\t\t<div data-elementor-type=\"wp-page\" data-elementor-id=\"35\" class=\"elementor elementor-35\">\n\t\t\t\t\t\t<section class=\"elementor-section elementor-top-section elementor-element elementor-element-4e920c34 elementor-section-boxed elementor-section-height-default elementor-section-height-default\" data-id=\"4e920c34\" data-element_type=\"section\">\n\t\t\t\t\t\t<div class=\"elementor-container elementor-column-gap-default\">\n\t\t\t\t\t<div class=\"elementor-column elementor-col-100 elementor-top-column elementor-element elementor-element-1ad120be\" data-id=\"1ad120be\" data-element_type=\"column\">\n\t\t\t<div class=\"elementor-widget-wrap elementor-element-populated\">\n\t\t\t\t\t\t<div class=\"elementor-element elementor-element-908a2cf elementor-widget elementor-widget-google_maps\" data-id=\"908a2cf\" data-element_type=\"widget\" data-widget_type=\"google_maps.default\">\n\t\t\t\t<div class=\"elementor-widget-container\">\n\t\t\t\t\t\t\t<div class=\"elementor-custom-embed\">\n\t\t\t<iframe loading=\"lazy\"\n\t\t\t\t\tsrc=\"https:\/\/maps.google.com\/maps?q=ceip%20los%20almendros%20secadero&#038;t=m&#038;z=11&#038;output=embed&#038;iwloc=near\"\n\t\t\t\t\ttitle=\"ceip los almendros secadero\"\n\t\t\t\t\taria-label=\"ceip los almendros secadero\"\n\t\t\t><\/iframe>\n\t\t<\/div>\n\t\t\t\t\t\t<\/div>\n\t\t\t\t<\/div>\n\t\t\t\t<div class=\"elementor-element elementor-element-214c2d74 elementor-widget elementor-widget-text-editor\" data-id=\"214c2d74\" data-element_type=\"widget\" data-widget_type=\"text-editor.default\">\n\t\t\t\t<div class=\"elementor-widget-container\">\n\t\t\t\t\t\t\t\t\t<p>\u00a0<\/p><h4><span style=\"color: #993366\"><strong>Centro de Educaci\u00f3n Infantil y Primaria &lt;&lt;Los Almendros&gt;&gt;<\/strong><\/span><\/h4><p><strong>Direcci\u00f3n:<\/strong> \u00a0Calle Los naranjos s\/n. El Secadero, Casares, 29692 M\u00e1laga<\/p><p><strong>Tel\u00e9fono: 951270606 \/ 671537624<\/strong><br \/><strong>Email:<\/strong><\/p><p style=\"padding-left: 40px\">29010614.edu@juntadeandalucia.es<\/p><p style=\"padding-left: 40px\">secretaria@ceiplosalmendros.com<\/p><h4><strong>Horarios<\/strong><\/h4><p>Horario lectivo: de lunes a viernes de 9.00 a 14 horas.<\/p><p>Aula matinal: de lunes a viernes de 7.30 a 9.00 horas.<\/p><p>Comedor escolar:<\/p><ul><li>lunes a jueves de 14.00 a 16.00 horas<\/li><li>viernes de 14:00 a 15:30 h<\/li><\/ul><h4><strong>Oferta educativa<\/strong><\/h4><p>En nuestro centro se imparte el segundo ciclo de Educaci\u00f3n Infatil, que abarca de los 3 a los 6 a\u00f1os; y Educaci\u00f3n Primaria, de 6 a 12 a\u00f1os.\u00a0<\/p>\t\t\t\t\t\t\t\t<\/div>\n\t\t\t\t<\/div>\n\t\t\t\t\t<\/div>\n\t\t<\/div>\n\t\t\t\t\t<\/div>\n\t\t<\/section>\n\t\t\t\t<\/div>\n\t\t","protected":false},"excerpt":{"rendered":"<p>\u00a0 Centro de Educaci\u00f3n Infantil y Primaria &lt;&lt;Los Almendros&gt;&gt; Direcci\u00f3n: \u00a0Calle Los naranjos s\/n. El Secadero, Casares, 29692 M\u00e1laga Tel\u00e9fono: 951270606 \/ 671537624Email: 29010614.edu@juntadeandalucia.es secretaria@ceiplosalmendros.com Horarios Horario lectivo: de lunes a viernes de 9.00&#46;&#46;&#46;<\/p>\n","protected":false},"author":1,"featured_media":0,"parent":0,"menu_order":0,"comment_status":"closed","ping_status":"open","template":"","meta":{"ngg_post_thumbnail":0,"footnotes":"","_mc_calendar":[]},"aioseo_notices":[],"_links":{"self":[{"href":"https:\/\/blogsaverroes.juntadeandalucia.es\/losalmendros\/wp-json\/wp\/v2\/pages\/35"}],"collection":[{"href":"https:\/\/blogsaverroes.juntadeandalucia.es\/losalmendros\/wp-json\/wp\/v2\/pages"}],"about":[{"href":"https:\/\/blogsaverroes.juntadeandalucia.es\/losalmendros\/wp-json\/wp\/v2\/types\/page"}],"author":[{"embeddable":true,"href":"https:\/\/blogsaverroes.juntadeandalucia.es\/losalmendros\/wp-json\/wp\/v2\/users\/1"}],"replies":[{"embeddable":true,"href":"https:\/\/blogsaverroes.juntadeandalucia.es\/losalmendros\/wp-json\/wp\/v2\/comments?post=35"}],"version-history":[{"count":27,"href":"https:\/\/blogsaverroes.juntadeandalucia.es\/losalmendros\/wp-json\/wp\/v2\/pages\/35\/revisions"}],"predecessor-version":[{"id":2435,"href":"https:\/\/blogsaverroes.juntadeandalucia.es\/losalmendros\/wp-json\/wp\/v2\/pages\/35\/revisions\/2435"}],"wp:attachment":[{"href":"https:\/\/blogsaverroes.juntadeandalucia.es\/losalmendros\/wp-json\/wp\/v2\/media?parent=35"}],"curies":[{"name":"wp","href":"https:\/\/api.w.org\/{rel}","templated":true}]}}