{"id":223,"date":"2019-03-23T17:45:31","date_gmt":"2019-03-23T17:45:31","guid":{"rendered":"https:\/\/blogsaverroes.juntadeandalucia.es\/loscerditosrosas\/?page_id=223"},"modified":"2019-03-23T18:13:49","modified_gmt":"2019-03-23T18:13:49","slug":"como-puedo-compartir-recursos","status":"publish","type":"page","link":"https:\/\/blogsaverroes.juntadeandalucia.es\/loscerditosrosas\/como-puedo-compartir-recursos\/","title":{"rendered":"\u00bfC\u00f3mo puedo compartir recursos?"},"content":{"rendered":"<p>Este blog solo puede funcionar con la ayuda de todos los profesores a los que va dirigido&nbsp; (<strong>profesores de&nbsp;<\/strong><strong>Econom\u00eda, FOL, Administraci\u00f3n de Empresas, PGA, Procesos Comerciales y Organizaci\u00f3n y Gesti\u00f3n Comercial<\/strong>), as\u00ed que el valor de vuestras aportaciones es incalculable: Cualquier actividad o recurso educativo, pel\u00edculas recomendadas, visitas a empresas, concursos o competiciones organizadas por empresas para estudiantes, todo tiene cabida en este blog.<\/p>\n<p>Para poder compartir recursos necesito vuestro <strong>nombre y apellidos (o nombre de usuario)<\/strong> y una <strong>direcci\u00f3n de correo electr\u00f3nico<\/strong>. Me envi\u00e1is esa informaci\u00f3n a la siguiente direcci\u00f3n de correo electr\u00f3nico:<\/p>\n<p><a href=\"mailto:dmarbae@gmail.com\">dmarbae@gmail.com<\/a><\/p>\n<p>y os dar\u00e9 de alta como usuarios para que pod\u00e1is escribir posts a trav\u00e9s de WordPress.<\/p>\n<p>Elaborar\u00e9 pr\u00f3ximamente un manual para manejar el escritorio y que os resulte muy f\u00e1cil publicar las entradas.<\/p>\n<p><strong>Todos aprenderemos de todos. \u00a1Animaos a compartir recursos y actividades!<\/strong><\/p>\n","protected":false},"excerpt":{"rendered":"<p>Este blog solo puede funcionar con la ayuda de todos los profesores a los que va dirigido&nbsp; (profesores de&nbsp;Econom\u00eda, FOL, Administraci\u00f3n de Empresas, PGA, Procesos Comerciales y Organizaci\u00f3n y Gesti\u00f3n Comercial), as\u00ed que el&#46;&#46;&#46;<\/p>\n","protected":false},"author":7050,"featured_media":0,"parent":0,"menu_order":0,"comment_status":"closed","ping_status":"closed","template":"","meta":{"ngg_post_thumbnail":0,"footnotes":""},"aioseo_notices":[],"_links":{"self":[{"href":"https:\/\/blogsaverroes.juntadeandalucia.es\/loscerditosrosas\/wp-json\/wp\/v2\/pages\/223"}],"collection":[{"href":"https:\/\/blogsaverroes.juntadeandalucia.es\/loscerditosrosas\/wp-json\/wp\/v2\/pages"}],"about":[{"href":"https:\/\/blogsaverroes.juntadeandalucia.es\/loscerditosrosas\/wp-json\/wp\/v2\/types\/page"}],"author":[{"embeddable":true,"href":"https:\/\/blogsaverroes.juntadeandalucia.es\/loscerditosrosas\/wp-json\/wp\/v2\/users\/7050"}],"replies":[{"embeddable":true,"href":"https:\/\/blogsaverroes.juntadeandalucia.es\/loscerditosrosas\/wp-json\/wp\/v2\/comments?post=223"}],"version-history":[{"count":12,"href":"https:\/\/blogsaverroes.juntadeandalucia.es\/loscerditosrosas\/wp-json\/wp\/v2\/pages\/223\/revisions"}],"predecessor-version":[{"id":236,"href":"https:\/\/blogsaverroes.juntadeandalucia.es\/loscerditosrosas\/wp-json\/wp\/v2\/pages\/223\/revisions\/236"}],"wp:attachment":[{"href":"https:\/\/blogsaverroes.juntadeandalucia.es\/loscerditosrosas\/wp-json\/wp\/v2\/media?parent=223"}],"curies":[{"name":"wp","href":"https:\/\/api.w.org\/{rel}","templated":true}]}}