{"id":36,"date":"2019-02-19T10:13:31","date_gmt":"2019-02-19T10:13:31","guid":{"rendered":"https:\/\/blogsaverroes.juntadeandalucia.es\/loscerditosrosas\/?page_id=36"},"modified":"2019-02-19T10:37:43","modified_gmt":"2019-02-19T10:37:43","slug":"como-contactarme","status":"publish","type":"page","link":"https:\/\/blogsaverroes.juntadeandalucia.es\/loscerditosrosas\/como-contactarme\/","title":{"rendered":"C\u00f3mo contactarme"},"content":{"rendered":"<p>Para cualquier informaci\u00f3n que necesites o sugerencia que quieras hacer, no dudes en ponerte en contacto conmigo a trav\u00e9s de la siguiente direcci\u00f3n de correo electr\u00f3nico:<\/p>\n<p><a href=\"mailto:dmarbae@gmail.com\">dmarbae@gmail.com<\/a><\/p>\n<p>&nbsp;<\/p>\n","protected":false},"excerpt":{"rendered":"<p>Para cualquier informaci\u00f3n que necesites o sugerencia que quieras hacer, no dudes en ponerte en contacto conmigo a trav\u00e9s de la siguiente direcci\u00f3n de correo electr\u00f3nico: dmarbae@gmail.com &nbsp;<\/p>\n","protected":false},"author":7050,"featured_media":0,"parent":0,"menu_order":10,"comment_status":"closed","ping_status":"closed","template":"","meta":{"ngg_post_thumbnail":0,"footnotes":""},"aioseo_notices":[],"_links":{"self":[{"href":"https:\/\/blogsaverroes.juntadeandalucia.es\/loscerditosrosas\/wp-json\/wp\/v2\/pages\/36"}],"collection":[{"href":"https:\/\/blogsaverroes.juntadeandalucia.es\/loscerditosrosas\/wp-json\/wp\/v2\/pages"}],"about":[{"href":"https:\/\/blogsaverroes.juntadeandalucia.es\/loscerditosrosas\/wp-json\/wp\/v2\/types\/page"}],"author":[{"embeddable":true,"href":"https:\/\/blogsaverroes.juntadeandalucia.es\/loscerditosrosas\/wp-json\/wp\/v2\/users\/7050"}],"replies":[{"embeddable":true,"href":"https:\/\/blogsaverroes.juntadeandalucia.es\/loscerditosrosas\/wp-json\/wp\/v2\/comments?post=36"}],"version-history":[{"count":4,"href":"https:\/\/blogsaverroes.juntadeandalucia.es\/loscerditosrosas\/wp-json\/wp\/v2\/pages\/36\/revisions"}],"predecessor-version":[{"id":40,"href":"https:\/\/blogsaverroes.juntadeandalucia.es\/loscerditosrosas\/wp-json\/wp\/v2\/pages\/36\/revisions\/40"}],"wp:attachment":[{"href":"https:\/\/blogsaverroes.juntadeandalucia.es\/loscerditosrosas\/wp-json\/wp\/v2\/media?parent=36"}],"curies":[{"name":"wp","href":"https:\/\/api.w.org\/{rel}","templated":true}]}}