{"id":2350,"date":"2020-05-18T16:43:15","date_gmt":"2020-05-18T16:43:15","guid":{"rendered":"https:\/\/blogsaverroes.juntadeandalucia.es\/losjardinillos\/?page_id=2350"},"modified":"2020-09-17T09:32:12","modified_gmt":"2020-09-17T09:32:12","slug":"planes-que-impartimos","status":"publish","type":"page","link":"https:\/\/blogsaverroes.juntadeandalucia.es\/losjardinillos\/planes-que-impartimos\/","title":{"rendered":"Planes que impartimos"},"content":{"rendered":"<p>Para el curso escolar 2020 &#8211; 2021, nuestro Centro oferta los siguiente planes educativos:<\/p>\n<ul>\n<li>Preparaci\u00f3n para las Pruebas Libres de Graduado en ESO.<\/li>\n<li>Tutor\u00eda de Apoyo al Estudio (Graduado en ESO).<\/li>\n<li>Preparaci\u00f3n para las Pruebas de Acceso a la Universidad para mayores de 25 y 45 a\u00f1os.<\/li>\n<li>Preparaci\u00f3n para las Pruebas Libres &nbsp;de Acceso a Ciclos Formativos.<\/li>\n<li>Uso B\u00e1sico de Idiomas (ingl\u00e9s y franc\u00e9s).<\/li>\n<li>Inform\u00e1tica.<\/li>\n<li>Plan de H\u00e1bitos de Vida Saludable.<\/li>\n<li>Plan de Cultura Emprendedora.<\/li>\n<li>Plan de Interculturalidad.<\/li>\n<\/ul>\n<p>Si pinchas en el submen\u00fa \u00ab<a href=\"https:\/\/blogsaverroes.juntadeandalucia.es\/losjardinillos\/matriculacion\/\"><span style=\"color: #003366\"><strong>Matriculaci\u00f3n<\/strong><\/span><\/a>\u00bb del men\u00fa \u00ab<strong><span style=\"color: #003366\">Oferta educativa<\/span><\/strong>\u00bb obtendr\u00e1s informaci\u00f3n sobre plazos, horarios&#8230;<\/p>\n<p>Si pinchas en el submen\u00fa \u00ab<a href=\"https:\/\/blogsaverroes.juntadeandalucia.es\/losjardinillos\/oferta-educativa\/\"><span style=\"color: #003366\"><strong>Conoce nuestro Planes<\/strong><\/span><\/a>\u00bb del men\u00fa <strong>\u00ab<span style=\"color: #003366\">Oferta educativa<\/span>\u00ab<\/strong>, te explicamos en qu\u00e9 consisten los distintos planes.<\/p>\n","protected":false},"excerpt":{"rendered":"<p>Para el curso escolar 2020 &#8211; 2021, nuestro Centro oferta los siguiente planes educativos: Preparaci\u00f3n para las Pruebas Libres de Graduado en ESO. Tutor\u00eda de&hellip;<\/p>\n","protected":false},"author":6462,"featured_media":0,"parent":0,"menu_order":0,"comment_status":"closed","ping_status":"closed","template":"","meta":{"ngg_post_thumbnail":0,"footnotes":"","_mc_calendar":[]},"aioseo_notices":[],"_links":{"self":[{"href":"https:\/\/blogsaverroes.juntadeandalucia.es\/losjardinillos\/wp-json\/wp\/v2\/pages\/2350"}],"collection":[{"href":"https:\/\/blogsaverroes.juntadeandalucia.es\/losjardinillos\/wp-json\/wp\/v2\/pages"}],"about":[{"href":"https:\/\/blogsaverroes.juntadeandalucia.es\/losjardinillos\/wp-json\/wp\/v2\/types\/page"}],"author":[{"embeddable":true,"href":"https:\/\/blogsaverroes.juntadeandalucia.es\/losjardinillos\/wp-json\/wp\/v2\/users\/6462"}],"replies":[{"embeddable":true,"href":"https:\/\/blogsaverroes.juntadeandalucia.es\/losjardinillos\/wp-json\/wp\/v2\/comments?post=2350"}],"version-history":[{"count":8,"href":"https:\/\/blogsaverroes.juntadeandalucia.es\/losjardinillos\/wp-json\/wp\/v2\/pages\/2350\/revisions"}],"predecessor-version":[{"id":2806,"href":"https:\/\/blogsaverroes.juntadeandalucia.es\/losjardinillos\/wp-json\/wp\/v2\/pages\/2350\/revisions\/2806"}],"wp:attachment":[{"href":"https:\/\/blogsaverroes.juntadeandalucia.es\/losjardinillos\/wp-json\/wp\/v2\/media?parent=2350"}],"curies":[{"name":"wp","href":"https:\/\/api.w.org\/{rel}","templated":true}]}}