{"id":2389,"date":"2020-05-19T10:38:38","date_gmt":"2020-05-19T10:38:38","guid":{"rendered":"https:\/\/blogsaverroes.juntadeandalucia.es\/losjardinillos\/?page_id=2389"},"modified":"2022-09-23T09:23:17","modified_gmt":"2022-09-23T09:23:17","slug":"oferta-educativa","status":"publish","type":"page","link":"https:\/\/blogsaverroes.juntadeandalucia.es\/losjardinillos\/oferta-educativa\/","title":{"rendered":"Conoce nuestro Planes"},"content":{"rendered":"<p style=\"text-align: justify\">A continuaci\u00f3n te explicamos en qu\u00e9 consisten los diferentes planes, aunque te invitamos a pasar por el Centro y conocernos en persona.<\/p>\n<ul>\n<li style=\"text-align: justify\"><span style=\"color: #003366\"><strong>Preparaci\u00f3n para las Pruebas Libres del Graduado en ESO<\/strong><\/span>. El objetivo primordial de este plan es el de preparar al alumnado para superar las Pruebas Libres para la obtenci\u00f3n del Graduado en ESO, que normalmente se convocan dos veces al a\u00f1o, en los meses de abril y junio. El \u00fanico requisito que necesitas tener es ser mayor de 18 a\u00f1os.<\/li>\n<li style=\"text-align: justify\"><span style=\"color: #003366\"><strong>Tutor\u00eda de Apoyo al Estudio (Graduado en ESO)<\/strong><\/span>. El objetivo es el mismo que el del plan anterior, es decir, conseguir la titulaci\u00f3n de Graduado en ESO al finalizar el curso. La \u00fanica diferencia est\u00e1 en que este plan se desarrolla en colaboraci\u00f3n con el IES San Juan Bosco de Ja\u00e9n y la evaluaci\u00f3n se hace por trimestres. Al contrario que el plan anterior, adem\u00e1s de tener 18 a\u00f1os deber\u00e1s cumplir alguno de estos supuestos para poderte matricular en el plan: disponer el Graduado Escolar EGB, tener alg\u00fan \u00e1mbito aprobado en convocatorias pasadas de las Pruebas Libres de Graduado en ESO o haber superado el primer ciclo de la ESO.<\/li>\n<li style=\"text-align: justify\"><span style=\"color: #003366\"><strong>Preparaci\u00f3n para las Pruebas de Acceso a la Universidad para mayores de 25 y 45 a\u00f1os<\/strong><\/span>. Este plan pretende formar al alumnado en los contenidos pertinentes que le permitan superar la Prueba de Acceso a la Universidad. Para aquellos que accedan por la v\u00eda de +45, comentar que el examen consistir\u00e1 en una prueba de lengua castellana y un comentario de texto. Para aquellos alumnos que opten por la v\u00eda de +25, el examen se dividir\u00e1 en dos partes: parte A (lengua castellana, comentario de texto e idioma) y parte B (dos materias espec\u00edficas seg\u00fan la rama en la que queramos matricularnos en el futuro).<\/li>\n<li style=\"text-align: justify\"><span style=\"color: #003366\"><strong>Uso B\u00e1sico de Idiomas (ingl\u00e9s)<\/strong><\/span>. El alumnado matriculado en este plan accede a una formaci\u00f3n en idiomas que va, a trav\u00e9s de varios grupos, desde lo m\u00e1s b\u00e1sico, hasta la posibilidad de titular con una certificaci\u00f3n de B1 o B2.<\/li>\n<li style=\"text-align: justify\"><span style=\"color: #003366\"><strong>Inform\u00e1tica<\/strong><\/span>. Formaci\u00f3n b\u00e1sica en nuevas tecnolog\u00edas, uso del m\u00f3vil, certificado difital\/c@lave, manejo del sistema operativo Guadalinex\/Windows, estudio del procesador de textos y la hoja de c\u00e1lculo, creaci\u00f3n de presentaciones y un largo etc\u00e9tera, siempre adaptado al alumnado.<\/li>\n<li style=\"text-align: justify\"><span style=\"color: #003366\"><strong>Plan de H\u00e1bitos de Vida Saludable<\/strong><\/span>. En esta modalidad se sit\u00faan nuestros alumnos y alumnas m\u00e1s veteranos. El plan aborda contenidos b\u00e1sicos de lectoescritura, c\u00e1lculo matem\u00e1tico, resoluci\u00f3n de problemas, etc.; siempre relacionados con los h\u00e1bitos de vida saludable, tan importantes en la sociedad actual.<\/li>\n<li style=\"text-align: justify\"><span style=\"color: #003366\"><strong>Plan de Cultura Emprendedora<\/strong><\/span>. A trav\u00e9s de este plan, que tiene distintas caras, se trabajar\u00e1 qu\u00e9 es necesario para formar una empresa y contenidos relacionados con el emprendimiento. Actualmente, nuestro centro posee un grupo de teatro y desarrolla paralelamente un proyecto titulado \u00abMujeres de cine\u00bb a trav\u00e9s del cual ponemos en valor la figura de la mujer en la sociedad actual mediante la creaci\u00f3n de diferentes materiales audiovisuales, como fotograf\u00edas, videos, calendarios, etc. Una parte de los beneficios que se obtengan de este proyecto se destinar\u00e1n a formar nuestra mini_empresa y el resto ser\u00e1 donado a causas ben\u00e9ficas.<\/li>\n<li style=\"text-align: justify\"><span style=\"color: #003366\"><strong>Plan de Interculturalidad<\/strong><\/span>. Este plan aglutina a aquel alumnado con unas necesidades m\u00e1s b\u00e1sicas de formaci\u00f3n, relacionadas con la lectoescritura principalmente.<\/li>\n<li><span style=\"color: #003366\"><strong>Plan de Patrimonio<\/strong><\/span>. Mediante los contenidos de este plan trabajaremos la importancia de nuestro patrimonio natural, cultural y social; su conocimiento, preservaci\u00f3n, transmisi\u00f3n y cuidado.<\/li>\n<\/ul>\n","protected":false},"excerpt":{"rendered":"<p>A continuaci\u00f3n te explicamos en qu\u00e9 consisten los diferentes planes, aunque te invitamos a pasar por el Centro y conocernos en persona. Preparaci\u00f3n para las&hellip;<\/p>\n","protected":false},"author":6462,"featured_media":0,"parent":0,"menu_order":0,"comment_status":"closed","ping_status":"closed","template":"","meta":{"ngg_post_thumbnail":0,"footnotes":"","_mc_calendar":[]},"aioseo_notices":[],"_links":{"self":[{"href":"https:\/\/blogsaverroes.juntadeandalucia.es\/losjardinillos\/wp-json\/wp\/v2\/pages\/2389"}],"collection":[{"href":"https:\/\/blogsaverroes.juntadeandalucia.es\/losjardinillos\/wp-json\/wp\/v2\/pages"}],"about":[{"href":"https:\/\/blogsaverroes.juntadeandalucia.es\/losjardinillos\/wp-json\/wp\/v2\/types\/page"}],"author":[{"embeddable":true,"href":"https:\/\/blogsaverroes.juntadeandalucia.es\/losjardinillos\/wp-json\/wp\/v2\/users\/6462"}],"replies":[{"embeddable":true,"href":"https:\/\/blogsaverroes.juntadeandalucia.es\/losjardinillos\/wp-json\/wp\/v2\/comments?post=2389"}],"version-history":[{"count":11,"href":"https:\/\/blogsaverroes.juntadeandalucia.es\/losjardinillos\/wp-json\/wp\/v2\/pages\/2389\/revisions"}],"predecessor-version":[{"id":2951,"href":"https:\/\/blogsaverroes.juntadeandalucia.es\/losjardinillos\/wp-json\/wp\/v2\/pages\/2389\/revisions\/2951"}],"wp:attachment":[{"href":"https:\/\/blogsaverroes.juntadeandalucia.es\/losjardinillos\/wp-json\/wp\/v2\/media?parent=2389"}],"curies":[{"name":"wp","href":"https:\/\/api.w.org\/{rel}","templated":true}]}}