{"id":2498,"date":"2020-05-20T11:02:57","date_gmt":"2020-05-20T11:02:57","guid":{"rendered":"https:\/\/blogsaverroes.juntadeandalucia.es\/losjardinillos\/?page_id=2498"},"modified":"2020-09-17T09:24:30","modified_gmt":"2020-09-17T09:24:30","slug":"empleo","status":"publish","type":"page","link":"https:\/\/blogsaverroes.juntadeandalucia.es\/losjardinillos\/empleo\/","title":{"rendered":"Empleo"},"content":{"rendered":"<p style=\"text-align: justify\">Os dejamos un listado de webs relacionadas con la b\u00fasqueda de empleo.<\/p>\n<table>\n<tbody>\n<tr class=\"alt\">\n<td><strong><span class=\"Estilo12\"><a href=\"http:\/\/www.sepe.es\/\" target=\"_blank\" rel=\"noopener noreferrer\">www.sepe.es<\/a><\/span><\/strong><\/td>\n<td><span class=\"Estilo13\">Servicio p\u00fablico de empleo estatal.<\/span><\/td>\n<\/tr>\n<tr>\n<td><strong><span class=\"Estilo13\"><a href=\"http:\/\/www.juntadeandalucia.es\/servicioandaluzdeempleo\/web\/websae\/portal\/es\/index.html?ticket=nocas\" target=\"_blank\" rel=\"noopener noreferrer\">www.sae.es<\/a><\/span><\/strong><\/td>\n<td><span class=\"Estilo13\">Servicio andaluz de empleo. <\/span><\/td>\n<\/tr>\n<tr class=\"alt\">\n<td><strong><span class=\"Estilo13\"><a href=\"http:\/\/www.andaluciaemprende.es\/\" target=\"_blank\" rel=\"noopener noreferrer\">www.andaluciaemprende.es<\/a><\/span><\/strong><\/td>\n<td>\n<p align=\"justify\">Andaluc\u00eda Emprende tiene como misi\u00f3n prestar servicios de calidad para promover la iniciativa emprendedora y el desarrollo empresarial, apoyando la creaci\u00f3n y consolidaci\u00f3n de empresas y empleo.<\/p>\n<\/td>\n<\/tr>\n<tr>\n<td><strong><span class=\"Estilo12\"><a href=\"http:\/\/www.infoempleo.com\/\" target=\"_blank\" rel=\"noopener noreferrer\">www.infoempleo.com <\/a><\/span><\/strong><\/td>\n<td><span class=\"Estilo13\">Portal de b\u00fasqueda de empleo nacional e internacional. <\/span><\/td>\n<\/tr>\n<tr class=\"alt\">\n<td><strong><span class=\"Estilo12\"><a href=\"https:\/\/adecco.es\/orientacion\/\" target=\"_blank\" rel=\"noopener noreferrer\">www.adecco.es <\/a><\/span><\/strong><\/td>\n<td><span class=\"Estilo13\">Adecco es el mayor proveedor de soluciones de Recursos Humanos en Espa\u00f1a y en el mundo. Ofrece un servicio integral especializado en diversas \u00e1reas: selecci\u00f3n, trabajo temporal, formaci\u00f3n, prevenci\u00f3n de riesgos laborales, gesti\u00f3n de carreras y consultor\u00eda.<\/span><\/td>\n<\/tr>\n<tr>\n<td><strong><a href=\"http:\/\/acciontrabajo.com\/\" target=\"_blank\" rel=\"noopener noreferrer\"><span class=\"Estilo12\">www.acciontrabajo.com<\/span><\/a><\/strong><\/td>\n<td><span class=\"Estilo13\">Bolsa de trabajo y ofertas de empleo nacionales e internacionales. <\/span><\/td>\n<\/tr>\n<tr class=\"alt\">\n<td><strong><span class=\"Estilo12\"><a href=\"http:\/\/www.aldaba.com\/\" target=\"_blank\" rel=\"noopener noreferrer\">www.aldaba.org<\/a><\/span><\/strong><\/td>\n<td>Bolsa de trabajo con ofertas actualizadas en tiempo real, registro y difusi\u00f3n de hoja de servicios y base de datos de libre consulta.<\/td>\n<\/tr>\n<tr>\n<td><strong><span class=\"Estilo12\"><a class=\"Estilo13\" href=\"http:\/\/bolsadetrabajo.com\/\" target=\"_blank\" rel=\"noopener noreferrer\">www.bolsadetrabajo.com<\/a><\/span><\/strong><\/td>\n<td>Bolsa de trabajo y empleo donde puede publicar sus ofertas de trabajo, empleos o curr\u00edculo.<\/td>\n<\/tr>\n<tr class=\"alt\">\n<td><strong><span class=\"Estilo12\"><a href=\"http:\/\/www.canaltrabajo.com\/\" target=\"_blank\" rel=\"noopener noreferrer\">www.canaltrabajo.com<\/a><\/span><\/strong><\/td>\n<td>La gu\u00eda del trabajo en Internet.<\/td>\n<\/tr>\n<tr>\n<td><strong><a class=\"Estilo12\" href=\"http:\/\/www.educaweb.com\/\" target=\"_blank\" rel=\"noopener noreferrer\">www.educaweb.com<\/a><\/strong><\/td>\n<td>Portal de orientaci\u00f3n acad\u00e9mica y profesional.<\/td>\n<\/tr>\n<tr class=\"alt\">\n<td><strong><a class=\"Estilo12\" href=\"https:\/\/empleate.gob.es\/empleo\/#\/\" target=\"_blank\" rel=\"noopener noreferrer\">www.empleate.com<\/a><\/strong><\/td>\n<td>Empresa de reclutamiento y selecci\u00f3n de personal por Internet.<\/td>\n<\/tr>\n<tr>\n<td><strong><a href=\"http:\/\/www.estudiasotrabajas.blogspot.com.es\/\" target=\"_blank\" rel=\"noopener noreferrer\">www.estudiasotrabajas.com<\/a><\/strong><\/td>\n<td>Portal de b\u00fasqueda de empleo y formaci\u00f3n.<\/td>\n<\/tr>\n<tr class=\"alt\">\n<td><strong><a class=\"Estilo13\" href=\"http:\/\/www.freelance.com\/en\/\" target=\"_blank\" rel=\"noopener noreferrer\">www.freelance.com<\/a><\/strong><\/td>\n<td>Portal internacional de oferta y b\u00fasqueda de empleo.<\/td>\n<\/tr>\n<tr>\n<td><strong><a class=\"Estilo12\" href=\"https:\/\/www.infojobs.net\/\" target=\"_blank\" rel=\"noopener noreferrer\">www.infojobs.net<\/a><\/strong><\/td>\n<td>Bolsa de empleo privada online, especializada en el mercado espa\u00f1ol.<\/td>\n<\/tr>\n<tr class=\"alt\">\n<td><strong><a class=\"Estilo12\" href=\"http:\/\/interempleo.es\/\" target=\"_blank\" rel=\"noopener noreferrer\">www.interempleo.es <\/a><\/strong><\/td>\n<td>Empresa de trabajo temporal, agencia de colocaci\u00f3n y recolocaci\u00f3n<\/td>\n<\/tr>\n<tr>\n<td><strong><a class=\"Estilo12\" href=\"http:\/\/eduso.net\/\" target=\"_blank\" rel=\"noopener noreferrer\">www.eduso.net<\/a><\/strong><\/td>\n<td>El portal de la educaci\u00f3n social.<\/td>\n<\/tr>\n<tr class=\"alt\">\n<td><strong><a class=\"Estilo12\" href=\"http:\/\/www.hacesfalta.org\/\" target=\"_blank\" rel=\"noopener noreferrer\">www.hacesfalta.org<\/a><\/strong><\/td>\n<td>Ofertas de voluntariado y empleo.<\/td>\n<\/tr>\n<tr>\n<td><strong><a class=\"Estilo12\" href=\"http:\/\/www.monster.es\/\" target=\"_blank\" rel=\"noopener noreferrer\">www.monster.es<\/a><\/strong><\/td>\n<td>Ofertas y perfiles de trabajo. B\u00fasqueda de formaci\u00f3n.<\/td>\n<\/tr>\n<tr class=\"alt\">\n<td><strong><a class=\"Estilo12\" href=\"http:\/\/www.oficinaempleo.com\/\" target=\"_blank\" rel=\"noopener noreferrer\">www.oficinaempleo.com<\/a><\/strong><\/td>\n<td>Web para buscar trabajo y ofrecer empleo.<\/td>\n<\/tr>\n<tr>\n<td><strong><a class=\"Estilo12\" href=\"http:\/\/www.opositor.com\/\" target=\"_blank\" rel=\"noopener noreferrer\">www.opositor.com<\/a><\/strong><\/td>\n<td>El portal del opositor.<\/td>\n<\/tr>\n<tr class=\"alt\">\n<td><strong><a href=\"http:\/\/empleo.trovit.es\/\" target=\"_blank\" rel=\"noopener noreferrer\">Trovit<\/a><\/strong><\/td>\n<td><span class=\"st\">Buscador de ofertas de empleo en Espa\u00f1a.<\/span><\/td>\n<\/tr>\n<\/tbody>\n<\/table>\n","protected":false},"excerpt":{"rendered":"<p>Os dejamos un listado de webs relacionadas con la b\u00fasqueda de empleo. www.sepe.es Servicio p\u00fablico de empleo estatal. www.sae.es Servicio andaluz de empleo. www.andaluciaemprende.es Andaluc\u00eda&hellip;<\/p>\n","protected":false},"author":6462,"featured_media":0,"parent":0,"menu_order":0,"comment_status":"closed","ping_status":"closed","template":"","meta":{"ngg_post_thumbnail":0,"footnotes":"","_mc_calendar":[]},"aioseo_notices":[],"_links":{"self":[{"href":"https:\/\/blogsaverroes.juntadeandalucia.es\/losjardinillos\/wp-json\/wp\/v2\/pages\/2498"}],"collection":[{"href":"https:\/\/blogsaverroes.juntadeandalucia.es\/losjardinillos\/wp-json\/wp\/v2\/pages"}],"about":[{"href":"https:\/\/blogsaverroes.juntadeandalucia.es\/losjardinillos\/wp-json\/wp\/v2\/types\/page"}],"author":[{"embeddable":true,"href":"https:\/\/blogsaverroes.juntadeandalucia.es\/losjardinillos\/wp-json\/wp\/v2\/users\/6462"}],"replies":[{"embeddable":true,"href":"https:\/\/blogsaverroes.juntadeandalucia.es\/losjardinillos\/wp-json\/wp\/v2\/comments?post=2498"}],"version-history":[{"count":5,"href":"https:\/\/blogsaverroes.juntadeandalucia.es\/losjardinillos\/wp-json\/wp\/v2\/pages\/2498\/revisions"}],"predecessor-version":[{"id":2796,"href":"https:\/\/blogsaverroes.juntadeandalucia.es\/losjardinillos\/wp-json\/wp\/v2\/pages\/2498\/revisions\/2796"}],"wp:attachment":[{"href":"https:\/\/blogsaverroes.juntadeandalucia.es\/losjardinillos\/wp-json\/wp\/v2\/media?parent=2498"}],"curies":[{"name":"wp","href":"https:\/\/api.w.org\/{rel}","templated":true}]}}