{"id":2499,"date":"2020-05-20T11:02:57","date_gmt":"2020-05-20T11:02:57","guid":{"rendered":"https:\/\/blogsaverroes.juntadeandalucia.es\/losjardinillos\/?page_id=2499"},"modified":"2020-09-17T09:20:18","modified_gmt":"2020-09-17T09:20:18","slug":"becas","status":"publish","type":"page","link":"https:\/\/blogsaverroes.juntadeandalucia.es\/losjardinillos\/becas\/","title":{"rendered":"Becas"},"content":{"rendered":"<p style=\"text-align: justify\">Informaci\u00f3n sobre <a href=\"https:\/\/www.juntadeandalucia.es\/temas\/estudiar\/becas\/junta-andalucia.html\" target=\"_blank\" rel=\"noopener noreferrer\"><strong>becas de la Junta de Andaluc\u00eda<\/strong><\/a>.<\/p>\n<p style=\"text-align: justify\">Informaci\u00f3n sobre <a href=\"http:\/\/www.educacionyfp.gob.es\/servicios-al-ciudadano\/becas-ayudas.html\" target=\"_blank\" rel=\"noopener noreferrer\"><strong>becas del M.E.C<\/strong><\/a>.<\/p>\n","protected":false},"excerpt":{"rendered":"<p>Informaci\u00f3n sobre becas de la Junta de Andaluc\u00eda. Informaci\u00f3n sobre becas del M.E.C.<\/p>\n","protected":false},"author":6462,"featured_media":0,"parent":0,"menu_order":0,"comment_status":"closed","ping_status":"closed","template":"","meta":{"ngg_post_thumbnail":0,"footnotes":"","_mc_calendar":[]},"aioseo_notices":[],"_links":{"self":[{"href":"https:\/\/blogsaverroes.juntadeandalucia.es\/losjardinillos\/wp-json\/wp\/v2\/pages\/2499"}],"collection":[{"href":"https:\/\/blogsaverroes.juntadeandalucia.es\/losjardinillos\/wp-json\/wp\/v2\/pages"}],"about":[{"href":"https:\/\/blogsaverroes.juntadeandalucia.es\/losjardinillos\/wp-json\/wp\/v2\/types\/page"}],"author":[{"embeddable":true,"href":"https:\/\/blogsaverroes.juntadeandalucia.es\/losjardinillos\/wp-json\/wp\/v2\/users\/6462"}],"replies":[{"embeddable":true,"href":"https:\/\/blogsaverroes.juntadeandalucia.es\/losjardinillos\/wp-json\/wp\/v2\/comments?post=2499"}],"version-history":[{"count":4,"href":"https:\/\/blogsaverroes.juntadeandalucia.es\/losjardinillos\/wp-json\/wp\/v2\/pages\/2499\/revisions"}],"predecessor-version":[{"id":2788,"href":"https:\/\/blogsaverroes.juntadeandalucia.es\/losjardinillos\/wp-json\/wp\/v2\/pages\/2499\/revisions\/2788"}],"wp:attachment":[{"href":"https:\/\/blogsaverroes.juntadeandalucia.es\/losjardinillos\/wp-json\/wp\/v2\/media?parent=2499"}],"curies":[{"name":"wp","href":"https:\/\/api.w.org\/{rel}","templated":true}]}}