{"id":2642,"date":"2020-06-11T09:59:18","date_gmt":"2020-06-11T09:59:18","guid":{"rendered":"https:\/\/blogsaverroes.juntadeandalucia.es\/losjardinillos\/?page_id=2642"},"modified":"2022-09-23T09:25:26","modified_gmt":"2022-09-23T09:25:26","slug":"pruebas-libres","status":"publish","type":"page","link":"https:\/\/blogsaverroes.juntadeandalucia.es\/losjardinillos\/pruebas-libres\/","title":{"rendered":"Pruebas Libres ESO"},"content":{"rendered":"<p>\u00a1ACTUALMENTE NO OFERTAMOS ESTE PLAN! Pero os dejamos algo de informaci\u00f3n al respecto.<\/p>\n<p style=\"text-align: justify\">Por <span style=\"color: #003366\"><strong>Pruebas Libres<\/strong><\/span> se entiende una modalidad de ense\u00f1anza destinada a la obtenci\u00f3n del t\u00edtulo de Graduado en ESO a trav\u00e9s de la realizaci\u00f3n de una \u00abPrueba Oficial\u00bb que tiene a lo largo del curso acad\u00e9mico dos convocatorias, normalmente en abril y en junio. Para poder presentarte tan solo debes tener cumplidos en el a\u00f1o de celebraci\u00f3n de la prueba los 18 a\u00f1os. Nuestro cometido es prepararte para que puedas superar todos los \u00e1mbitos que engloban este examen.<\/p>\n<p style=\"text-align: justify\">Aunque de todo os daremos cuenta en el Centro, os dejamos algunos enlaces interesantes e informaci\u00f3n para pod\u00e1is consultar y conocer m\u00e1s sobre las citadas pruebas por vosotros mismos:<\/p>\n<ul style=\"text-align: justify\">\n<li><span style=\"color: #000080\"><strong><span style=\"color: #003366\">Inscripci\u00f3n<\/span><\/strong><span style=\"color: #003366\"><span style=\"color: #000000\">.<\/span><\/span><\/span>&nbsp;Normalmente la inscripci\u00f3n para la convocatoria de abril se realiza del 1 al 15 de febrero, presentando una solicitud que os facilitaremos en nuestro Centro o que pod\u00e9is descargar pinchando <span style=\"color: #003366\"><a style=\"color: #003366\" href=\"https:\/\/www.juntadeandalucia.es\/educacion\/portals\/delegate\/content\/4eec8030-8004-40f7-858f-671c284d799d\/Inscripci\u00f3n%20Pruebas%20ESO\" target=\"_blank\" rel=\"noopener noreferrer\"><strong>aqu\u00ed<\/strong><\/a><\/span>. Para la convocatoria de junio, el periodo de inscripci\u00f3n se vuelve a abrir justo cuando salen publicadas las notas de la convocatoria de abril.<\/li>\n<li><span style=\"color: #003366\"><strong>Portal de Educaci\u00f3n Permanente<\/strong><\/span> (para conocer plazos, normativas, modelos de ex\u00e1menes de convocatorias anteriores, etc.). Pincha <span style=\"color: #003366\"><strong><a style=\"color: #003366\" href=\"https:\/\/www.juntadeandalucia.es\/educacion\/portals\/web\/educacion-permanente\/inicio\" target=\"_blank\" rel=\"noopener noreferrer\">aqu\u00ed<\/a><\/strong><\/span>.<\/li>\n<li><span style=\"color: #003366\"><strong>Banco de contenidos y recursos educativos de la Junta de Andaluc\u00eda<\/strong><\/span> (pulsando en el men\u00fa Secundaria &#8211; Nivel 1 y 2-, podr\u00e9is acceder a los dos niveles que conforman el temario, as\u00ed como a los diferentes \u00e1mbitos). Pincha <span style=\"color: #003366\"><strong><a style=\"color: #003366\" href=\"http:\/\/www.juntadeandalucia.es\/educacion\/permanente\/materiales\/\" target=\"_blank\" rel=\"noopener noreferrer\">aqu\u00ed<\/a> <\/strong><\/span>para acceder.<\/li>\n<li>Enlace directo a ex\u00e1menes de otros a\u00f1os pinchando <span style=\"color: #003366\"><a style=\"color: #003366\" href=\"https:\/\/www.juntadeandalucia.es\/educacion\/portals\/web\/educacion-permanente\/pruebas-obtencion-graduado-eso\/modelos\" target=\"_blank\" rel=\"noopener noreferrer\"><strong>aqu\u00ed<\/strong><\/a><\/span>.<\/li>\n<\/ul>\n<p style=\"text-align: justify\">Todo lo referente a fechas del presente curso, descarga de boletines de notas (o el t\u00edtulo), as\u00ed como cualquier otra informaci\u00f3n relativa al tema que nos ocupa, todav\u00eda pendiente de publicaci\u00f3n, se difundir\u00e1 igualmente a trav\u00e9s de nuestra web en la secci\u00f3n de inicio\/novedades (tambi\u00e9n en nuestro Facebook).<\/p>\n","protected":false},"excerpt":{"rendered":"<p>\u00a1ACTUALMENTE NO OFERTAMOS ESTE PLAN! Pero os dejamos algo de informaci\u00f3n al respecto. Por Pruebas Libres se entiende una modalidad de ense\u00f1anza destinada a la&hellip;<\/p>\n","protected":false},"author":6462,"featured_media":0,"parent":0,"menu_order":0,"comment_status":"closed","ping_status":"closed","template":"","meta":{"ngg_post_thumbnail":0,"footnotes":"","_mc_calendar":[]},"aioseo_notices":[],"_links":{"self":[{"href":"https:\/\/blogsaverroes.juntadeandalucia.es\/losjardinillos\/wp-json\/wp\/v2\/pages\/2642"}],"collection":[{"href":"https:\/\/blogsaverroes.juntadeandalucia.es\/losjardinillos\/wp-json\/wp\/v2\/pages"}],"about":[{"href":"https:\/\/blogsaverroes.juntadeandalucia.es\/losjardinillos\/wp-json\/wp\/v2\/types\/page"}],"author":[{"embeddable":true,"href":"https:\/\/blogsaverroes.juntadeandalucia.es\/losjardinillos\/wp-json\/wp\/v2\/users\/6462"}],"replies":[{"embeddable":true,"href":"https:\/\/blogsaverroes.juntadeandalucia.es\/losjardinillos\/wp-json\/wp\/v2\/comments?post=2642"}],"version-history":[{"count":11,"href":"https:\/\/blogsaverroes.juntadeandalucia.es\/losjardinillos\/wp-json\/wp\/v2\/pages\/2642\/revisions"}],"predecessor-version":[{"id":2953,"href":"https:\/\/blogsaverroes.juntadeandalucia.es\/losjardinillos\/wp-json\/wp\/v2\/pages\/2642\/revisions\/2953"}],"wp:attachment":[{"href":"https:\/\/blogsaverroes.juntadeandalucia.es\/losjardinillos\/wp-json\/wp\/v2\/media?parent=2642"}],"curies":[{"name":"wp","href":"https:\/\/api.w.org\/{rel}","templated":true}]}}