{"id":2391,"date":"2016-09-05T11:58:22","date_gmt":"2016-09-05T09:58:22","guid":{"rendered":"http:\/\/blogsaverroes.juntadeandalucia.es\/lucilocarvajal\/?page_id=2391"},"modified":"2025-09-23T09:04:26","modified_gmt":"2025-09-23T08:04:26","slug":"consejo-escolar","status":"publish","type":"page","link":"https:\/\/blogsaverroes.juntadeandalucia.es\/lucilocarvajal\/consejo-escolar\/","title":{"rendered":"Consejo Escolar"},"content":{"rendered":"<h4 style=\"text-align: center\"><span style=\"text-decoration: underline\">MIEMBROS DEL CONSEJO ESCOLAR<\/span><\/h4>\n<div style=\"text-align: center\"><strong><span style=\"text-decoration: underline\"><em>EQUIPO DIRECTIVO<\/em><\/span><\/strong><\/div>\n<div style=\"text-align: center\"><span style=\"font-size: medium\">Juan Manuel Ram\u00edrez Ruiz<\/span><\/div>\n<div style=\"text-align: center\"><span style=\"font-size: medium\">Bego\u00f1a Molina Brome<\/span><\/div>\n<div style=\"text-align: center\"><span style=\"font-size: medium\">Jos\u00e9 Mar\u00eda del Pino Medina<br \/>\n<\/span><\/div>\n<div>&nbsp;<\/div>\n<div style=\"text-align: center\">&nbsp;<strong><span style=\"text-decoration: underline\"><em>PROFESORADO<\/em><\/span><\/strong><\/div>\n<div align=\"CENTER\">M.\u00aa Jos\u00e9 Orantes L\u00f3pez<\/div>\n<div align=\"CENTER\">&nbsp;<\/div>\n<div align=\"CENTER\">&nbsp;<strong><span style=\"text-decoration: underline\"><em>PADRES\/MADRES<\/em><\/span><\/strong>&nbsp;<\/div>\n<div style=\"text-align: center\" align=\"JUSTIFY\"><span style=\"font-size: medium\">M.\u00aa \u00c1ngeles Alcainas Requena<br \/>\n<\/span><\/div>\n<div style=\"text-align: center\" align=\"JUSTIFY\">Jos\u00e9 Antonio Fern\u00e1ndez Cort\u00e9s<\/div>\n<div style=\"text-align: center\" align=\"JUSTIFY\">Ana Carrasco Sierra<\/div>\n<div style=\"text-align: center\" align=\"JUSTIFY\">Nuria Quesada P\u00e9rez<\/div>\n<div align=\"JUSTIFY\">&nbsp;<\/div>\n<div style=\"text-align: center\" align=\"JUSTIFY\"><strong><span style=\"text-decoration: underline\"><em>AYUNTAMIENTO<\/em><\/span><\/strong><\/div>\n<div style=\"text-align: center\" align=\"JUSTIFY\"><span style=\"font-size: medium\">Eugenia Rodr\u00edguez-Bail\u00f3n Fern\u00e1ndez<br \/>\n<\/span><\/div>\n<div style=\"text-align: center\" align=\"JUSTIFY\">&nbsp;<\/div>\n<div style=\"text-align: center\" align=\"JUSTIFY\"><strong><span style=\"text-decoration: underline\"><em>PAS<\/em><\/span><\/strong><\/div>\n<div style=\"text-align: center\" align=\"JUSTIFY\">&nbsp;<\/div>\n","protected":false},"excerpt":{"rendered":"<p>MIEMBROS DEL CONSEJO ESCOLAR EQUIPO DIRECTIVO Juan Manuel Ram\u00edrez Ruiz Bego\u00f1a Molina Brome Jos\u00e9 Mar\u00eda del Pino Medina &nbsp; &nbsp;PROFESORADO M.\u00aa Jos\u00e9 Orantes L\u00f3pez &nbsp; &nbsp;PADRES\/MADRES&nbsp; M.\u00aa \u00c1ngeles Alcainas Requena Jos\u00e9 Antonio Fern\u00e1ndez Cort\u00e9s&#46;&#46;&#46;<\/p>\n","protected":false},"author":1823,"featured_media":0,"parent":0,"menu_order":0,"comment_status":"closed","ping_status":"closed","template":"","meta":{"ngg_post_thumbnail":0,"footnotes":"","_mc_calendar":[]},"aioseo_notices":[],"_links":{"self":[{"href":"https:\/\/blogsaverroes.juntadeandalucia.es\/lucilocarvajal\/wp-json\/wp\/v2\/pages\/2391"}],"collection":[{"href":"https:\/\/blogsaverroes.juntadeandalucia.es\/lucilocarvajal\/wp-json\/wp\/v2\/pages"}],"about":[{"href":"https:\/\/blogsaverroes.juntadeandalucia.es\/lucilocarvajal\/wp-json\/wp\/v2\/types\/page"}],"author":[{"embeddable":true,"href":"https:\/\/blogsaverroes.juntadeandalucia.es\/lucilocarvajal\/wp-json\/wp\/v2\/users\/1823"}],"replies":[{"embeddable":true,"href":"https:\/\/blogsaverroes.juntadeandalucia.es\/lucilocarvajal\/wp-json\/wp\/v2\/comments?post=2391"}],"version-history":[{"count":17,"href":"https:\/\/blogsaverroes.juntadeandalucia.es\/lucilocarvajal\/wp-json\/wp\/v2\/pages\/2391\/revisions"}],"predecessor-version":[{"id":13442,"href":"https:\/\/blogsaverroes.juntadeandalucia.es\/lucilocarvajal\/wp-json\/wp\/v2\/pages\/2391\/revisions\/13442"}],"wp:attachment":[{"href":"https:\/\/blogsaverroes.juntadeandalucia.es\/lucilocarvajal\/wp-json\/wp\/v2\/media?parent=2391"}],"curies":[{"name":"wp","href":"https:\/\/api.w.org\/{rel}","templated":true}]}}