{"id":44,"date":"2015-03-13T08:42:15","date_gmt":"2015-03-13T08:42:15","guid":{"rendered":"http:\/\/blogsaverroes.juntadeandalucia.es\/pre\/ceip\/?page_id=44"},"modified":"2025-11-17T12:50:34","modified_gmt":"2025-11-17T11:50:34","slug":"planes-y-programas","status":"publish","type":"page","link":"https:\/\/blogsaverroes.juntadeandalucia.es\/lucilocarvajal\/planes-y-programas\/","title":{"rendered":"Planes y Programas"},"content":{"rendered":"<p style=\"text-align: justify\"><img loading=\"lazy\" decoding=\"async\" class=\"alignnone size-medium wp-image-1667\" src=\"http:\/\/blogsaverroes.juntadeandalucia.es\/lucilocarvajal\/files\/2015\/03\/planes-300x150.png\" alt=\"planes\" width=\"300\" height=\"150\" srcset=\"https:\/\/blogsaverroes.juntadeandalucia.es\/lucilocarvajal\/files\/2015\/03\/planes-300x150.png 300w, https:\/\/blogsaverroes.juntadeandalucia.es\/lucilocarvajal\/files\/2015\/03\/planes-332x166.png 332w, https:\/\/blogsaverroes.juntadeandalucia.es\/lucilocarvajal\/files\/2015\/03\/planes.png 640w\" sizes=\"(max-width: 300px) 100vw, 300px\" \/><\/p>\n<p style=\"text-align: justify\">Cada centro personaliza y adapta su Proyecto Educativo adhiri\u00e9ndose a diferentes <strong>Planes y Programas<\/strong> promovidos desde la Consejer\u00eda de Educaci\u00f3n.<\/p>\n<p style=\"text-align: justify\">Este apartado recoger\u00eda la descripci\u00f3n, finalidades, actividades, coordinador\/a, etc. de estos Planes y Programas desarrollados por el centro.<\/p>\n<ul>\n<li><a href=\"https:\/\/blogsaverroes.juntadeandalucia.es\/lucilocarvajal\/files\/2025\/11\/Plan-de-mejora-25-26.pdf\"><strong>Plan de mejora<\/strong><\/a><\/li>\n<li><a href=\"https:\/\/blogsaverroes.juntadeandalucia.es\/lucilocarvajal\/files\/2025\/10\/25-26.-Lucilo-Carvajal.-Plan-de-Trabajo-Biblioteca-Escolar.pdf\"><strong>Bibliotecas Escolares<\/strong><\/a><\/li>\n<li><a href=\"https:\/\/blogsaverroes.juntadeandalucia.es\/lucilocarvajal\/files\/2025\/11\/Plan-de-apertura-de-centros-docentes.pdf\"><strong>Plan de apertura de centros docentes<\/strong><\/a><\/li>\n<li><a href=\"https:\/\/blogsaverroes.juntadeandalucia.es\/lucilocarvajal\/files\/2025\/11\/Plan-de-igualdad-de-genero-en-educacion-en-Andalucia.pdf\"><strong>Plan de igualdad de g\u00e9nero en educaci\u00f3n en Andaluc\u00eda<\/strong><\/a><\/li>\n<li><a href=\"https:\/\/blogsaverroes.juntadeandalucia.es\/lucilocarvajal\/files\/2025\/11\/PTD.-25-26.pdf\"><strong>Plan de Actualizaci\u00f3n digital &#8211; C\u00f3digo Escuela 4.0<\/strong><\/a><\/li>\n<li><a href=\"https:\/\/blogsaverroes.juntadeandalucia.es\/lucilocarvajal\/files\/2025\/11\/Habitos-de-vida-saludable-Creciendo-en-Salud.pdf\"><strong>H\u00e1bitos de Vida saludable (Creciendo en Salud)<\/strong><\/a><\/li>\n<li><a href=\"https:\/\/blogsaverroes.juntadeandalucia.es\/lucilocarvajal\/files\/2025\/11\/Programa-Escolar-de-Consumo-de-Frutas-Hortalizas-y-Leche-2025.pdf\"><strong>Programa Escolar de Consumo de Frutas, Hortalizas y Leche 2025<\/strong><\/a><\/li>\n<li><a href=\"https:\/\/blogsaverroes.juntadeandalucia.es\/lucilocarvajal\/files\/2025\/11\/Red-Andaluza-Escuale-Espacio-de-Paz.-Promotores-de-convivencia-positiva.pdf\"><strong>Red Andaluza Escuela Espacio de Paz. Promotores de convivencia positiva<\/strong><\/a><\/li>\n<li><a href=\"https:\/\/blogsaverroes.juntadeandalucia.es\/lucilocarvajal\/files\/2025\/11\/Practicum-Grado-maestro.pdf\"><strong>Practicum grado maestro<\/strong><\/a><\/li>\n<li><a href=\"https:\/\/blogsaverroes.juntadeandalucia.es\/lucilocarvajal\/files\/2025\/11\/Programa-de-centro-bilingue-Ingles.pdf\"><strong>Proyecto&nbsp; de centro biling\u00fce &#8211; Ingl\u00e9s<\/strong><\/a><\/li>\n<li><strong><a href=\"https:\/\/blogsaverroes.juntadeandalucia.es\/lucilocarvajal\/files\/2022\/03\/Ficha-de-Informaci\u00f3n-para-Auxiliares-de-Conversaci\u00f3n.-E.I.-Lucilo-Cavajal.-1.pdf\">Ficha de Informaci\u00f3n para Auxiliares de Conversaci\u00f3n. E.I. Lucilo Cavajal<\/a><\/strong><\/li>\n<li><strong><a href=\"https:\/\/blogsaverroes.juntadeandalucia.es\/lucilocarvajal\/files\/2022\/03\/Information-Sheet-for-LANGUAGE-Assistants.-E.I.-Lucilo-Carvajal.pdf\">Information Sheet for LANGUAGE Assistants. E.I. Lucilo Carvajal<\/a><\/strong><\/li>\n<\/ul>\n","protected":false},"excerpt":{"rendered":"<p>Cada centro personaliza y adapta su Proyecto Educativo adhiri\u00e9ndose a diferentes Planes y Programas promovidos desde la Consejer\u00eda de Educaci\u00f3n. Este apartado recoger\u00eda la descripci\u00f3n, finalidades, actividades, coordinador\/a, etc. de estos Planes y Programas&#46;&#46;&#46;<\/p>\n","protected":false},"author":1823,"featured_media":0,"parent":0,"menu_order":0,"comment_status":"closed","ping_status":"closed","template":"","meta":{"ngg_post_thumbnail":0,"footnotes":"","_mc_calendar":[]},"aioseo_notices":[],"_links":{"self":[{"href":"https:\/\/blogsaverroes.juntadeandalucia.es\/lucilocarvajal\/wp-json\/wp\/v2\/pages\/44"}],"collection":[{"href":"https:\/\/blogsaverroes.juntadeandalucia.es\/lucilocarvajal\/wp-json\/wp\/v2\/pages"}],"about":[{"href":"https:\/\/blogsaverroes.juntadeandalucia.es\/lucilocarvajal\/wp-json\/wp\/v2\/types\/page"}],"author":[{"embeddable":true,"href":"https:\/\/blogsaverroes.juntadeandalucia.es\/lucilocarvajal\/wp-json\/wp\/v2\/users\/1823"}],"replies":[{"embeddable":true,"href":"https:\/\/blogsaverroes.juntadeandalucia.es\/lucilocarvajal\/wp-json\/wp\/v2\/comments?post=44"}],"version-history":[{"count":55,"href":"https:\/\/blogsaverroes.juntadeandalucia.es\/lucilocarvajal\/wp-json\/wp\/v2\/pages\/44\/revisions"}],"predecessor-version":[{"id":13492,"href":"https:\/\/blogsaverroes.juntadeandalucia.es\/lucilocarvajal\/wp-json\/wp\/v2\/pages\/44\/revisions\/13492"}],"wp:attachment":[{"href":"https:\/\/blogsaverroes.juntadeandalucia.es\/lucilocarvajal\/wp-json\/wp\/v2\/media?parent=44"}],"curies":[{"name":"wp","href":"https:\/\/api.w.org\/{rel}","templated":true}]}}