{"id":872,"date":"2015-03-16T12:50:42","date_gmt":"2015-03-16T12:50:42","guid":{"rendered":"http:\/\/blogsaverroes.juntadeandalucia.es\/pre\/ceip\/?page_id=120"},"modified":"2020-10-31T08:17:16","modified_gmt":"2020-10-31T07:17:16","slug":"contactar","status":"publish","type":"page","link":"https:\/\/blogsaverroes.juntadeandalucia.es\/lucilocarvajal\/contactar\/","title":{"rendered":"Contactar"},"content":{"rendered":"<h3>Escuela Infantil Francisco Lucilo de Carvajal<\/h3>\n<div><strong>Direcci\u00f3n:<\/strong> &nbsp;Calle Doctor Burgos Canals, 8. 18220 Albolote. GRANADA (ESPA\u00d1A)<br \/>\n<strong>Tel\u00e9fono: <\/strong>958893587<br \/>\n<strong>Tel\u00e9fono (corp.): <\/strong>190587<br \/>\n<strong>Email: <\/strong>18009833.edu@juntadeandalucia.es<\/div>\n<p>Horario de Secretar\u00eda: <strong>De Lunes a Viernes en horario de 10:00 h a 11:15 h y de 12:30 h a 13:30 h<br \/>\n<\/strong><\/p>\n<p>Si desea contactar con nosotros, rellene el siguiente cuestionario. Intentaremos contestarle a la mayor brevedad posible.<br \/>\n*(campo obligatorio)<\/p>\n\n<div class=\"wpcf7 no-js\" id=\"wpcf7-f3426-o1\" lang=\"es-ES\" dir=\"ltr\">\n<div class=\"screen-reader-response\"><p role=\"status\" aria-live=\"polite\" aria-atomic=\"true\"><\/p> <ul><\/ul><\/div>\n<form action=\"\/lucilocarvajal\/wp-json\/wp\/v2\/pages\/872#wpcf7-f3426-o1\" method=\"post\" class=\"wpcf7-form init\" aria-label=\"Formulario de contacto\" novalidate=\"novalidate\" data-status=\"init\">\n<div style=\"display: none;\">\n<input type=\"hidden\" name=\"_wpcf7\" value=\"3426\" \/>\n<input type=\"hidden\" name=\"_wpcf7_version\" value=\"5.9.8\" \/>\n<input type=\"hidden\" name=\"_wpcf7_locale\" value=\"es_ES\" \/>\n<input type=\"hidden\" name=\"_wpcf7_unit_tag\" value=\"wpcf7-f3426-o1\" \/>\n<input type=\"hidden\" name=\"_wpcf7_container_post\" value=\"0\" \/>\n<input type=\"hidden\" name=\"_wpcf7_posted_data_hash\" value=\"\" \/>\n<\/div>\n<p><label> Nombre (requerido)<br \/>\n<span class=\"wpcf7-form-control-wrap\" data-name=\"your-name\"><input size=\"40\" maxlength=\"400\" class=\"wpcf7-form-control wpcf7-text wpcf7-validates-as-required\" aria-required=\"true\" aria-invalid=\"false\" value=\"\" type=\"text\" name=\"your-name\" \/><\/span> <\/label>\n<\/p>\n<p><label> Tu correo electr\u00f3nico (requerido)<br \/>\n<span class=\"wpcf7-form-control-wrap\" data-name=\"your-email\"><input size=\"40\" maxlength=\"400\" class=\"wpcf7-form-control wpcf7-email wpcf7-validates-as-required wpcf7-text wpcf7-validates-as-email\" aria-required=\"true\" aria-invalid=\"false\" value=\"\" type=\"email\" name=\"your-email\" \/><\/span> <\/label>\n<\/p>\n<p><label> Asunto<br \/>\n<span class=\"wpcf7-form-control-wrap\" data-name=\"your-subject\"><input size=\"40\" maxlength=\"400\" class=\"wpcf7-form-control wpcf7-text\" aria-invalid=\"false\" value=\"\" type=\"text\" name=\"your-subject\" \/><\/span> <\/label>\n<\/p>\n<p><label> Mensaje<br \/>\n<span class=\"wpcf7-form-control-wrap\" data-name=\"your-message\"><textarea cols=\"40\" rows=\"10\" maxlength=\"2000\" class=\"wpcf7-form-control wpcf7-textarea\" aria-invalid=\"false\" name=\"your-message\"><\/textarea><\/span> <\/label>\n<\/p>\n<p><input class=\"wpcf7-form-control wpcf7-submit has-spinner\" type=\"submit\" value=\"Enviar\" \/>\n<\/p><div class=\"wpcf7-response-output\" aria-hidden=\"true\"><\/div>\n<\/form>\n<\/div>\n\n","protected":false},"excerpt":{"rendered":"<p>Escuela Infantil Francisco Lucilo de Carvajal Direcci\u00f3n: &nbsp;Calle Doctor Burgos Canals, 8. 18220 Albolote. GRANADA (ESPA\u00d1A) Tel\u00e9fono: 958893587 Tel\u00e9fono (corp.): 190587 Email: 18009833.edu@juntadeandalucia.es Horario de Secretar\u00eda: De Lunes a Viernes en horario de 10:00&#46;&#46;&#46;<\/p>\n","protected":false},"author":1823,"featured_media":0,"parent":0,"menu_order":0,"comment_status":"closed","ping_status":"open","template":"","meta":{"ngg_post_thumbnail":0,"footnotes":"","_mc_calendar":[]},"aioseo_notices":[],"_links":{"self":[{"href":"https:\/\/blogsaverroes.juntadeandalucia.es\/lucilocarvajal\/wp-json\/wp\/v2\/pages\/872"}],"collection":[{"href":"https:\/\/blogsaverroes.juntadeandalucia.es\/lucilocarvajal\/wp-json\/wp\/v2\/pages"}],"about":[{"href":"https:\/\/blogsaverroes.juntadeandalucia.es\/lucilocarvajal\/wp-json\/wp\/v2\/types\/page"}],"author":[{"embeddable":true,"href":"https:\/\/blogsaverroes.juntadeandalucia.es\/lucilocarvajal\/wp-json\/wp\/v2\/users\/1823"}],"replies":[{"embeddable":true,"href":"https:\/\/blogsaverroes.juntadeandalucia.es\/lucilocarvajal\/wp-json\/wp\/v2\/comments?post=872"}],"version-history":[{"count":11,"href":"https:\/\/blogsaverroes.juntadeandalucia.es\/lucilocarvajal\/wp-json\/wp\/v2\/pages\/872\/revisions"}],"predecessor-version":[{"id":5905,"href":"https:\/\/blogsaverroes.juntadeandalucia.es\/lucilocarvajal\/wp-json\/wp\/v2\/pages\/872\/revisions\/5905"}],"wp:attachment":[{"href":"https:\/\/blogsaverroes.juntadeandalucia.es\/lucilocarvajal\/wp-json\/wp\/v2\/media?parent=872"}],"curies":[{"name":"wp","href":"https:\/\/api.w.org\/{rel}","templated":true}]}}