{"id":1213,"date":"2022-09-10T19:46:38","date_gmt":"2022-09-10T18:46:38","guid":{"rendered":"https:\/\/blogsaverroes.juntadeandalucia.es\/iesmanuelromero\/?page_id=1213"},"modified":"2025-07-18T12:45:20","modified_gmt":"2025-07-18T12:45:20","slug":"datos-del-centro","status":"publish","type":"page","link":"https:\/\/blogsaverroes.juntadeandalucia.es\/m4thsacademy\/","title":{"rendered":"Inicio"},"content":{"rendered":"<blockquote>\n<p style=\"text-align: left\"><span style=\"font-size: 14pt;font-family: verdana, geneva, sans-serif\">\u00abPara investigar la verdad es preciso dudar, en cuanto sea posible, de todas las cosas\u00bb. R.Descartes<\/span><\/p>\n<\/blockquote>\n\n\t\t<div class=\"wpaas-accordion-wrap wpaas-row-clearfix\">\n\t\t\t<div id=\"wpaas-accordion-1\" class=\"wpos-tab-slider\">\n\t\t\t\t<div class=\"as-wposslides\">\n\t\t\t\t\t\t\t\t\t\t\t<div class=\"as-wposslide\">\n\t\t\t\t\t\t\t\t\t\t\t\t\t\t\t<img decoding=\"async\" class=\"as-wposbg\" src=\"https:\/\/blogsaverroes.juntadeandalucia.es\/m4thsacademy\/files\/2023\/02\/126381395_newproject-16.jpg\" alt=\"\" \/>\t\n\t\t\t\t\t\t\t\t\t\t\t\t\t<\/div>\n\t\t\t\t\t\t\t\t\t\t\t<div class=\"as-wposslide\">\n\t\t\t\t\t\t\t\t\t\t\t\t\t\t\t<img decoding=\"async\" class=\"as-wposbg\" src=\"https:\/\/blogsaverroes.juntadeandalucia.es\/m4thsacademy\/files\/2023\/02\/images.jpg\" alt=\"\" \/>\t\n\t\t\t\t\t\t\t\t\t\t\t\t\t<\/div>\n\t\t\t\t\t\t\t\t\t\t\t<div class=\"as-wposslide\">\n\t\t\t\t\t\t\t\t\t\t\t\t\t\t\t<img decoding=\"async\" class=\"as-wposbg\" src=\"https:\/\/blogsaverroes.juntadeandalucia.es\/m4thsacademy\/files\/2023\/02\/info1.jpg\" alt=\"\" \/>\t\n\t\t\t\t\t\t\t\t\t\t\t\t\t<\/div>\n\t\t\t\t\t\t\t\t\t\t\t<div class=\"as-wposslide\">\n\t\t\t\t\t\t\t\t\t\t\t\t\t\t\t<img decoding=\"async\" class=\"as-wposbg\" src=\"https:\/\/blogsaverroes.juntadeandalucia.es\/m4thsacademy\/files\/2023\/02\/city1.png\" alt=\"\" \/>\t\n\t\t\t\t\t\t\t\t\t\t\t\t\t<\/div>\n\t\t\t\t\t\t\t\t\t\t\t<div class=\"as-wposslide\">\n\t\t\t\t\t\t\t\t\t\t\t\t\t\t\t<img decoding=\"async\" class=\"as-wposbg\" src=\"https:\/\/blogsaverroes.juntadeandalucia.es\/m4thsacademy\/files\/2023\/02\/2-2.jpg\" alt=\"\" \/>\t\n\t\t\t\t\t\t\t\t\t\t\t\t\t<\/div>\n\t\t\t\t\t\t\t\t\t\t\t<div class=\"as-wposslide\">\n\t\t\t\t\t\t\t\t\t\t\t\t\t\t\t<img decoding=\"async\" class=\"as-wposbg\" src=\"https:\/\/blogsaverroes.juntadeandalucia.es\/m4thsacademy\/files\/2023\/02\/pantano.jpg\" alt=\"\" \/>\t\n\t\t\t\t\t\t\t\t\t\t\t\t\t<\/div>\n\t\t\t\t\t\t\t\t\t<\/div>\n\t\t\t\t<div class=\"wpaas-conf wpaas-hide\">{\"visible_panels\":\"1\",\"width\":\"1200\",\"height\":\"600\",\"orientation\":\"horizontal\",\"panel_distance\":\"1\",\"max_openedaccordion_size\":\"100%\",\"open_panel_on\":\"hover\",\"shadow\":\"true\",\"autoplay\":\"true\",\"mouse_wheel\":\"false\"}<\/div><!-- end of-slider-conf -->\n\t\t\t<\/div><!-- end .msacwl-carousel -->\n\t\t<\/div><!-- end .msacwl-carousel-wrap -->\n\t\n<p>&nbsp;<\/p>\n<h1><span style=\"font-size: 14pt;font-family: verdana, geneva, sans-serif;color: #003366\"><strong><strong><strong>Comienza nuestro viaje&#8230;<\/strong><\/strong><\/strong><\/span><\/h1>\n<p><span style=\"font-family: verdana, geneva, sans-serif;font-size: 14pt\">La palabra Matem\u00e1tica proviene del griego antiguo (s. VI a.C.) <span style=\"color: #808080\"><strong>Mathema <\/strong><\/span>que significa \u00abAprender\u00bb y Matem\u00e1tico, \u00abel que ama aprender\u00bb. Esta nueva ciencia lo que realmente pretend\u00eda era suministrar herramientas para entender el mundo que nos rodeaba.&nbsp;<\/span><\/p>\n<p>&nbsp;<\/p>\n<p><span style=\"font-family: verdana, geneva, sans-serif;font-size: 14pt\"><img loading=\"lazy\" decoding=\"async\" class=\"aligncenter\" style=\"margin-left: auto;margin-right: auto\" src=\"https:\/\/blogsaverroes.juntadeandalucia.es\/cursorosario\/files\/2023\/02\/recursos.1.jpg\" alt=\"\" width=\"121\" height=\"128\"><\/span><\/p>\n<p>&nbsp;<\/p>\n<p><span style=\"font-family: verdana, geneva, sans-serif;font-size: 14pt\">La imagen que la sociedad tiene de las matem\u00e1ticas no es muy positiva. La mayor\u00eda de las personas encuentra las matem\u00e1ticas dif\u00edciles, abstractas y aburridas. Todos hemos escuchado expresiones del tipo: las matem\u00e1ticas no son lo m\u00edo, yo soy de letras, con las cuatro reglas me vale etc\u00e9tera. M\u00e1s a\u00fan, la gente piensa que las matem\u00e1ticas son algo \u00abfijo, inmutable y carente de creatividad\u00bb.<\/span><\/p>\n<p><span style=\"font-size: 14pt\"><span style=\"font-family: verdana, geneva, sans-serif\">Las matem\u00e1ticas se encuentran en cualquier actividad humana, desde el trabajo cient\u00edfico hasta las expresiones culturales y art\u00edsticas, y forman parte del acervo cultural siendo indispensables para el desarrollo de nuestra sociedad. El razonamiento, la argumentaci\u00f3n, la modelizaci\u00f3n, el conocimiento del espacio y del tiempo, la toma de decisiones, la previsi\u00f3n y control de la incertidumbre o el uso correcto de la tecnolog\u00eda digital son caracter\u00edsticas de las matem\u00e1ticas, pero tambi\u00e9n la comunicaci\u00f3n, la perseverancia, la <\/span><span style=\"font-family: verdana, geneva, sans-serif\">organizaci\u00f3n y optimizaci\u00f3n de recursos, formas y proporciones o la creatividad. As\u00ed pues, resulta importante desarrollar las herramientas y saberes b\u00e1sicos de las matem\u00e1ticas que nos permitan desenvolverse satisfactoriamente tanto en contextos personales, acad\u00e9micos y cient\u00edficos como sociales y laborales.<\/span><\/span><\/p>\n<p><span style=\"font-family: verdana, geneva, sans-serif;font-size: 14pt\">La realidad es compleja y exige ser analizada desde un conocimiento multidisciplinar: cient\u00edfico, tecnol\u00f3gico, matem\u00e1tico, art\u00edstico&#8230; por tanto, nos proponemos desarrollar nuevos m\u00e9todos en el aprendizaje m\u00e1s enfocados a la resoluci\u00f3n de problemas reales, cercanos a nuestro entorno, que de una mera memorizaci\u00f3n de algoritmos sin sentido. Para ello, hemos seleccionado diferentes puntos de inter\u00e9s que se presentan en nuestra sociedad actual para abordarlos desde una perspectiva matem\u00e1tica.&nbsp;<\/span><\/p>\n<p><span style=\"font-family: verdana, geneva, sans-serif;font-size: 14pt\">En este viaje que nos proponemos tendremos que cambiar nuestra forma de ver la realidad&#8230; \u00bfTe atreves?<\/span><\/p>\n<p>&nbsp;<\/p>\n<p style=\"text-align: center;margin-left: 630px\"><span style=\"font-family: verdana, geneva, sans-serif;font-size: 14pt;color: #333300\"><img loading=\"lazy\" decoding=\"async\" src=\"https:\/\/blogsaverroes.juntadeandalucia.es\/m4thsacademy\/files\/2023\/02\/Objetivos.jpg\" width=\"73\" height=\"78\"><\/span><\/p>\n<p style=\"text-align: center;margin-left: 630px\"><span style=\"font-family: verdana, geneva, sans-serif;font-size: 12pt\"><span style=\"color: #333300\">Bienvenido a bordo&#8230;<\/span><span style=\"color: #333300\"><strong>&nbsp;<\/strong><\/span><\/span><\/p>\n<p>&nbsp;<\/p>\n<p style=\"text-align: center\"><span style=\"font-size: 14pt;font-family: verdana, geneva, sans-serif\"><strong>Visualizando el trayecto&#8230;<\/strong><\/span><\/p>\n<hr size=\"1\" width=\"800\">\n<p style=\"margin-left: 180px\">&nbsp;<\/p>\n<p style=\"margin-left: 180px\"><span style=\"font-size: 14pt;font-family: arial, helvetica, sans-serif\"><span style=\"color: #339966;font-family: verdana, geneva, sans-serif\"><img loading=\"lazy\" decoding=\"async\" class=\"wp-image-1981 alignnone\" src=\"https:\/\/blogsaverroes.juntadeandalucia.es\/m4thsacademy\/files\/2023\/02\/1.jpg\" alt=\"\" width=\"55\" height=\"53\"> &nbsp;&nbsp;<a href=\"https:\/\/blogsaverroes.juntadeandalucia.es\/m4thsacademy\/2023\/04\/20\/planeando-nuestro-viaje\/\"><span style=\"color: #339966\">Planeando nuestro viaje<\/span><\/a><\/span><\/span><\/p>\n<p style=\"margin-left: 180px\"><span style=\"font-family: verdana, geneva, sans-serif;font-size: 14pt;color: #339966\"><strong><span class=\"nolink\"><img loading=\"lazy\" decoding=\"async\" class=\"alignleft wp-image-2139\" src=\"https:\/\/blogsaverroes.juntadeandalucia.es\/m4thsacademy\/files\/2023\/02\/5.jpg\" alt=\"\" width=\"56\" height=\"59\"> <\/span><\/strong><\/span><\/p>\n<p style=\"margin-left: 180px\">&nbsp;<\/p>\n<p><span style=\"font-family: verdana, geneva, sans-serif;font-size: 14pt;color: #339966\"><span class=\"nolink\"><a href=\"https:\/\/blogsaverroes.juntadeandalucia.es\/m4thsacademy\/2023\/04\/20\/2473\/\"><span style=\"color: #339966\">Nuestras metas<\/span><\/a><\/span><\/span><\/p>\n<p style=\"margin-left: 180px\"><span style=\"font-size: 14pt;font-family: verdana, geneva, sans-serif\"><span style=\"color: #339966\"><span class=\"nolink\"><span class=\"pushbutton\"><img loading=\"lazy\" decoding=\"async\" class=\"alignnone wp-image-2138\" src=\"https:\/\/blogsaverroes.juntadeandalucia.es\/m4thsacademy\/files\/2023\/02\/3.jpg\" alt=\"\" width=\"50\" height=\"63\"> &nbsp;&nbsp;<\/span><\/span><\/span><a style=\"line-height: 1.231\" href=\"https:\/\/blogsaverroes.juntadeandalucia.es\/m4thsacademy\/2023\/04\/20\/2476\/\"><span class=\"nolink\"><span style=\"color: #339966\">Lo que vamos a aprender<\/span><\/span><\/a><\/span><\/p>\n<p style=\"margin-left: 180px\"><span style=\"font-size: 14pt;font-family: verdana, geneva, sans-serif\"><span style=\"color: #339966\"><span class=\"pushbutton\"><img loading=\"lazy\" decoding=\"async\" class=\"alignnone wp-image-2146\" src=\"https:\/\/blogsaverroes.juntadeandalucia.es\/m4thsacademy\/files\/2023\/02\/4.jpg\" alt=\"\" width=\"49\" height=\"65\"> &nbsp; <\/span><\/span><a href=\"https:\/\/blogsaverroes.juntadeandalucia.es\/m4thsacademy\/2023\/04\/20\/2479\/\" target=\"_blank\" rel=\"noopener noreferrer\"><span style=\"color: #339966\"><span style=\"color: #339966\">Comprueba tus logros<\/span><\/span><\/a><\/span><\/p>\n<p style=\"margin-left: 180px\"><span style=\"font-size: 14pt;font-family: verdana, geneva, sans-serif\"><span style=\"color: #339966\"><span class=\"pushbutton\"><img loading=\"lazy\" decoding=\"async\" class=\" wp-image-2512 alignnone\" src=\"https:\/\/blogsaverroes.juntadeandalucia.es\/m4thsacademy\/files\/2023\/04\/22.jpg\" alt=\"\" width=\"65\" height=\"74\"><\/span><\/span><a href=\"https:\/\/blogsaverroes.juntadeandalucia.es\/m4thsacademy\/2023\/04\/20\/como-vamos-a-aprender\/\" target=\"_blank\" rel=\"noopener noreferrer\"><span style=\"color: #339966\"><span style=\"color: #339966\">\u00bfC\u00f3mo vamos a aprender?<\/span><\/span><\/a><\/span><\/p>\n<p>&nbsp;<\/p>\n<p style=\"text-align: center\"><span style=\"font-size: 14pt;font-family: verdana, geneva, sans-serif\"><strong>Itinerario&#8230;<\/strong><\/span><\/p>\n<hr size=\"1\" width=\"800\">\n<p style=\"text-align: left;margin-left: 180px\"><span style=\"font-size: 14pt\"><a href=\"https:\/\/sites.google.com\/iesmanuelromero.es\/mbancor\/itinerario\/despierta-tu-conciencia\"><span style=\"font-family: verdana, geneva, sans-serif\"><span style=\"color: #339966\">Reto 1. Despierta tu Conciencia<\/span><\/span><\/a><\/span><\/p>\n<p style=\"text-align: left;margin-left: 180px\"><a href=\"https:\/\/sites.google.com\/iesmanuelromero.es\/mbancor\/itinerario\/f%C3%BAtbol-y-matem%C3%A1ticas\"><span style=\"font-family: verdana, geneva, sans-serif;font-size: 14pt\"><span style=\"color: #339966\"><span class=\"nolink\"><span style=\"color: #339966\">Reto 2. F\u00fatbol y Matem\u00e1ticas<\/span><\/span><\/span><\/span><\/a><\/p>\n<p style=\"text-align: left;margin-left: 180px\"><a href=\"https:\/\/sites.google.com\/iesmanuelromero.es\/mbancor\/itinerario\/movilidad-sostenible\"><span style=\"font-family: verdana, geneva, sans-serif;font-size: 14pt\"><span style=\"color: #339966\"><span class=\"nolink\"><span style=\"color: #339966\">Reto 3. Movilidad sostenible<\/span><\/span><\/span><\/span><\/a><\/p>\n<p style=\"text-align: left;margin-left: 180px\"><a href=\"https:\/\/sites.google.com\/iesmanuelromero.es\/mbancor\/itinerario\/valora-tu-agua\"><span style=\"font-family: verdana, geneva, sans-serif;font-size: 14pt\"><span style=\"color: #339966\"><span class=\"nolink\"><span style=\"color: #339966\">Reto 4. Valora tu agua<\/span><\/span><\/span><\/span><\/a><\/p>\n<p style=\"text-align: left;margin-left: 180px\"><a href=\"https:\/\/sites.google.com\/iesmanuelromero.es\/mbancor\/itinerario\/somos-sensibles\"><span style=\"font-family: verdana, geneva, sans-serif;font-size: 14pt\"><span style=\"color: #339966\"><span class=\"nolink\"><span style=\"color: #339966\">Reto 5. Somos gente sensible<\/span><\/span><\/span><\/span><\/a><\/p>\n<p style=\"text-align: left;margin-left: 180px\"><a href=\"https:\/\/sites.google.com\/iesmanuelromero.es\/mbancor\/itinerario\/es-posible-generar-cero-residuo\"><span style=\"font-family: verdana, geneva, sans-serif;font-size: 14pt\"><span style=\"color: #339966\"><span class=\"nolink\"><span style=\"color: #339966\">Reto 6. \u00bfEs posible generar cero residuo?<\/span><\/span><\/span><\/span><\/a><\/p>\n<p style=\"text-align: left;margin-left: 180px\"><span style=\"font-family: verdana, geneva, sans-serif;font-size: 14pt\"><span style=\"color: #339966\"><span class=\"nolink\"><span style=\"color: #339966\">Reto 7. Ciberseguridad<\/span><\/span><\/span><\/span><\/p>\n<p style=\"text-align: left;margin-left: 180px\"><span style=\"font-family: verdana, geneva, sans-serif;font-size: 14pt\"><span style=\"color: #339966\">Reto 8. Just Dance<\/span><\/span><\/p>\n<p style=\"text-align: left;margin-left: 180px\"><span style=\"font-family: verdana, geneva, sans-serif;font-size: 14pt\"><span style=\"color: #339966\">Conclusiones<\/span><\/span><\/p>\n<p style=\"text-align: left;margin-left: 180px\"><span style=\"font-family: verdana, geneva, sans-serif;font-size: 14pt\"><span style=\"color: #339966\">Comparte tus experiencias<\/span><\/span><\/p>\n<p style=\"text-align: left;margin-left: 180px\"><span style=\"font-family: verdana, geneva, sans-serif;font-size: 14pt\"><span style=\"color: #339966\"> El viaje contin\u00faa<\/span><\/span><\/p>\n","protected":false},"excerpt":{"rendered":"<p>\u00abPara investigar la verdad es preciso dudar, en cuanto sea posible, de todas las cosas\u00bb. R.Descartes &nbsp; Comienza nuestro viaje&#8230; La palabra Matem\u00e1tica proviene del&hellip;<\/p>\n","protected":false},"author":15472,"featured_media":0,"parent":0,"menu_order":0,"comment_status":"closed","ping_status":"closed","template":"","meta":{"ngg_post_thumbnail":0,"footnotes":""},"aioseo_notices":[],"_links":{"self":[{"href":"https:\/\/blogsaverroes.juntadeandalucia.es\/m4thsacademy\/wp-json\/wp\/v2\/pages\/1213"}],"collection":[{"href":"https:\/\/blogsaverroes.juntadeandalucia.es\/m4thsacademy\/wp-json\/wp\/v2\/pages"}],"about":[{"href":"https:\/\/blogsaverroes.juntadeandalucia.es\/m4thsacademy\/wp-json\/wp\/v2\/types\/page"}],"author":[{"embeddable":true,"href":"https:\/\/blogsaverroes.juntadeandalucia.es\/m4thsacademy\/wp-json\/wp\/v2\/users\/15472"}],"replies":[{"embeddable":true,"href":"https:\/\/blogsaverroes.juntadeandalucia.es\/m4thsacademy\/wp-json\/wp\/v2\/comments?post=1213"}],"version-history":[{"count":90,"href":"https:\/\/blogsaverroes.juntadeandalucia.es\/m4thsacademy\/wp-json\/wp\/v2\/pages\/1213\/revisions"}],"predecessor-version":[{"id":2245,"href":"https:\/\/blogsaverroes.juntadeandalucia.es\/m4thsacademy\/wp-json\/wp\/v2\/pages\/1213\/revisions\/2245"}],"wp:attachment":[{"href":"https:\/\/blogsaverroes.juntadeandalucia.es\/m4thsacademy\/wp-json\/wp\/v2\/media?parent=1213"}],"curies":[{"name":"wp","href":"https:\/\/api.w.org\/{rel}","templated":true}]}}