{"id":329,"date":"2022-08-25T11:51:31","date_gmt":"2022-08-25T09:51:31","guid":{"rendered":"https:\/\/blogsaverroes.juntadeandalucia.es\/maehtrapat\/?page_id=329"},"modified":"2023-01-31T10:29:59","modified_gmt":"2023-01-31T09:29:59","slug":"recursos","status":"publish","type":"page","link":"https:\/\/blogsaverroes.juntadeandalucia.es\/maehtrapat\/recursos\/","title":{"rendered":"RECURSOS"},"content":{"rendered":"<h5>IM\u00c1GENES<\/h5>\n<ul>\n<li><a href=\"http:\/\/recursostic.educacion.es\/bancoimagenes\/web\/\">Banco de im\u00e1genes del INTEF<\/a><\/li>\n<li><a href=\"https:\/\/www.flickr.com\/\" target=\"_blank\" rel=\"noopener noreferrer\">FlickrCC<\/a><\/li>\n<li><a href=\"http:\/\/www.google.com\/imghp?hl=es\">Google Image<\/a>&nbsp;(filtrando b\u00fasqueda por licencias CC)<\/li>\n<li><a href=\"https:\/\/pixabay.com\/es\/\" target=\"_blank\" rel=\"noopener noreferrer\">Pixabay<\/a><\/li>\n<li><a href=\"https:\/\/unsplash.com\/\" target=\"_blank\" rel=\"noopener noreferrer\">Unsplash<\/a><\/li>\n<li><a href=\"http:\/\/www.morguefile.com\/\">Morguefile<\/a><\/li>\n<li><a href=\"http:\/\/www.cepolina.com\/freephoto\/\">Cepolina Photos<\/a><\/li>\n<li><a href=\"http:\/\/openphoto.net\/\">Openphoto<\/a><\/li>\n<li><a href=\"http:\/\/www.pics4learning.com\/\">Pics4Learning<\/a>&nbsp;<\/li>\n<li><a href=\"https:\/\/formacionintef.symbaloo.com\/mix\/reaimagenescc\" target=\"_blank\" rel=\"noopener noreferrer\">Webmix de sitios con im\u00e1genes CC<\/a><\/li>\n<\/ul>\n<h5>SONIDOS<\/h5>\n<ul>\n<li><a href=\"http:\/\/recursostic.educacion.es\/bancoimagenes\/web\/\">Banco de sonidos del INTEF<\/a><\/li>\n<li><a href=\"https:\/\/audionautix.com\/\" target=\"_blank\" rel=\"noopener noreferrer\">Audionautix<\/a><\/li>\n<li><a href=\"http:\/\/freemusicarchive.org\/\" target=\"_blank\" rel=\"noopener noreferrer\">Free Music Archive<\/a><\/li>\n<li><a href=\"http:\/\/www.freesound.org\/\">Freesound<\/a><\/li>\n<li><a href=\"http:\/\/soundbible.com\/\">Hsoundbible.com<\/a><\/li>\n<li><a href=\"http:\/\/ccmixter.org\/\">Ccmixter.org<\/a><\/li>\n<li><a href=\"http:\/\/www.jamendo.com\/es\">Jamendo<\/a><\/li>\n<li><a href=\"https:\/\/formacionintef.symbaloo.com\/mix\/reasonidoscc\" target=\"_blank\" rel=\"noopener noreferrer\">Webmix de sitios con sonidos CC<\/a>.<\/li>\n<\/ul>\n<h5>HERRAMIENTAS DE CREACI\u00d3N DE ACTIVIDADES EDUCATIVAS<\/h5>\n<ul>\n<li><strong><a href=\"https:\/\/h5p.org\/\" target=\"_blank\" rel=\"noopener noreferrer\">H5P<\/a><\/strong>: generador de contenidos y actividades interactivas. De c\u00f3digo abierto y cuenta con integraci\u00f3n en Moodle.&nbsp;<\/li>\n<\/ul>\n<ul>\n<li><strong><a href=\"https:\/\/es.educaplay.com\/\" target=\"_blank\" rel=\"noopener noreferrer\">Educaplay<\/a><\/strong>: Creaci\u00f3n de juegos interactivos.<\/li>\n<\/ul>\n<ul>\n<li><strong><a href=\"https:\/\/edpuzzle.com\/\" target=\"_blank\" rel=\"noopener noreferrer\">Edpuzzle<\/a><\/strong>: Creaci\u00f3n de videos con preguntas incrustadas a partir de v\u00eddeos en Youtube.<\/li>\n<\/ul>\n<ul>\n<li><strong><a href=\"https:\/\/www.canva.com\/\" target=\"_blank\" rel=\"noopener noreferrer\">Canva<\/a><\/strong>: es una herramienta web (y app m\u00f3vil) de dise\u00f1o gr\u00e1fico y composici\u00f3n de im\u00e1genes e infograf\u00edas.&nbsp;<\/li>\n<\/ul>\n<ul>\n<li><strong><a href=\"https:\/\/es.slideshare.net\/\" target=\"_blank\" rel=\"noopener noreferrer\">Slideshare<\/a><\/strong>: conocido como \u00abel youtube de las presentaciones\u00bb, permite subir tus presentaciones en PDF o Powerpoint y compartirlas con tu curso con un visor que se integra dentro de Moodle, de tu blog, o de cualquier otro sitio.&nbsp;<\/li>\n<li><strong><a href=\"https:\/\/exelearning.net\" target=\"_blank\" rel=\"noopener noreferrer\">eXeLearning:<\/a><\/strong> la herramienta de las herramientas.&nbsp;<\/li>\n<li><strong><a href=\"https:\/\/jamboard.google.com\/\">JamBoard<\/a>:<\/strong> Google. Pizarra interactiva\/colaborativa. Para dibujar, escribir, insertar notas, im\u00e1genes, dibujos a mano alzada y formas. Se pueden ir a\u00f1adiendo p\u00e1ginas, por lo que tambi\u00e9n sirve para hacer presentaciones.&nbsp;<\/li>\n<li><strong><a href=\"https:\/\/witeboard.com\/\">Whiteboard<\/a>:<\/strong> Sn registro. Pizarra interactiva\/colaborativa, muy sencilla de utilizar.&nbsp;<\/li>\n<li><a href=\"https:\/\/es.liveworksheets.com\/\" target=\"_blank\" rel=\"noopener noreferrer\">Live worksheets<\/a><\/li>\n<li>Genially<\/li>\n<\/ul>\n<h5>GAMIFICACI\u00d3N<\/h5>\n<ul>\n<li>Kahoot<\/li>\n<li>Quizziz<\/li>\n<li>&nbsp;<\/li>\n<\/ul>\n<p>&nbsp;<\/p>\n<h5>V\u00cdDEOS<\/h5>\n<ul>\n<li><a href=\"http:\/\/laaventuradeaprender.educalab.es\/experiencias\">La aventura de aprender<\/a>. (Los v\u00eddeos se pueden encontrar en&nbsp;<a href=\"http:\/\/laaventuradeaprender.intef.es\/experiencias\">experiencias<\/a>&nbsp;y&nbsp;<a href=\"http:\/\/laaventuradeaprender.intef.es\/glosario\">glosario<\/a>)<\/li>\n<li><a href=\"http:\/\/www.youtube.com\/yt\/copyright\/es\/creative-commons.html\">YouTube<\/a><\/li>\n<li><a href=\"http:\/\/vimeo.com\/creativecommons\">Vimeo<\/a><\/li>\n<li><a href=\"https:\/\/archive.org\/\" target=\"_blank\" rel=\"noopener noreferrer\">Archive.org<\/a><\/li>\n<li><a href=\"https:\/\/formacionintef.symbaloo.com\/mix\/reavideoscc\" target=\"_blank\" rel=\"noopener noreferrer\">Webmix de sitios con v\u00eddeos CC<\/a>.<\/li>\n<\/ul>\n<h5>CURACI\u00d3N\/ORDENACI\u00d3N DE CONTENIDOS<\/h5>\n<ul style=\"font-weight: 400\">\n<li><a href=\"https:\/\/es.padlet.com\/\">Padlet<\/a>: muro colaborativo. El profesorado puede crear un padlet y compartirlo con un grupo sin que sus componentes tengan que registrarse.<\/li>\n<li><a href=\"https:\/\/app.diagrams.net\/\">Draw.io:<\/a> Google. Mapas mentales de forma colaborativa.&nbsp;<\/li>\n<\/ul>\n<h5>RECOGIDA DE INFORMACI\u00d3N (Cuestionarios, lluvias de ideas)<\/h5>\n<ul>\n<li><a href=\"https:\/\/www.mentimeter.com\/es-ES\" target=\"_blank\" rel=\"noopener noreferrer\">Mentimeter&nbsp;<\/a><\/li>\n<li><a href=\"https:\/\/www.google.es\/intl\/es\/forms\/about\/\" target=\"_blank\" rel=\"noopener noreferrer\">Formularios Google<\/a><\/li>\n<\/ul>\n<h5>PLATAFORMAS EDUCATIVAS<\/h5>\n<ul style=\"font-weight: 400\">\n<li><a href=\"https:\/\/edu.google.com\/intl\/ALL_es\/\"><b><strong>Google Workspaces for Education<\/strong><\/b><\/a>: Google.&nbsp; Classroom, cuestionarios, presentaciones colaborativas, pizarra interactiva, videoconferencias, foro, calendario, mensajes personales al alumnado con retroalimentaci\u00f3n, correo, sala de v\u00eddeo-conferencias, pizarra colaborativa, alojamiento en la nube, chat, calendario, documentos de google, presentaciones, sites.<\/li>\n<li><a href=\"https:\/\/www.microsoft.com\/es-es\/microsoft-teams\/log-in\"><b><strong>Microsoft Teams<\/strong><\/b><\/a>: Microsoft.&nbsp; Dentro de \u00e9l se pueden crear grupos de trabajo, chat y utilizar el paquete de herramientas para&nbsp; crear, acceder, editar y compartir documentos desarrollados con herramientas habituales de Office.<\/li>\n<li><a href=\"https:\/\/educacionadistancia.juntadeandalucia.es\/centros\/login\/index.php\"><b><strong>Moodle Centros:<\/strong><\/b><\/a> Es la plataforma libre para el aprendizaje por exelencia. La vamos a encontrar en todo lo referido a formaci\u00f3n online.&nbsp; Podemos crear aulas virtuales para compartir recursos, evaluar, comunicarnos con nuestro alumnado, usar chat, foros,mensajes internos, realizar videoconferencias con Webex. Integraci\u00f3n perfecta con herramientas de creaci\u00f3n de contenidos mediante inserci\u00f3n HTML.<\/li>\n<\/ul>\n<h5>BANCO DE R\u00daBRICAS<\/h5>\n<blockquote class=\"wp-embedded-content\" data-secret=\"Ez8N6vO9Pk\"><p><a href=\"https:\/\/cedec.intef.es\/banco-de-rubricas-y-otros-documentos\/\">Banco de r\u00fabricas y otros documentos<\/a><\/p><\/blockquote>\n<p><iframe class=\"wp-embedded-content\" sandbox=\"allow-scripts\" security=\"restricted\" style=\"position: absolute; clip: rect(1px, 1px, 1px, 1px);\" title=\"&#8220;Banco de r\u00fabricas y otros documentos&#8221; &#8212; Cedec\" src=\"https:\/\/cedec.intef.es\/banco-de-rubricas-y-otros-documentos\/embed\/#?secret=Ez8N6vO9Pk\" data-secret=\"Ez8N6vO9Pk\" width=\"600\" height=\"338\" frameborder=\"0\" marginwidth=\"0\" marginheight=\"0\" scrolling=\"no\"><\/iframe><\/p>\n<h5>WEBS CON RECURSOS \u00daTILES<\/h5>\n<ul>\n<li><a href=\"https:\/\/www.juntadeandalucia.es\/educacion\/portals\/web\/transformacion-digital-educativa\/rea\" target=\"_blank\" rel=\"noopener noreferrer\">Proyecto REA\/DUA<\/a><\/li>\n<li><a href=\"http:\/\/descargas.pntic.mec.es\/cedec\/formacion\/congreso_innovacion_badajoz_2019\/rea_dua\/index.html\">RECURSOS EDUCATIVOS ABIERTOS PARA CENTROS EDUCATIVOS ABIERTOS<\/a><\/li>\n<li><a href=\"https:\/\/cedec.intef.es\/recursos\/\" target=\"_blank\" rel=\"noopener noreferrer\">PROYECTO EDIA<\/a><\/li>\n<li><a href=\"https:\/\/www.juntadeandalucia.es\/educacion\/eaprendizaje\" target=\"_blank\" rel=\"noopener noreferrer\">EAprendizaje Punto de encuentro de la comunidad educativa<\/a><\/li>\n<li><a href=\"http:\/\/www.juntadeandalucia.es\/educacion\/permanente\/materiales\/\" target=\"_blank\" rel=\"noopener noreferrer\">MOGEA\/CREA<\/a><\/li>\n<li><a href=\"https:\/\/emtic.educarex.es\/proyectocrea\" target=\"_blank\" rel=\"noopener noreferrer\">CREA<\/a><\/li>\n<li><a href=\"https:\/\/www.ceibal.edu.uy\/es\/rea\" target=\"_blank\" rel=\"noopener noreferrer\">Plan Ceibal<\/a><\/li>\n<li>&nbsp;<\/li>\n<\/ul>\n","protected":false},"excerpt":{"rendered":"<p>IM\u00c1GENES Banco de im\u00e1genes del INTEF FlickrCC Google Image&nbsp;(filtrando b\u00fasqueda por licencias CC) Pixabay Unsplash Morguefile Cepolina Photos Openphoto Pics4Learning&nbsp; Webmix de sitios con im\u00e1genes CC SONIDOS Banco de sonidos del INTEF Audionautix Free Music Archive Freesound Hsoundbible.com Ccmixter.org Jamendo Webmix de sitios con sonidos CC. HERRAMIENTAS DE CREACI\u00d3N DE ACTIVIDADES EDUCATIVAS H5P: generador de &hellip; <a href=\"https:\/\/blogsaverroes.juntadeandalucia.es\/maehtrapat\/recursos\/\" class=\"more-link\">Sigue leyendo <span class=\"screen-reader-text\">RECURSOS<\/span><\/a><\/p>\n","protected":false},"author":2295,"featured_media":0,"parent":0,"menu_order":25,"comment_status":"closed","ping_status":"closed","template":"","meta":{"ngg_post_thumbnail":0,"footnotes":""},"aioseo_notices":[],"post_mailing_queue_ids":[],"_links":{"self":[{"href":"https:\/\/blogsaverroes.juntadeandalucia.es\/maehtrapat\/wp-json\/wp\/v2\/pages\/329"}],"collection":[{"href":"https:\/\/blogsaverroes.juntadeandalucia.es\/maehtrapat\/wp-json\/wp\/v2\/pages"}],"about":[{"href":"https:\/\/blogsaverroes.juntadeandalucia.es\/maehtrapat\/wp-json\/wp\/v2\/types\/page"}],"author":[{"embeddable":true,"href":"https:\/\/blogsaverroes.juntadeandalucia.es\/maehtrapat\/wp-json\/wp\/v2\/users\/2295"}],"replies":[{"embeddable":true,"href":"https:\/\/blogsaverroes.juntadeandalucia.es\/maehtrapat\/wp-json\/wp\/v2\/comments?post=329"}],"version-history":[{"count":29,"href":"https:\/\/blogsaverroes.juntadeandalucia.es\/maehtrapat\/wp-json\/wp\/v2\/pages\/329\/revisions"}],"predecessor-version":[{"id":385,"href":"https:\/\/blogsaverroes.juntadeandalucia.es\/maehtrapat\/wp-json\/wp\/v2\/pages\/329\/revisions\/385"}],"wp:attachment":[{"href":"https:\/\/blogsaverroes.juntadeandalucia.es\/maehtrapat\/wp-json\/wp\/v2\/media?parent=329"}],"curies":[{"name":"wp","href":"https:\/\/api.w.org\/{rel}","templated":true}]}}