{"id":350,"date":"2022-09-16T14:35:43","date_gmt":"2022-09-16T12:35:43","guid":{"rendered":"https:\/\/blogsaverroes.juntadeandalucia.es\/maehtrapat\/?page_id=350"},"modified":"2023-01-31T10:18:47","modified_gmt":"2023-01-31T09:18:47","slug":"robotica-y-computacion","status":"publish","type":"page","link":"https:\/\/blogsaverroes.juntadeandalucia.es\/maehtrapat\/areas\/robotica-y-computacion\/","title":{"rendered":"ROB\u00d3TICA Y COMPUTACI\u00d3N"},"content":{"rendered":"<ul>\n<li><a href=\"https:\/\/blogsaverroes.juntadeandalucia.es\/maehtrapat\/robotica-y-computacion\/desarrollo-historico-de-la-computacion-en-educacion\/\" target=\"_blank\" rel=\"noopener noreferrer\"><strong>Desarrollo Hist\u00f3rico de la computaci\u00f3n en educaci\u00f3n.<\/strong><\/a><\/li>\n<li><a href=\"https:\/\/blogsaverroes.juntadeandalucia.es\/maehtrapat\/que-es-el-pensamiento-computacional\/\">\u00bfQu\u00e9 es el pensamiento computacional?<\/a><\/li>\n<li><a href=\"https:\/\/blogsaverroes.juntadeandalucia.es\/maehtrapat\/empresas-para-comprar-materiales\/\" target=\"_blank\" rel=\"noopener noreferrer\">Empresas comprar materiales.<\/a><\/li>\n<li>Enfoque STEAM<\/li>\n<li>Algoritmos y lenguajes de programaci\u00f3n.<\/li>\n<\/ul>\n","protected":false},"excerpt":{"rendered":"<p>Desarrollo Hist\u00f3rico de la computaci\u00f3n en educaci\u00f3n. \u00bfQu\u00e9 es el pensamiento computacional? Empresas comprar materiales. Enfoque STEAM Algoritmos y lenguajes de programaci\u00f3n.<\/p>\n","protected":false},"author":2295,"featured_media":0,"parent":446,"menu_order":30,"comment_status":"closed","ping_status":"closed","template":"","meta":{"ngg_post_thumbnail":0,"footnotes":""},"aioseo_notices":[],"post_mailing_queue_ids":[],"_links":{"self":[{"href":"https:\/\/blogsaverroes.juntadeandalucia.es\/maehtrapat\/wp-json\/wp\/v2\/pages\/350"}],"collection":[{"href":"https:\/\/blogsaverroes.juntadeandalucia.es\/maehtrapat\/wp-json\/wp\/v2\/pages"}],"about":[{"href":"https:\/\/blogsaverroes.juntadeandalucia.es\/maehtrapat\/wp-json\/wp\/v2\/types\/page"}],"author":[{"embeddable":true,"href":"https:\/\/blogsaverroes.juntadeandalucia.es\/maehtrapat\/wp-json\/wp\/v2\/users\/2295"}],"replies":[{"embeddable":true,"href":"https:\/\/blogsaverroes.juntadeandalucia.es\/maehtrapat\/wp-json\/wp\/v2\/comments?post=350"}],"version-history":[{"count":10,"href":"https:\/\/blogsaverroes.juntadeandalucia.es\/maehtrapat\/wp-json\/wp\/v2\/pages\/350\/revisions"}],"predecessor-version":[{"id":566,"href":"https:\/\/blogsaverroes.juntadeandalucia.es\/maehtrapat\/wp-json\/wp\/v2\/pages\/350\/revisions\/566"}],"up":[{"embeddable":true,"href":"https:\/\/blogsaverroes.juntadeandalucia.es\/maehtrapat\/wp-json\/wp\/v2\/pages\/446"}],"wp:attachment":[{"href":"https:\/\/blogsaverroes.juntadeandalucia.es\/maehtrapat\/wp-json\/wp\/v2\/media?parent=350"}],"curies":[{"name":"wp","href":"https:\/\/api.w.org\/{rel}","templated":true}]}}