{"id":373,"date":"2022-12-04T16:11:12","date_gmt":"2022-12-04T15:11:12","guid":{"rendered":"https:\/\/blogsaverroes.juntadeandalucia.es\/maehtrapat\/?page_id=373"},"modified":"2023-01-31T10:33:31","modified_gmt":"2023-01-31T09:33:31","slug":"proteccion-de-datos","status":"publish","type":"page","link":"https:\/\/blogsaverroes.juntadeandalucia.es\/maehtrapat\/ted\/proteccion-de-datos\/","title":{"rendered":"PROTECCI\u00d3N DE DATOS"},"content":{"rendered":"<h2 id=\"yui_3_17_2_1_1670165866173_39\" style=\"text-align: center\">TRATAMIENTO, DERECHOS Y OBLIGACIONES Y MEDIDAS GENERALES EN EL \u00c1MBITO EDUCATIVO<\/h2>\n<p><strong><a href=\"https:\/\/www.aepd.es\/es\"><img decoding=\"async\" class=\"size-thumbnail wp-image-374 alignleft\" src=\"https:\/\/blogsaverroes.juntadeandalucia.es\/maehtrapat\/files\/2022\/12\/aepd-logo-naranja4-150x150.png\" alt=\"\" width=\"150\" height=\"150\" \/><\/a><a href=\"https:\/\/www.aepd.es\/es\" target=\"_blank\" rel=\"noopener noreferrer\">La Agencia Espa\u00f1ola de Protecci\u00f3n de Datos<\/a><\/strong>, es la autoridad p\u00fablica independiente encargada de velar por la privacidad y la protecci\u00f3n de datos de la&nbsp;ciudadan\u00eda. Su&nbsp; objetivo&nbsp; es, por un lado, fomentar que las personas&nbsp;conozcan sus derechos y las posibilidades que la Agencia les ofrece para ejercerlos y, por otro, que los sujetos obligados tengan a su disposici\u00f3n un instrumento \u00e1gil que les facilite el cumplimiento de la normativa.<\/p>\n<h2>\u00bfDe d\u00f3nde viene todo esto?<\/h2>\n<p dir=\"ltr\">Debemos tener en cuenta que la protecci\u00f3n de datos es un <strong>derecho del ser humano<\/strong>&nbsp;que nace vinculado a la&nbsp;<a href=\"https:\/\/www.un.org\/es\/documents\/udhr\/UDHR_booklet_SP_web.pdf\">Declaraci\u00f3n Universal de los Derechos Humanos<\/a> aprobada por la Asamblea General de las Naciones Unidas en 1948 con el objetivo de garantizar la dignidad del ser humano frente a la recogida y tratamiento excesivo de datos personales.<\/p>\n<p dir=\"ltr\">La protecci\u00f3n de datos est\u00e1 considerada como <strong>derecho fundamental&nbsp;<\/strong>de las personas f\u00edsicas y as\u00ed queda demostrado en las distintas leyes:<\/p>\n<ul>\n<li>Art\u00edculo 18.4 de la <a href=\"https:\/\/www.boe.es\/legislacion\/documentos\/ConstitucionCASTELLANO.pdf\">Constituci\u00f3n Espa\u00f1ola<\/a>&nbsp;<\/li>\n<li><a href=\"https:\/\/www.boe.es\/boe\/dias\/2018\/12\/06\/pdfs\/BOE-A-2018-16673.pdf\">Ley Org\u00e1nica 3\/2018, de Protecci\u00f3n de Datos Personales y garant\u00edas de los derechos digitales<\/a>.<\/li>\n<li><a href=\"https:\/\/www.boe.es\/doue\/2016\/119\/L00001-00088.pdf\" target=\"_blank\" rel=\"noopener noreferrer\">Reglamento General de Protecci\u00f3n de Datos (UE) 2016\/679&nbsp;<\/a><\/li>\n<li><a href=\"https:\/\/www.boe.es\/boe\/dias\/2018\/12\/06\/pdfs\/BOE-A-2018-16673.pdf\" target=\"_blank\" rel=\"noopener noreferrer\">Ley Org\u00e1nica 3\/2018, de Protecci\u00f3n de Datos y garant\u00eda de los derechos digitales&nbsp;<\/a><\/li>\n<li><a href=\"https:\/\/www.juntadeandalucia.es\/boja\/2020\/208\/34\" target=\"_blank\" rel=\"noopener noreferrer\">Resoluci\u00f3n de 22 de octubre de 2020: C\u00f3digo de Conducta TIC para la Junta de Andaluc\u00eda<\/a><\/li>\n<li><a href=\"https:\/\/www.juntadeandalucia.es\/boja\/2021\/124\/2\" target=\"_blank\" rel=\"noopener noreferrer\">Orden de 24 de junio de 2021: pol\u00edtica de seguridad TIC de la CED<\/a><\/li>\n<\/ul>\n<h2>\u00bfEn qu\u00e9 nos afecta a los centros escolares?<\/h2>\n<p style=\"font-weight: 400\">El <b><strong>Reglamento (UE) 2016\/679&nbsp;<\/strong><\/b>es la evoluci\u00f3n de un modelo basado, fundamentalmente, en el control del cumplimiento a otro que descansa en el principio de responsabilidad proactiva, que exige cumplir con la norma y, adem\u00e1s, poder demostrar que se cumple con ella.<\/p>\n<ul style=\"font-weight: 400\">\n<li>Principio de accountability = proactividad + responsabilidad.<\/li>\n<li>Proactividad responsable, proactividad demostrable.<\/li>\n<li>Inversi\u00f3n de la carga de la prueba.<\/li>\n<li>El consentimiento expreso, informado e inequ\u00edvoco es la base de la legitimaci\u00f3n.<\/li>\n<li>Deber de formar y deber de informar.<\/li>\n<li>Principio de \u201cPrivacy by desing\u201d= Privacidad en el dise\u00f1o y por defecto.<\/li>\n<li>Persona delegada de protecci\u00f3n de datos.<\/li>\n<li>Protecci\u00f3n especial de los datos personales de los menores.<\/li>\n<li>Derecho a la educaci\u00f3n digital.<\/li>\n<li>Se establecen distintos niveles de seguridad en la protecci\u00f3n de datos personales, en funci\u00f3n de la naturaleza y tipolog\u00eda de los mismos.<\/li>\n<\/ul>\n<p><span style=\"font-weight: 400\">Como centro escolar, recabamos datos personales de manera manual, mediante las fotocopias e impresos de toda la vida o automatizada. <\/span>Como ejemplos de recogida de datos, en las matr\u00edculas, la actualizaci\u00f3n del expediente, la gesti\u00f3n de calificaciones, la captaci\u00f3n de im\u00e1genes y voz del alumnado, &#8230; no paramos de trabajar con datos que NO nos pertenece y que estamos obligados a tratar <b><strong>cumpliendo estrictamente&nbsp; la normativa vigente <\/strong><\/b>en materia de protecci\u00f3n de datos, teniendo en cuenta, adem\u00e1s, que trabajamos con datos de menores de edad.<\/p>\n<h2>DERECHOS<\/h2>\n<p>La normativa de protecci\u00f3n de datos nos otorga una serie de derechos:<\/p>\n<p dir=\"ltr\"><strong>1. Derecho de informaci\u00f3n: <\/strong>El responsable siempre debe identificarse, informarte para qu\u00e9 se utilizan tus datos y adem\u00e1s decirte:&nbsp;<\/p>\n<ul>\n<li>La raz\u00f3n por la que tus datos son necesarios.<\/li>\n<li>Hasta cu\u00e1ndo los conservar\u00e1.<\/li>\n<li>C\u00f3mo puedes ejercer tus derechos de protecci\u00f3n de datos.&nbsp;<\/li>\n<li>Cu\u00e1l es la base jur\u00eddica del tratamiento.<\/li>\n<li>Si los va a ceder a terceros o transferir a otros pa\u00edses.&nbsp;<\/li>\n<li>Si los van a utilizar para elaborar perfiles, tienes derecho a oponerte si se adoptan decisiones automatizadas que te afecten jur\u00eddicamente o de manera similar.&nbsp;<\/li>\n<\/ul>\n<p><strong>2.<\/strong>&nbsp;<strong>Derecho de acceso:&nbsp;<\/strong>Util\u00edzalo para saber si una entidad est\u00e1 tratando tus datos. Podr\u00e1s obtener informaci\u00f3n sobre:&nbsp;<\/p>\n<ul>\n<li>Las categor\u00edas de los datos tratados, su finalidad y a qui\u00e9n se env\u00edan.<\/li>\n<li>Si se producen transferencias internacionales de tus datos.<\/li>\n<li>De qui\u00e9n se han obtenido y los plazos de conservaci\u00f3n.<\/li>\n<li>Si se elaboran perfiles y adoptan decisiones automatizadas.<\/li>\n<li>Los derechos que te asisten.&nbsp;<\/li>\n<\/ul>\n<p><strong>3. Derecho de rectificaci\u00f3n:<\/strong>&nbsp;Te permite corregir tus datos o completarlos si son inexactos o incompletos.<\/p>\n<p><strong>4. Derecho de oposici\u00f3n:<\/strong>&nbsp;Puedes oponerte a que una entidad trate tus datos:<\/p>\n<ol style=\"list-style-type: lower-alpha\">\n<li>Por motivos personales, salvo que el responsable acredite un inter\u00e9s leg\u00edtimo.<\/li>\n<li>Cuando el tratamiento tenga por objeto el marketing directo.&nbsp;<\/li>\n<\/ol>\n<p><strong>5. Derecho de supresi\u00f3n<\/strong>&nbsp;(\u00abderecho al olvido\u00bb): Puedes solicitar la eliminaci\u00f3n de tus datos personales cuando:&nbsp;<\/p>\n<ul>\n<li>Ya no sean necesarios para los fines para los que se recogieron.<\/li>\n<li>Retires el consentimiento que diste, siempre que no haya otra causa que legitime el tratamiento.<\/li>\n<li>Tus datos hayan sido tratados il\u00edcitamente.<\/li>\n<li>Te hayas opuesto a su tratamiento y no prevalezca el inter\u00e9s leg\u00edtimo, o si el tratamiento tuviera por objeto el marketing directo.<\/li>\n<li>Deban suprimirse para cumplir una obligaci\u00f3n legal.<\/li>\n<li>Se hayan obtenido siendo menor de edad en relaci\u00f3n con los servicios de la sociedad de la informaci\u00f3n.&nbsp;<\/li>\n<\/ul>\n<p><strong>6. Derecho a la limitaci\u00f3n de tratamiento:&nbsp;<\/strong>permite solicitar la suspensi\u00f3n del tratamiento de tus datos cuando:&nbsp;<\/p>\n<ul>\n<li>Impugnes su exactitud, durante el periodo en el que su comprueba.<\/li>\n<li>Te opongas al tratamiento, mientras se verifica si prevalece el inter\u00e9s leg\u00edtimo del responsable.<\/li>\n<li>El tratamiento sea il\u00edcito, pero te opones a su supresi\u00f3n y en su lugar solicitas que se limite.&nbsp;<\/li>\n<li>Cuando los necesites para la formulaci\u00f3n, ejercicio o defensa de reclamaciones.&nbsp;<\/li>\n<\/ul>\n<p><strong>7. Derecho a la portabilidad:&nbsp;<\/strong>Cuando el tratamiento est\u00e9 basado en tu consentimiento o en la ejecuci\u00f3n de un contrato, y se efect\u00faa por medios automatizados, puedes recibir tus datos en un formato que permita transmitirlos a otro responsable.&nbsp;<\/p>\n<h2>\u00bfQui\u00e9nes se responsabilizan del tratamiento de nuestros datos?<\/h2>\n<p><strong>INTERESADO:&nbsp; <\/strong>Los datos&nbsp;pertenecen a cada persona f\u00edsica&nbsp; a la que se refieren (alumnado, profesorado, familias, personal de administraci\u00f3n y servicios, proveedores, etc.)<\/p>\n<p>OJO: Si los datos tratados corresponden a menores de 14 a\u00f1os,&nbsp; sus progenitores o tutores legales prestar\u00e1n el consentimiento en su nombre, <strong>pero los datos personales son de los\/las menores.<\/strong><\/p>\n<p dir=\"ltr\"><strong>RESPONSABLE DEL TRATAMIENTO DE LOS DATOS:<\/strong> <em>\u00abPersona f\u00edsica o jur\u00eddica, autoridad p\u00fablica, servicio u organismo que&nbsp;<\/em><strong><em>determina los fines y medios del tratamiento que se realiza\u00bb<\/em>. <\/strong>&nbsp;<\/p>\n<ul>\n<li style=\"list-style-type: none\">\n<ul>\n<li><strong>En centros educativos <\/strong><strong>p\u00fablicos<\/strong>, es normalmente la Administraci\u00f3n Educativa (<strong>Consejer\u00eda de Educaci\u00f3n<\/strong>). Actualmente esto est\u00e1 en revisi\u00f3n continua, no sabemos en qu\u00e9 va a quedar.&nbsp;<\/li>\n<li>En los <strong>centros concertados y privados<\/strong>, el responsable es el propio centro educativo (<strong>fundaci\u00f3n, congregaci\u00f3n religiosa, cooperativa<\/strong>, etc.)<\/li>\n<\/ul>\n<\/li>\n<\/ul>\n<p dir=\"ltr\"><strong>ENCARGADA\/O DEL TRATAMIENTO DE LOS DATOS:<\/strong> \u00ab<em>Persona f\u00edsica o jur\u00eddica, autoridad, servicio u organismo que&nbsp;<strong>trata&nbsp; los datos por cuenta del responsable\u00bb<\/strong>.<\/em><\/p>\n<p dir=\"ltr\">Es decir, es qui\u00e9n se encarga del tratamiento que se va a llevar a cabo. Es elegido por la persona responsable de los datos, en nuestro caso, la Administraci\u00f3n Educativa y como siempre,&nbsp;debe actuar en el marco de las instrucciones fijadas por el responsable.&nbsp;&nbsp;<\/p>\n<p dir=\"ltr\"><strong>Que haya flujo de datos personales entre responsable y la persona encargada no constituye una cesi\u00f3n de datos. <\/strong><\/p>\n<p dir=\"ltr\">Dentro del \u00e1mbito educativo encontramos<strong>:<\/strong> servicios tecnol\u00f3gicos, empresas del comedor escolar, extraescolares.<\/p>\n<p dir=\"ltr\"><strong>DELEGADO\/A DE PROTECCI\u00d3N DE DATOS (DPD):&nbsp;<\/strong><em>\u00abFigura que debe designar el responsable de forma obligatoria para todos los centros educativos que ofrecen ense\u00f1anzas en la legislaci\u00f3n reguladora del derecho a la educaci\u00f3n\u00bb.<\/em><\/p>\n<p dir=\"ltr\">Entre sus funciones est\u00e1n:<\/p>\n<ul>\n<li><strong>Asesorar e informar<\/strong> al responsable sobre la aplicaci\u00f3n de la normativa de protecci\u00f3n de datos y supervisar su cumplimiento.<\/li>\n<li>Servir de<strong> interlocutor\/a con la comunidad educativa<\/strong>&nbsp;para cualquier cuesti\u00f3n de protecci\u00f3n de datos, lo que incluye&nbsp;<strong>dudas<\/strong>, tanto de las familias como de profesionales de la educaci\u00f3n, as\u00ed como&nbsp;<strong>quejas y reclamaciones<\/strong>.<\/li>\n<\/ul>\n<h2>A tener en cuenta:<\/h2>\n<ul style=\"font-weight: 400\">\n<li>Como docentes,&nbsp; estamos&nbsp; legitimados a recabar informaci\u00f3n de nuestro alumnado (grabaciones de im\u00e1genes y sonido) con la finalidad de evaluar sus conocimientos. Eso s\u00ed, atendiendo a las instrucciones, protocolos o r\u00e9gimen interno que el centro o la Administraci\u00f3n Educativa haya adoptado.<\/li>\n<li>Los canales espec\u00edficos de comunicaci\u00f3n con nuestro alumnado y con toda la comunidad educativa son los establecidos por el centro educativo, as\u00ed como el uso del correo electr\u00f3nico corporativo.<\/li>\n<li>Como centro educativo estamos legitimados a la toma de im\u00e1genes como parte de nuestra funci\u00f3n educativa. Las exposici\u00f3n de las&nbsp; im\u00e1genes deber\u00eda siempre llevarse a cabo en un entorno seguro, que exigiera la previa identificaci\u00f3n y autenticaci\u00f3n de los alumnos y familias, como es el caso de las plataformas educativas.&nbsp;<strong>El uso de otras aplicaciones con almacenamiento diferentes a las plataformas educativas deber\u00e1 respetar las garant\u00edas previstas en la normativa de protecci\u00f3n de datos.<\/strong><\/li>\n<li>La utilizaci\u00f3n de aplicaciones por los profesores en dispositivos personales (tableta, m\u00f3vil, etc.), debe garantizar la pol\u00edtica de privacidad definida por el centro o la Administraci\u00f3n Educativa, con las garant\u00edas establecidas en la normativa de protecci\u00f3n de datos.<\/li>\n<li>Como en el caso de la web, si el contenido del blog en abierto del centro educativo incluyera datos que permitieran la identificaci\u00f3n de los alumnos, <strong>se requerir\u00e1 su consentimiento o el de sus padres o tutores.&nbsp;<\/strong><\/li>\n<li>La publicaci\u00f3n de datos personales en redes sociales por parte de los centros educativos, <strong>requiere contar con el consentimiento de los interesados,<\/strong> a los que habr\u00e1 que informar previamente de manera clara de los datos que se van a publicar, en qu\u00e9 redes sociales, con qu\u00e9 finalidad, qui\u00e9n puede acceder a los datos, as\u00ed como de la posibilidad de ejercitar sus derechos de acceso, rectificaci\u00f3n, oposici\u00f3n y supresi\u00f3n.<\/li>\n<li>Las Administraciones educativas y los centros deben disponer de p<strong>rotocolos, instrucciones, gu\u00edas, directrices o recomendaciones para el uso de las TIC por los profesores,<\/strong> que deber\u00e1n utilizar las que la Administraci\u00f3n Educativa y\/o el centro hayan dispuesto. Su ense\u00f1anza y uso deber\u00e1n adaptarse al grado de desarrollo del ni\u00f1o.<\/li>\n<\/ul>\n<p>&nbsp;<\/p>\n<h2>Recomendaciones generales para la comunidad educativa<\/h2>\n<p><span style=\"font-weight: 400\">La clave de la cuesti\u00f3n que no ocupa est\u00e1 en la <b><strong>informaci\u00f3n<\/strong><\/b>&nbsp;y la&nbsp;<b><strong>prevenci\u00f3n<\/strong><\/b>:<\/span><span style=\"font-weight: 400\"><br \/>\n<\/span><\/p>\n<ul>\n<li>Es fundamental hablar y difundir de la <b><strong>importancia de proteger sus datos personales&nbsp;<\/strong><\/b>y<b><strong>&nbsp;de los del resto de personas con las que intercambian informaci\u00f3n<\/strong><\/b>. Una adecuada convivencia digital redundar\u00e1 en lo que podr\u00edamos denominar \u201c<b><strong>salud o bienestar digital<\/strong><\/b>\u201d, evitando problemas que puedan repercutir en su normal desarrollo.<\/li>\n<li>Tenemos que <b><strong>informar al menor sobre los derechos que le asisten en materia de protecci\u00f3n de datos<\/strong><\/b>, d\u00f3nde y c\u00f3mo ejercerlos si es mayor de 14 a\u00f1os y que le corresponde a sus padres o tutores legales ejercerlos sin es menor de esa edad.<\/li>\n<li>El menor de catorce a\u00f1os necesita contar con <b><strong>el consentimiento de sus padres o tutores legales para registrarse<\/strong><\/b>&nbsp;y, a su vez,<b><strong>&nbsp;la informaci\u00f3n&nbsp;<\/strong><\/b>que se le puede pedir debe ser<b><strong>&nbsp;proporcional a la finalidad&nbsp;<\/strong><\/b>o uso que se pretende.&nbsp;<\/li>\n<li>Importante ayudar a <b><strong>configurar la identidad digital <\/strong><\/b>empezando por el nombre de usuario, este es un identificador personal que tiene que ser seguro y no debe de facilitar a extra\u00f1os. Tampoco debe facilitar datos personales.<\/li>\n<li>Es importante el uso de una <b><strong>contrase\u00f1a robusta<\/strong><\/b> como base para guardar su privacidad.<\/li>\n<li>Los botones de <b><strong>\u201ccerrar sesi\u00f3n\u201d&nbsp;<\/strong><\/b>o<b><strong> \u201csalir\u201d son fundamentales.<\/strong><\/b> Cerrar el navegador no siempre equivale a cerrar sesi\u00f3n y puede permitir que otra persona abra el navegador y tenga acceso a su informaci\u00f3n personal o utilice la identidad digital propia.<\/li>\n<li>Es conveniente <b><strong>configurar de manera segura sus dispositivos<\/strong><\/b>,&nbsp;<b><strong>navegadores,&#8230;<\/strong><\/b><\/li>\n<li>Si no sabemos, hay que<strong style=\"font-weight: bold\"> pedir ayuda<\/strong>. La Agencia Espa\u00f1ola de Protecci\u00f3n de Datos tiene un canal espec\u00edfico para los menores, tiene un tel\u00e9fono (el 017) para cualquier duda o problema que tengamos sobre ciberseguridad, privacidad, &#8230;<\/li>\n<\/ul>\n<p><span style=\"font-weight: 400\">Estas recomendaciones de la&nbsp;<b><strong>AEPD<\/strong><\/b>&nbsp;para padres\/madres y tutores pueden ser de mucha utilidad para trabajarlas en el aula.<br \/>\n<\/span><\/p>\n<ol>\n<li>Educa a los menores sobre los riesgos para su&nbsp;<b><strong>privacidad<\/strong><\/b>&nbsp;y su&nbsp;<b><strong>seguridad<\/strong><\/b>&nbsp;en el uso de tecnolog\u00edas m\u00f3viles. Fomenta el&nbsp;<b><strong>uso responsable<\/strong><\/b>&nbsp;de la tecnolog\u00eda.<\/li>\n<li>Limita a los menores el&nbsp;<b><strong>tiempo de uso<\/strong><\/b>&nbsp;de los dispositivos conectados.<\/li>\n<li>Hazles saber que es necesario&nbsp;<b><strong>tomar medidas por su propia seguridad<\/strong><\/b>. Cu\u00e9ntales que tomas esas medidas por su propio bien.<\/li>\n<li>Emplea<b><strong>&nbsp;sistemas<\/strong><\/b>&nbsp;operativos, proveedores de internet y terceros&nbsp;<b><strong>que faciliten opciones de&nbsp;<\/strong><\/b><b><strong>control parental<\/strong><\/b>&nbsp;que permitan monitorizar el uso de dispositivos m\u00f3viles.<\/li>\n<li>Configura las&nbsp;<b><strong>opciones de control parental,<\/strong><\/b>&nbsp;ya que ofrecen diferentes funcionalidades como el&nbsp;filtrado de contenido,&nbsp;limitaci\u00f3n de horarios,&nbsp;bloqueo de aplicaciones, detalles de uso de las redes sociales, localizaci\u00f3n GPS, etc.<\/li>\n<li>Elige la<b><strong>&nbsp;herram<\/strong><\/b><b><strong>ienta&nbsp;<\/strong><\/b>que mejor se ajuste a tus necesidades y ofrezca garant\u00edas para no introducir nuevos riesgos.<\/li>\n<li>Inf\u00f3rmate de los periodos de&nbsp;<b><strong>retenci\u00f3n de datos&nbsp;<\/strong><\/b>y aseg\u00farate de que no se utilizan los datos para finalidades distintas de las que necesitas.<\/li>\n<li>Emplea navegadores, launchers y aplicaciones en su&nbsp;<b><strong>versi\u00f3n infantil<\/strong><\/b>&nbsp;que son alternativas que pueden ser menos intrusivas.<\/li>\n<li>No olvides que<b><strong>&nbsp;otros dispositivos<\/strong><\/b>&nbsp;conectados como SmartTV o videoconsola est\u00e1n expuestos a riesgos similares.<\/li>\n<li>Ten en cuenta que algunas herramientas bloquean en exceso, mantenga abierta la posibilidad de desbloquear contenido a petici\u00f3n del menor y est\u00e9 abierto a acordar con ellos los filtros y restricciones a configurar. Un<b><strong>&nbsp;bloqueo excesivo puede ser contraproducente<\/strong><\/b>.<\/li>\n<li>Recuerda que las herramientas de control parental&nbsp;<b><strong>no son infalibles<\/strong><\/b>, as\u00ed que configura adecuadamente las opciones de privacidad y seguridad en aplicaciones y redes sociales, mant\u00e9ngase&nbsp;<b><strong>alerta&nbsp;<\/strong><\/b>y en comunicaci\u00f3n con sus hijos.<\/li>\n<\/ol>\n<h2>RECURSOS<\/h2>\n<p dir=\"ltr\"><a href=\"https:\/\/www.tudecideseninternet.es\/aepd\/images\/guias\/GuiaCentros\/GuiaCentrosEducativos.pdf\" target=\"_blank\" rel=\"noopener noreferrer\">Gu\u00eda para centros educativos<\/a> (Agencia Espa\u00f1ola de Protecci\u00f3n de Datos).<\/p>\n<p style=\"font-weight: 400\"><a href=\"https:\/\/www.is4k.es\/educadores\" target=\"_blank\" rel=\"noopener noreferrer\">Ciberseguridad en el \u00e1mbito educativo<\/a><\/p>\n<p><a href=\"https:\/\/intef.es\/aseguratic\/%20\" target=\"_blank\" rel=\"noopener noreferrer\">Recursos del INTEF sobre seguridad<\/a><\/p>\n<p dir=\"ltr\">&nbsp;<\/p>\n<p dir=\"ltr\"><strong>AUTOR\u00cdA<\/strong><\/p>\n<p dir=\"ltr\">Parte de la informaci\u00f3n que recopilo aqu\u00ed, est\u00e1 sacada de:<\/p>\n<ul>\n<li>\n<nav class=\"navHeader fixed-top navbar navbar-light navbar-expand moodle-has-zindex \"><strong class=\"course-name\">COMPETENCIA DIGITAL DOCENTE NIVEL A1 (239917KPF420)<\/strong><\/p>\n<div class=\"pull-right popover-region collapsed\">&nbsp;<\/div>\n<ul class=\"nav navbar-nav ml-auto\">\n<li style=\"list-style-type: none\">&nbsp;<\/li>\n<\/ul>\n<\/nav>\n<div id=\"page\" class=\"container-fluid\">\n<div id=\"page-content\" class=\"row\">\n<div id=\"region-main-box\" class=\"col-md-9 col-sm-12 col-xs-12\">\n<section id=\"region-main\">\n<div id=\"yui_3_17_2_1_1670264638075_43\" class=\"card\">\n<div id=\"yui_3_17_2_1_1670264638075_42\" class=\"card-body\">&nbsp;<\/div>\n<\/div>\n<\/section>\n<\/div>\n<\/div>\n<\/div>\n<\/li>\n<\/ul>\n","protected":false},"excerpt":{"rendered":"<p>TRATAMIENTO, DERECHOS Y OBLIGACIONES Y MEDIDAS GENERALES EN EL \u00c1MBITO EDUCATIVO La Agencia Espa\u00f1ola de Protecci\u00f3n de Datos, es la autoridad p\u00fablica independiente encargada de velar por la privacidad y la protecci\u00f3n de datos de la&nbsp;ciudadan\u00eda. Su&nbsp; objetivo&nbsp; es, por un lado, fomentar que las personas&nbsp;conozcan sus derechos y las posibilidades que la Agencia les &hellip; <a href=\"https:\/\/blogsaverroes.juntadeandalucia.es\/maehtrapat\/ted\/proteccion-de-datos\/\" class=\"more-link\">Sigue leyendo <span class=\"screen-reader-text\">PROTECCI\u00d3N DE DATOS<\/span><\/a><\/p>\n","protected":false},"author":2295,"featured_media":0,"parent":330,"menu_order":50,"comment_status":"closed","ping_status":"closed","template":"","meta":{"ngg_post_thumbnail":0,"footnotes":""},"aioseo_notices":[],"post_mailing_queue_ids":[],"_links":{"self":[{"href":"https:\/\/blogsaverroes.juntadeandalucia.es\/maehtrapat\/wp-json\/wp\/v2\/pages\/373"}],"collection":[{"href":"https:\/\/blogsaverroes.juntadeandalucia.es\/maehtrapat\/wp-json\/wp\/v2\/pages"}],"about":[{"href":"https:\/\/blogsaverroes.juntadeandalucia.es\/maehtrapat\/wp-json\/wp\/v2\/types\/page"}],"author":[{"embeddable":true,"href":"https:\/\/blogsaverroes.juntadeandalucia.es\/maehtrapat\/wp-json\/wp\/v2\/users\/2295"}],"replies":[{"embeddable":true,"href":"https:\/\/blogsaverroes.juntadeandalucia.es\/maehtrapat\/wp-json\/wp\/v2\/comments?post=373"}],"version-history":[{"count":12,"href":"https:\/\/blogsaverroes.juntadeandalucia.es\/maehtrapat\/wp-json\/wp\/v2\/pages\/373\/revisions"}],"predecessor-version":[{"id":462,"href":"https:\/\/blogsaverroes.juntadeandalucia.es\/maehtrapat\/wp-json\/wp\/v2\/pages\/373\/revisions\/462"}],"up":[{"embeddable":true,"href":"https:\/\/blogsaverroes.juntadeandalucia.es\/maehtrapat\/wp-json\/wp\/v2\/pages\/330"}],"wp:attachment":[{"href":"https:\/\/blogsaverroes.juntadeandalucia.es\/maehtrapat\/wp-json\/wp\/v2\/media?parent=373"}],"curies":[{"name":"wp","href":"https:\/\/api.w.org\/{rel}","templated":true}]}}