{"id":424,"date":"2022-12-04T18:11:29","date_gmt":"2022-12-04T17:11:29","guid":{"rendered":"https:\/\/blogsaverroes.juntadeandalucia.es\/maehtrapat\/?page_id=424"},"modified":"2023-01-31T09:58:31","modified_gmt":"2023-01-31T08:58:31","slug":"evaluacion","status":"publish","type":"page","link":"https:\/\/blogsaverroes.juntadeandalucia.es\/maehtrapat\/areas\/evaluacion\/","title":{"rendered":"EVALUACI\u00d3N"},"content":{"rendered":"<p>INSTRUMENTOS<br \/>\n<a href=\"https:\/\/educacionadistancia.juntadeandalucia.es\/profesorado\/pluginfile.php\/1690000\/mod_book\/chapter\/442900\/diarios-de-aprendizaje_baja-3.png?time=1667989531175\">PORFOLIO, PORTAFOLIO O DIARIO DE APRENDIZAJE<\/a><\/p>\n<p><a href=\"https:\/\/cedec.intef.es\/wp-content\/plugins\/pdfjs-viewer-shortcode\/pdfjs\/web\/viewer.php?file=https:\/\/cedec.intef.es\/wp-content\/uploads\/2022\/03\/Ru%CC%81brica-de-evaluacio%CC%81n-del-diario-de-aprendizaje.pdf&amp;download=false&amp;print=false&amp;openfile=false\" target=\"_blank\" rel=\"noopener noreferrer\">R\u00daBRICA DE EVALUACI\u00d3N DEL PORTFOLIO<\/a><\/p>\n<p><a href=\"https:\/\/cedec.intef.es\/banco-de-rubricas-y-otros-documentos\/\">BANCO DE R\u00daBRICAS<\/a><\/p>\n","protected":false},"excerpt":{"rendered":"<p>INSTRUMENTOS PORFOLIO, PORTAFOLIO O DIARIO DE APRENDIZAJE R\u00daBRICA DE EVALUACI\u00d3N DEL PORTFOLIO BANCO DE R\u00daBRICAS<\/p>\n","protected":false},"author":2295,"featured_media":0,"parent":446,"menu_order":25,"comment_status":"closed","ping_status":"closed","template":"","meta":{"ngg_post_thumbnail":0,"footnotes":""},"aioseo_notices":[],"post_mailing_queue_ids":[],"_links":{"self":[{"href":"https:\/\/blogsaverroes.juntadeandalucia.es\/maehtrapat\/wp-json\/wp\/v2\/pages\/424"}],"collection":[{"href":"https:\/\/blogsaverroes.juntadeandalucia.es\/maehtrapat\/wp-json\/wp\/v2\/pages"}],"about":[{"href":"https:\/\/blogsaverroes.juntadeandalucia.es\/maehtrapat\/wp-json\/wp\/v2\/types\/page"}],"author":[{"embeddable":true,"href":"https:\/\/blogsaverroes.juntadeandalucia.es\/maehtrapat\/wp-json\/wp\/v2\/users\/2295"}],"replies":[{"embeddable":true,"href":"https:\/\/blogsaverroes.juntadeandalucia.es\/maehtrapat\/wp-json\/wp\/v2\/comments?post=424"}],"version-history":[{"count":5,"href":"https:\/\/blogsaverroes.juntadeandalucia.es\/maehtrapat\/wp-json\/wp\/v2\/pages\/424\/revisions"}],"predecessor-version":[{"id":431,"href":"https:\/\/blogsaverroes.juntadeandalucia.es\/maehtrapat\/wp-json\/wp\/v2\/pages\/424\/revisions\/431"}],"up":[{"embeddable":true,"href":"https:\/\/blogsaverroes.juntadeandalucia.es\/maehtrapat\/wp-json\/wp\/v2\/pages\/446"}],"wp:attachment":[{"href":"https:\/\/blogsaverroes.juntadeandalucia.es\/maehtrapat\/wp-json\/wp\/v2\/media?parent=424"}],"curies":[{"name":"wp","href":"https:\/\/api.w.org\/{rel}","templated":true}]}}