{"id":437,"date":"2022-12-05T10:00:54","date_gmt":"2022-12-05T09:00:54","guid":{"rendered":"https:\/\/blogsaverroes.juntadeandalucia.es\/maehtrapat\/?page_id=437"},"modified":"2023-01-31T12:19:01","modified_gmt":"2023-01-31T11:19:01","slug":"html5","status":"publish","type":"page","link":"https:\/\/blogsaverroes.juntadeandalucia.es\/maehtrapat\/areas\/robotica-y-computacion\/html5\/","title":{"rendered":"Lenguajes de programaci\u00f3n"},"content":{"rendered":"<h2>LENGUAJES DE PROGRAMACI\u00d3N<\/h2>\n<h3 id=\"yui_3_17_2_1_1675163131620_26\">PROGRAMA:<\/h3>\n<pre>Lista de instrucciones que se ha escrito para llevar a cabo una tarea espec\u00edfica. Los programas se escriben en diferentes lenguajes que han sido especialmente dise\u00f1ados para decir qu\u00e9 hacer con un conjunto limitado de instrucciones. Dependiendo de para qu\u00e9 los necesitaremos, usamos un lenguaje de programaci\u00f3n u otro.\r\n\r\n\r\nEl problema est\u00e1 en definir qu\u00e9 tipo de \u00f3rdenes queremos que se sigan porque las computadoras y placas electr\u00f3nicas siguen estos programas al pie de la letra, por ello, es importante que los programas est\u00e9n bien escritos.<\/pre>\n<p>&nbsp;<\/p>\n<h3>BUGS:<\/h3>\n<pre>A los errores en la programaci\u00f3n se les conoce com\u00fanmente como \u201cbugs\u201d,\u2028\u201cbichos\u201d en honor (dicen) de una palomilla que alguna vez se quit\u00f3\u2028 (\u201cdebugged\u201d) de un rel\u00e9 el\u00e9ctrico de una m\u00e1quina calculadora electr\u00f3nica a principios de los a\u00f1os cuarenta.<\/pre>\n<figure id=\"attachment_584\" aria-describedby=\"caption-attachment-584\" style=\"width: 2560px\" class=\"wp-caption alignleft\"><a href=\"https:\/\/blogsaverroes.juntadeandalucia.es\/maehtrapat\/files\/2023\/01\/First_Computer_Bug_1945-scaled.jpg\" target=\"_blank\" rel=\"noopener noreferrer\"><img fetchpriority=\"high\" decoding=\"async\" class=\"wp-image-584 size-full\" src=\"https:\/\/blogsaverroes.juntadeandalucia.es\/maehtrapat\/files\/2023\/01\/First_Computer_Bug_1945-scaled.jpg\" alt=\"Primer bug de la historia\" width=\"2560\" height=\"2025\" srcset=\"https:\/\/blogsaverroes.juntadeandalucia.es\/maehtrapat\/files\/2023\/01\/First_Computer_Bug_1945-scaled.jpg 2560w, https:\/\/blogsaverroes.juntadeandalucia.es\/maehtrapat\/files\/2023\/01\/First_Computer_Bug_1945-300x237.jpg 300w, https:\/\/blogsaverroes.juntadeandalucia.es\/maehtrapat\/files\/2023\/01\/First_Computer_Bug_1945-1024x810.jpg 1024w, https:\/\/blogsaverroes.juntadeandalucia.es\/maehtrapat\/files\/2023\/01\/First_Computer_Bug_1945-768x607.jpg 768w, https:\/\/blogsaverroes.juntadeandalucia.es\/maehtrapat\/files\/2023\/01\/First_Computer_Bug_1945-1536x1215.jpg 1536w, https:\/\/blogsaverroes.juntadeandalucia.es\/maehtrapat\/files\/2023\/01\/First_Computer_Bug_1945-2048x1620.jpg 2048w\" sizes=\"(max-width: 2560px) 100vw, 2560px\" \/><\/a><figcaption id=\"caption-attachment-584\" class=\"wp-caption-text\"><span style=\"font-size: 8pt\">The First Computer Bug Moth found trapped between points at Relay # 70, Panel F, of the Mark II Aiken Relay Calculator while it was being tested at Harvard University, 9 September 1945. The operators affixed the moth to the computer log, with the entry: First actual case of bug being found. They put out the word that they had debugged the machine, thus introducing the term debugging a computer program. In 1988, the log, with the moth still taped by the entry, was in the Naval Surface Warfare Center Computer Museum at Dahlgren, Virginia. Courtesy of the Naval Surface Warfare Center, Dahlgren, VA., 1988. U.S. Naval History and Heritage Command Photograph.<\/span><\/figcaption><\/figure>\n<p>&nbsp;<\/p>\n<p>&nbsp;<\/p>\n<p>&nbsp;<\/p>\n<p>&nbsp;<\/p>\n<p>&nbsp;<\/p>\n<p>&nbsp;<\/p>\n<p>&nbsp;<\/p>\n<p>&nbsp;<\/p>\n<ul>\n<li><a href=\"https:\/\/educacionadistancia.juntadeandalucia.es\/profesorado\/pluginfile.php\/1690034\/mod_resource\/content\/5\/index.html\" target=\"_blank\" rel=\"noopener noreferrer\">H5P<\/a>: Libro de introducci\u00f3n a la reutilizaci\u00f3n proyectos interactivos REA.<\/li>\n<\/ul>\n","protected":false},"excerpt":{"rendered":"<p>LENGUAJES DE PROGRAMACI\u00d3N PROGRAMA: Lista de instrucciones que se ha escrito para llevar a cabo una tarea espec\u00edfica. Los programas se escriben en diferentes lenguajes que han sido especialmente dise\u00f1ados para decir qu\u00e9 hacer con un conjunto limitado de instrucciones. Dependiendo de para qu\u00e9 los necesitaremos, usamos un lenguaje de programaci\u00f3n u otro. El problema &hellip; <a href=\"https:\/\/blogsaverroes.juntadeandalucia.es\/maehtrapat\/areas\/robotica-y-computacion\/html5\/\" class=\"more-link\">Sigue leyendo <span class=\"screen-reader-text\">Lenguajes de programaci\u00f3n<\/span><\/a><\/p>\n","protected":false},"author":2295,"featured_media":0,"parent":350,"menu_order":20,"comment_status":"closed","ping_status":"closed","template":"","meta":{"ngg_post_thumbnail":0,"footnotes":""},"aioseo_notices":[],"post_mailing_queue_ids":[],"_links":{"self":[{"href":"https:\/\/blogsaverroes.juntadeandalucia.es\/maehtrapat\/wp-json\/wp\/v2\/pages\/437"}],"collection":[{"href":"https:\/\/blogsaverroes.juntadeandalucia.es\/maehtrapat\/wp-json\/wp\/v2\/pages"}],"about":[{"href":"https:\/\/blogsaverroes.juntadeandalucia.es\/maehtrapat\/wp-json\/wp\/v2\/types\/page"}],"author":[{"embeddable":true,"href":"https:\/\/blogsaverroes.juntadeandalucia.es\/maehtrapat\/wp-json\/wp\/v2\/users\/2295"}],"replies":[{"embeddable":true,"href":"https:\/\/blogsaverroes.juntadeandalucia.es\/maehtrapat\/wp-json\/wp\/v2\/comments?post=437"}],"version-history":[{"count":6,"href":"https:\/\/blogsaverroes.juntadeandalucia.es\/maehtrapat\/wp-json\/wp\/v2\/pages\/437\/revisions"}],"predecessor-version":[{"id":586,"href":"https:\/\/blogsaverroes.juntadeandalucia.es\/maehtrapat\/wp-json\/wp\/v2\/pages\/437\/revisions\/586"}],"up":[{"embeddable":true,"href":"https:\/\/blogsaverroes.juntadeandalucia.es\/maehtrapat\/wp-json\/wp\/v2\/pages\/350"}],"wp:attachment":[{"href":"https:\/\/blogsaverroes.juntadeandalucia.es\/maehtrapat\/wp-json\/wp\/v2\/media?parent=437"}],"curies":[{"name":"wp","href":"https:\/\/api.w.org\/{rel}","templated":true}]}}