{"id":560,"date":"2023-01-27T22:08:41","date_gmt":"2023-01-27T21:08:41","guid":{"rendered":"https:\/\/blogsaverroes.juntadeandalucia.es\/maehtrapat\/?page_id=560"},"modified":"2023-01-31T12:57:06","modified_gmt":"2023-01-31T11:57:06","slug":"trabajo-con-microbit","status":"publish","type":"page","link":"https:\/\/blogsaverroes.juntadeandalucia.es\/maehtrapat\/steam-robotica\/trabajo-con-microbit\/","title":{"rendered":"Trabajo con Micro:bit"},"content":{"rendered":"<ul>\n<li>Para hacer estas pr\u00e1cticas tenemos dos caminos:1. ADQUIRIR una placa Micro:bit:\n<ul>\n<li style=\"list-style-type: none\">\n<ul>\n<li>https:\/\/es.rs-online.com\/web\/p\/bbc-micro-bit\/2336797<\/li>\n<li>https:\/\/kumotica.es\/microbit\/651-kit-basico-para-microbit.html<\/li>\n<\/ul>\n<\/li>\n<\/ul>\n<\/li>\n<\/ul>\n<p>2. REALIZAR las pr\u00e1cticas en el simulador:<\/p>\n<ul>\n<li style=\"list-style-type: none\">\n<ul>\n<li style=\"list-style-type: none\">\n<ul>\n<li><a href=\"https:\/\/makecode.microbit.org\/\" target=\"_blank\" rel=\"noopener noreferrer\">MAKECODE<\/a><\/li>\n<\/ul>\n<\/li>\n<\/ul>\n<\/li>\n<\/ul>\n<h1 style=\"text-align: center\">INICIACI\u00d3N<iframe src=\"https:\/\/www.youtube.com\/embed\/J7yqlmTNqsU\" width=\"560\" height=\"315\" frameborder=\"0\"><\/iframe><\/h1>\n<p><iframe src=\"https:\/\/www.youtube.com\/embed\/iOLPI4w0c3w\" width=\"560\" height=\"315\" frameborder=\"0\"><\/iframe><\/p>\n<p><iframe src=\"https:\/\/www.youtube.com\/embed\/kca37JQaYEo\" width=\"560\" height=\"315\" frameborder=\"0\"><\/iframe><\/p>\n<p><iframe src=\"https:\/\/www.youtube.com\/embed\/sB_y90vPdAI\" width=\"560\" height=\"315\" frameborder=\"0\"><\/iframe><\/p>\n<p><iframe src=\"https:\/\/www.youtube.com\/embed\/bj864N3o5u0\" width=\"560\" height=\"315\" frameborder=\"0\"><\/iframe><\/p>\n<p><iframe src=\"https:\/\/www.youtube.com\/embed\/D2XbcXNLvKo\" width=\"560\" height=\"315\" frameborder=\"0\"><\/iframe><\/p>\n<p><iframe src=\"https:\/\/www.youtube.com\/embed\/B_m7BZPZDBg\" width=\"560\" height=\"315\" frameborder=\"0\"><\/iframe><\/p>\n<h1 style=\"text-align: center\">AVANZADO<\/h1>\n<p>&nbsp;<\/p>\n<p><iframe src=\"https:\/\/www.youtube.com\/embed\/_JdlSS_HL8o\" width=\"560\" height=\"315\" frameborder=\"0\"><\/iframe><\/p>\n<p><iframe src=\"https:\/\/www.youtube.com\/embed\/6lct858Y8Yk\" width=\"560\" height=\"315\" frameborder=\"0\"><\/iframe><\/p>\n<p><iframe src=\"https:\/\/www.youtube.com\/embed\/zuKT3jP89pg\" width=\"560\" height=\"315\" frameborder=\"0\"><\/iframe><\/p>\n<p><iframe src=\"https:\/\/www.youtube.com\/embed\/nMBTqLhkwwM\" width=\"560\" height=\"315\" frameborder=\"0\"><\/iframe><\/p>\n<p><iframe src=\"https:\/\/www.youtube.com\/embed\/Mun6_7fZYRI\" width=\"560\" height=\"315\" frameborder=\"0\"><\/iframe><\/p>\n<p><iframe src=\"https:\/\/www.youtube.com\/embed\/7FNhkqo-tVk\" width=\"560\" height=\"315\" frameborder=\"0\"><\/iframe><\/p>\n<p><iframe src=\"https:\/\/www.youtube.com\/embed\/PeR5k7cf4oE\" width=\"560\" height=\"315\" frameborder=\"0\"><\/iframe><\/p>\n<p><iframe src=\"https:\/\/www.youtube.com\/embed\/YwX2xdMBt1c\" width=\"560\" height=\"315\" frameborder=\"0\"><\/iframe><\/p>\n<p><iframe src=\"https:\/\/www.youtube.com\/embed\/Y2La5eyTQi8\" width=\"560\" height=\"315\" frameborder=\"0\"><\/iframe><\/p>\n<h1>PR\u00c1CTICAS STEAM CON MICRO:BIT<\/h1>\n<p>&nbsp;<\/p>\n<div style=\"width: 100%\">\n<div style=\"padding-bottom: 56.25%;padding-top: 0;height: 0\"><iframe src=\"https:\/\/view.genial.ly\/5f3164a63cbaaa0cf9740d1f\" scrolling=\"yes\" width=\"1200px\" height=\"675px\" frameborder=\"0\"><\/iframe><\/div>\n<\/div>\n<p>&nbsp;<\/p>\n<p>&nbsp;<\/p>\n<p>&nbsp;<\/p>\n<p>&nbsp;<\/p>\n<p>&nbsp;<\/p>\n<p>&nbsp;<\/p>\n<p>&nbsp;<\/p>\n<p>&nbsp;<\/p>\n","protected":false},"excerpt":{"rendered":"<p>Para hacer estas pr\u00e1cticas tenemos dos caminos:1. ADQUIRIR una placa Micro:bit: https:\/\/es.rs-online.com\/web\/p\/bbc-micro-bit\/2336797 https:\/\/kumotica.es\/microbit\/651-kit-basico-para-microbit.html 2. REALIZAR las pr\u00e1cticas en el simulador: MAKECODE INICIACI\u00d3N AVANZADO &nbsp; PR\u00c1CTICAS STEAM CON MICRO:BIT &nbsp; &nbsp; &nbsp; &nbsp; &nbsp; &nbsp; &nbsp; &nbsp; &nbsp;<\/p>\n","protected":false},"author":2295,"featured_media":0,"parent":568,"menu_order":45,"comment_status":"closed","ping_status":"closed","template":"","meta":{"ngg_post_thumbnail":0,"footnotes":""},"aioseo_notices":[],"post_mailing_queue_ids":[],"_links":{"self":[{"href":"https:\/\/blogsaverroes.juntadeandalucia.es\/maehtrapat\/wp-json\/wp\/v2\/pages\/560"}],"collection":[{"href":"https:\/\/blogsaverroes.juntadeandalucia.es\/maehtrapat\/wp-json\/wp\/v2\/pages"}],"about":[{"href":"https:\/\/blogsaverroes.juntadeandalucia.es\/maehtrapat\/wp-json\/wp\/v2\/types\/page"}],"author":[{"embeddable":true,"href":"https:\/\/blogsaverroes.juntadeandalucia.es\/maehtrapat\/wp-json\/wp\/v2\/users\/2295"}],"replies":[{"embeddable":true,"href":"https:\/\/blogsaverroes.juntadeandalucia.es\/maehtrapat\/wp-json\/wp\/v2\/comments?post=560"}],"version-history":[{"count":5,"href":"https:\/\/blogsaverroes.juntadeandalucia.es\/maehtrapat\/wp-json\/wp\/v2\/pages\/560\/revisions"}],"predecessor-version":[{"id":594,"href":"https:\/\/blogsaverroes.juntadeandalucia.es\/maehtrapat\/wp-json\/wp\/v2\/pages\/560\/revisions\/594"}],"up":[{"embeddable":true,"href":"https:\/\/blogsaverroes.juntadeandalucia.es\/maehtrapat\/wp-json\/wp\/v2\/pages\/568"}],"wp:attachment":[{"href":"https:\/\/blogsaverroes.juntadeandalucia.es\/maehtrapat\/wp-json\/wp\/v2\/media?parent=560"}],"curies":[{"name":"wp","href":"https:\/\/api.w.org\/{rel}","templated":true}]}}