{"id":135,"date":"2019-07-05T05:23:12","date_gmt":"2019-07-05T05:23:12","guid":{"rendered":"https:\/\/blogsaverroes.juntadeandalucia.es\/maestramaricarmen\/?page_id=135"},"modified":"2019-07-07T07:32:54","modified_gmt":"2019-07-07T07:32:54","slug":"el-huerto-de-los-abuelos","status":"publish","type":"page","link":"https:\/\/blogsaverroes.juntadeandalucia.es\/maestramaricarmen\/_proyectos\/el-huerto-de-los-abuelos\/","title":{"rendered":"El Huerto de los Abuelos"},"content":{"rendered":"<p style=\"text-align: left\">En esta ocasi\u00f3n, vamos a trabajar la <span style=\"color: #ff6600\"><strong>UDI de El Huerto de los Abuelos<\/strong><\/span>. Hemos escogido trabajar el huerto escolar por ser un excelente recurso para acercar al alumnado a su entorno natural y rural. Adem\u00e1s, nos ayudar\u00e1 a trabajar tambi\u00e9n la alimentaci\u00f3n sana y el cuidado del medio ambiente.<\/p>\n<p style=\"text-align: left\"><img loading=\"lazy\" decoding=\"async\" class=\"alignleft\" src=\"http:\/\/www.aikidocordoba.com\/wordpress\/wp-content\/uploads\/2016\/01\/enlace.png\" alt=\"Resultado de imagen de click enlace\" width=\"82\" height=\"82\"><\/p>\n<p>&nbsp;<\/p>\n<p style=\"text-align: left\">En <strong><a href=\"https:\/\/blogsaverroes.juntadeandalucia.es\/maestramaricarmen\/category\/huerto\/\">este enlace<\/a><\/strong>, puedes ver todas las entradas en el <a href=\"https:\/\/blogsaverroes.juntadeandalucia.es\/maestramaricarmen\/_noticiero\/\">Blog de La Maestra Mari Carmen<\/a>, relacionadas con esta Unidad Did\u00e1ctica.<\/p>\n<p>&nbsp;<\/p>\n<h4>V\u00eddeo explicativo sobre la semilla y la siembra.<\/h4>\n<p style=\"text-align: center\"><iframe loading=\"lazy\" src=\"\/\/www.youtube.com\/embed\/DI-rK6ow9DA\" width=\"560\" height=\"314\"><\/iframe><\/p>\n<h4>Tipos de semillas.<\/h4>\n<p>La&nbsp;<strong>semilla<\/strong> es&nbsp;el componente&nbsp;de&nbsp;una fruta que alberga el embri\u00f3n que puede derivar&nbsp;en&nbsp;una nueva planta. Tambi\u00e9n se conoce como&nbsp;semilla al grano que producen los vegetales&nbsp;y que, cuando se siembran o caen al suelo, genera otros ejemplares que pertenecen a la especie en cuesti\u00f3n. Podemos encontrar distintos tipos de semillas como son las semillas de ch\u00eda, las de lino o linaza, de girasol, de calabaza, de amapola, de c\u00e1\u00f1amo y de manzana, entre las m\u00e1s importantes.&nbsp;<\/p>\n<p><img decoding=\"async\" class=\"aligncenter\" src=\"https:\/\/www.ecured.cu\/images\/thumb\/2\/28\/Semillas22.jpg\/260px-Semillas22.jpg\" alt=\"Resultado de imagen de semilla\"><\/p>\n<h4>Tipos de hortalizas.<\/h4>\n<p>Las&nbsp;<strong>hortalizas<\/strong> son un conjunto de plantas cultivadas generalmente en huertas o regad\u00edos, que se consumen como alimento, ya sea de forma cruda o preparadas culinariamente, y que incluye las verduras y las legumbres (las habas, los guisantes, etc.). Las hortalizas no incluyen a las frutas ni a los cereales. Est\u00e1n entre los principales tipos de hortalizas: acelga, achicoria, ajo, alcachofa, apio,berenjena, berro, boniato, br\u00e9col, br\u00f3coli, calabac\u00edn, cardo, cebolla, cebolleta, col, col de Bruselas, coliflor, colinabo, chiriv\u00eda, endivia, escarola, esp\u00e1rrago, espinaca, guindilla, guisante, haba, hinojo, jud\u00eda verde, lechuga, etc.<\/p>\n<p><img loading=\"lazy\" decoding=\"async\" class=\"aligncenter\" src=\"https:\/\/3.bp.blogspot.com\/-3cqS6tYq6qA\/UuWCPVfhJYI\/AAAAAAAApwQ\/2Lr2ONCEgHA\/s1600\/hortalizas_v.jpg\" width=\"320\" height=\"240\"><\/p>\n<p>&nbsp;<\/p>\n<hr>\n<p><img decoding=\"async\" class=\"aligncenter\" src=\"https:\/\/www.eldiario.es\/fotos\/Imagen-archivo-huerto-escolar-Tenerife_EDIIMA20180728_0374_19.jpg\" alt=\"Resultado de imagen de huerto escolar\"><\/p>\n<p>&nbsp;<\/p>\n","protected":false},"excerpt":{"rendered":"<p>En esta ocasi\u00f3n, vamos a trabajar la UDI de El Huerto de los Abuelos. Hemos escogido trabajar el huerto escolar por ser un excelente recurso para acercar al alumnado a su entorno natural y rural. Adem\u00e1s, nos ayudar\u00e1 a trabajar&#46;&#46;&#46;<\/p>\n","protected":false},"author":6090,"featured_media":0,"parent":58,"menu_order":0,"comment_status":"closed","ping_status":"closed","template":"page-templates\/child-menu.php","meta":{"ngg_post_thumbnail":0,"footnotes":""},"aioseo_notices":[],"_links":{"self":[{"href":"https:\/\/blogsaverroes.juntadeandalucia.es\/maestramaricarmen\/wp-json\/wp\/v2\/pages\/135"}],"collection":[{"href":"https:\/\/blogsaverroes.juntadeandalucia.es\/maestramaricarmen\/wp-json\/wp\/v2\/pages"}],"about":[{"href":"https:\/\/blogsaverroes.juntadeandalucia.es\/maestramaricarmen\/wp-json\/wp\/v2\/types\/page"}],"author":[{"embeddable":true,"href":"https:\/\/blogsaverroes.juntadeandalucia.es\/maestramaricarmen\/wp-json\/wp\/v2\/users\/6090"}],"replies":[{"embeddable":true,"href":"https:\/\/blogsaverroes.juntadeandalucia.es\/maestramaricarmen\/wp-json\/wp\/v2\/comments?post=135"}],"version-history":[{"count":9,"href":"https:\/\/blogsaverroes.juntadeandalucia.es\/maestramaricarmen\/wp-json\/wp\/v2\/pages\/135\/revisions"}],"predecessor-version":[{"id":275,"href":"https:\/\/blogsaverroes.juntadeandalucia.es\/maestramaricarmen\/wp-json\/wp\/v2\/pages\/135\/revisions\/275"}],"up":[{"embeddable":true,"href":"https:\/\/blogsaverroes.juntadeandalucia.es\/maestramaricarmen\/wp-json\/wp\/v2\/pages\/58"}],"wp:attachment":[{"href":"https:\/\/blogsaverroes.juntadeandalucia.es\/maestramaricarmen\/wp-json\/wp\/v2\/media?parent=135"}],"curies":[{"name":"wp","href":"https:\/\/api.w.org\/{rel}","templated":true}]}}