{"id":144,"date":"2019-07-05T07:27:13","date_gmt":"2019-07-05T07:27:13","guid":{"rendered":"https:\/\/blogsaverroes.juntadeandalucia.es\/maestramaricarmen\/?page_id=144"},"modified":"2019-07-07T07:23:52","modified_gmt":"2019-07-07T07:23:52","slug":"emocionate-las-emociones","status":"publish","type":"page","link":"https:\/\/blogsaverroes.juntadeandalucia.es\/maestramaricarmen\/_proyectos\/emocionate-las-emociones\/","title":{"rendered":"Emoci\u00f3nate (LAS EMOCIONES)"},"content":{"rendered":"<p><img loading=\"lazy\" decoding=\"async\" class=\"aligncenter\" src=\"https:\/\/i1.wp.com\/www.orientacionandujar.es\/wp-content\/uploads\/2017\/01\/LA-PRACTICA-DE-LAS-EMOCIONES-EN-EL-CURRICULO-DE-LA-EDUCACIO%CC%81N-INFANTIL-SU-EXPRESIO%CC%81N-Y-COMUNICACIO%CC%81N.png?fit=1131%2C562&amp;ssl=1\" alt=\"Resultado de imagen de las emociones en infantil\" width=\"886\" height=\"441\"><\/p>\n<p>&nbsp;<\/p>\n<p style=\"text-align: left\">En esta ocasi\u00f3n, vamos a trabajar la <span style=\"color: #ff6600\"><strong>UDI Emoci\u00f3nate (LAS EMOCIONES)<\/strong><\/span>. A trav\u00e9s del trabajo de las emociones pretendemos fomentar el desarrollo intelectual, as\u00ed como ayudarlos a que sean m\u00e1s felices y sepan adaptarse a las diferentes situaciones por las que les ir\u00e1 llevando la vida. Pretendemos fomentar el <strong>desarrollo intelectual<\/strong> hacia los ni\u00f1os as\u00ed como guiarlos en su conciencia emocional. La <strong>educaci\u00f3n emocional infantil<\/strong> ense\u00f1a a los ni\u00f1os a controlar y a gestionar sus emociones. Cuando trabajas las emociones en clase consigues que tus alumnos est\u00e9n m\u00e1s motivados y les ayudas positivamente en su desarrollo intelectual.<\/p>\n<p><img loading=\"lazy\" decoding=\"async\" class=\"alignleft\" src=\"http:\/\/www.aikidocordoba.com\/wordpress\/wp-content\/uploads\/2016\/01\/enlace.png\" alt=\"Resultado de imagen de click enlace\" width=\"70\" height=\"70\"><\/p>\n<p>&nbsp;<\/p>\n<p>Mira <strong><a href=\"https:\/\/blogsaverroes.juntadeandalucia.es\/maestramaricarmen\/category\/emociones\/\">este enlace<\/a><\/strong>, donde puedes ver todas las entradas en el <a href=\"https:\/\/blogsaverroes.juntadeandalucia.es\/maestramaricarmen\/_noticiero\/\">Blog de La Maestra Mari Carmen<\/a>, relacionadas con esta Unidad Did\u00e1ctica. En estas entradas en el blog se pueden ver, entre otras cosas, v\u00eddeocuentos en los que se habla y se trabajan las emociones en los ni\u00f1os.<\/p>\n<p>&nbsp;<\/p>\n<p>Adem\u00e1s, <a href=\"http:\/\/www.clubpequeslectores.com\/2015\/06\/trabajando-las-emociones-recursos-educativos.html\">en este enlace<\/a>, podemos ver <strong>ACTIVIDADES PARA TRABAJAR LAS EMOCIONES CON NI\u00d1OS.<\/strong><\/p>\n<p>&nbsp;<\/p>\n","protected":false},"excerpt":{"rendered":"<p>&nbsp; En esta ocasi\u00f3n, vamos a trabajar la UDI Emoci\u00f3nate (LAS EMOCIONES). A trav\u00e9s del trabajo de las emociones pretendemos fomentar el desarrollo intelectual, as\u00ed como ayudarlos a que sean m\u00e1s felices y sepan adaptarse a las diferentes situaciones por&#46;&#46;&#46;<\/p>\n","protected":false},"author":6090,"featured_media":0,"parent":58,"menu_order":0,"comment_status":"closed","ping_status":"closed","template":"page-templates\/child-menu.php","meta":{"ngg_post_thumbnail":0,"footnotes":""},"aioseo_notices":[],"_links":{"self":[{"href":"https:\/\/blogsaverroes.juntadeandalucia.es\/maestramaricarmen\/wp-json\/wp\/v2\/pages\/144"}],"collection":[{"href":"https:\/\/blogsaverroes.juntadeandalucia.es\/maestramaricarmen\/wp-json\/wp\/v2\/pages"}],"about":[{"href":"https:\/\/blogsaverroes.juntadeandalucia.es\/maestramaricarmen\/wp-json\/wp\/v2\/types\/page"}],"author":[{"embeddable":true,"href":"https:\/\/blogsaverroes.juntadeandalucia.es\/maestramaricarmen\/wp-json\/wp\/v2\/users\/6090"}],"replies":[{"embeddable":true,"href":"https:\/\/blogsaverroes.juntadeandalucia.es\/maestramaricarmen\/wp-json\/wp\/v2\/comments?post=144"}],"version-history":[{"count":8,"href":"https:\/\/blogsaverroes.juntadeandalucia.es\/maestramaricarmen\/wp-json\/wp\/v2\/pages\/144\/revisions"}],"predecessor-version":[{"id":272,"href":"https:\/\/blogsaverroes.juntadeandalucia.es\/maestramaricarmen\/wp-json\/wp\/v2\/pages\/144\/revisions\/272"}],"up":[{"embeddable":true,"href":"https:\/\/blogsaverroes.juntadeandalucia.es\/maestramaricarmen\/wp-json\/wp\/v2\/pages\/58"}],"wp:attachment":[{"href":"https:\/\/blogsaverroes.juntadeandalucia.es\/maestramaricarmen\/wp-json\/wp\/v2\/media?parent=144"}],"curies":[{"name":"wp","href":"https:\/\/api.w.org\/{rel}","templated":true}]}}