{"id":146,"date":"2019-07-05T07:28:39","date_gmt":"2019-07-05T07:28:39","guid":{"rendered":"https:\/\/blogsaverroes.juntadeandalucia.es\/maestramaricarmen\/?page_id=146"},"modified":"2019-07-07T07:36:47","modified_gmt":"2019-07-07T07:36:47","slug":"naranjas-de-la-china","status":"publish","type":"page","link":"https:\/\/blogsaverroes.juntadeandalucia.es\/maestramaricarmen\/_proyectos\/naranjas-de-la-china\/","title":{"rendered":"Naranjas de la China"},"content":{"rendered":"<p><img decoding=\"async\" class=\"aligncenter\" src=\"http:\/\/cocinayaficiones.com\/wp-content\/uploads\/2011\/11\/kumquat.jpg\" alt=\"Resultado de imagen de naranjas de la china\"><\/p>\n<p>&nbsp;<\/p>\n<p style=\"text-align: left\">En esta ocasi\u00f3n, vamos a trabajar la <span style=\"color: #ff6600\"><strong>UDI Naranjas de la China<\/strong><\/span>. Esta unidad did\u00e1ctica surge de la necesidad de promover el <strong>consumo de frutas<\/strong> en nuestros alumnos, as\u00ed pues que decidimos trabajar la naranja por ser una fruta que pronto podr\u00e1n degustar.<\/p>\n<p><img loading=\"lazy\" decoding=\"async\" class=\"alignleft\" src=\"http:\/\/www.aikidocordoba.com\/wordpress\/wp-content\/uploads\/2016\/01\/enlace.png\" alt=\"Resultado de imagen de click enlace\" width=\"70\" height=\"70\"><\/p>\n<p>&nbsp;<\/p>\n<p>Mira <strong><a href=\"https:\/\/blogsaverroes.juntadeandalucia.es\/maestramaricarmen\/category\/naranjas\/\">este enlace<\/a><\/strong>, donde puedes ver todas las entradas en el <a href=\"https:\/\/blogsaverroes.juntadeandalucia.es\/maestramaricarmen\/_noticiero\/\">Blog de La Maestra Mari Carmen<\/a>, relacionadas con esta Unidad Did\u00e1ctica. En estas entradas en el blog se pueden ver, entre otras cosas, v\u00eddeocuentos en los que se habla y se trabajan las emociones en los ni\u00f1os.<\/p>\n","protected":false},"excerpt":{"rendered":"<p>&nbsp; En esta ocasi\u00f3n, vamos a trabajar la UDI Naranjas de la China. Esta unidad did\u00e1ctica surge de la necesidad de promover el consumo de frutas en nuestros alumnos, as\u00ed pues que decidimos trabajar la naranja por ser una fruta&#46;&#46;&#46;<\/p>\n","protected":false},"author":6090,"featured_media":0,"parent":58,"menu_order":0,"comment_status":"closed","ping_status":"closed","template":"page-templates\/child-menu.php","meta":{"ngg_post_thumbnail":0,"footnotes":""},"aioseo_notices":[],"_links":{"self":[{"href":"https:\/\/blogsaverroes.juntadeandalucia.es\/maestramaricarmen\/wp-json\/wp\/v2\/pages\/146"}],"collection":[{"href":"https:\/\/blogsaverroes.juntadeandalucia.es\/maestramaricarmen\/wp-json\/wp\/v2\/pages"}],"about":[{"href":"https:\/\/blogsaverroes.juntadeandalucia.es\/maestramaricarmen\/wp-json\/wp\/v2\/types\/page"}],"author":[{"embeddable":true,"href":"https:\/\/blogsaverroes.juntadeandalucia.es\/maestramaricarmen\/wp-json\/wp\/v2\/users\/6090"}],"replies":[{"embeddable":true,"href":"https:\/\/blogsaverroes.juntadeandalucia.es\/maestramaricarmen\/wp-json\/wp\/v2\/comments?post=146"}],"version-history":[{"count":4,"href":"https:\/\/blogsaverroes.juntadeandalucia.es\/maestramaricarmen\/wp-json\/wp\/v2\/pages\/146\/revisions"}],"predecessor-version":[{"id":278,"href":"https:\/\/blogsaverroes.juntadeandalucia.es\/maestramaricarmen\/wp-json\/wp\/v2\/pages\/146\/revisions\/278"}],"up":[{"embeddable":true,"href":"https:\/\/blogsaverroes.juntadeandalucia.es\/maestramaricarmen\/wp-json\/wp\/v2\/pages\/58"}],"wp:attachment":[{"href":"https:\/\/blogsaverroes.juntadeandalucia.es\/maestramaricarmen\/wp-json\/wp\/v2\/media?parent=146"}],"curies":[{"name":"wp","href":"https:\/\/api.w.org\/{rel}","templated":true}]}}