{"id":2,"date":"2018-03-05T18:24:14","date_gmt":"2018-03-05T18:24:14","guid":{"rendered":"https:\/\/blogsaverroes.juntadeandalucia.es\/maestramaricarmen\/?page_id=2"},"modified":"2019-07-06T08:27:16","modified_gmt":"2019-07-06T08:27:16","slug":"pagina-ejemplo","status":"publish","type":"page","link":"https:\/\/blogsaverroes.juntadeandalucia.es\/maestramaricarmen\/","title":{"rendered":""},"content":{"rendered":"<div id=\"cc-m-10344890924\" class=\"j-module n j-header \">\n<h1><img loading=\"lazy\" decoding=\"async\" class=\"wp-image-31 aligncenter\" src=\"https:\/\/blogsaverroes.juntadeandalucia.es\/maestramaricarmen\/files\/2018\/03\/1455832069-300x97.png\" alt=\"\" width=\"458\" height=\"148\" srcset=\"https:\/\/blogsaverroes.juntadeandalucia.es\/maestramaricarmen\/files\/2018\/03\/1455832069-300x97.png 300w, https:\/\/blogsaverroes.juntadeandalucia.es\/maestramaricarmen\/files\/2018\/03\/1455832069-768x247.png 768w, https:\/\/blogsaverroes.juntadeandalucia.es\/maestramaricarmen\/files\/2018\/03\/1455832069-24x8.png 24w, https:\/\/blogsaverroes.juntadeandalucia.es\/maestramaricarmen\/files\/2018\/03\/1455832069-36x12.png 36w, https:\/\/blogsaverroes.juntadeandalucia.es\/maestramaricarmen\/files\/2018\/03\/1455832069-48x15.png 48w, https:\/\/blogsaverroes.juntadeandalucia.es\/maestramaricarmen\/files\/2018\/03\/1455832069.png 885w\" sizes=\"(max-width: 458px) 100vw, 458px\" \/><\/h1>\n<h1 id=\"cc-m-header-10344890924\" class=\"\"><span style=\"color: #333399\">\u00a1Vamos al cole con alegr\u00eda !<\/span><\/h1>\n<\/div>\n<div id=\"cc-m-10344891524\" class=\"j-module n j-text \">\n<p>\u00a1Vamos al cole!&nbsp;<strong>Con ganas, energ\u00eda e ilusi\u00f3n.<\/strong>&nbsp;Con la certeza de que vamos a pasar un tiempo de juegos, risas y experiencias con los amigos. As\u00ed es como yo voy al cole, y as\u00ed es como me gustar\u00eda que cada d\u00eda se despertaran mis alumnos\/as.&nbsp;<\/p>\n<p>&nbsp;<\/p>\n<p>Con esa misma ilusi\u00f3n empiezo esta experiencia \u00abweb\u00bb, con la \u00fanica pretensi\u00f3n de hacer de \u00e9l un lugar de intercambio.&nbsp;<\/p>\n<\/div>\n<p>&nbsp;<\/p>\nngg_shortcode_0_placeholder\n","protected":false},"excerpt":{"rendered":"<p>\u00a1Vamos al cole con alegr\u00eda ! \u00a1Vamos al cole!&nbsp;Con ganas, energ\u00eda e ilusi\u00f3n.&nbsp;Con la certeza de que vamos a pasar un tiempo de juegos, risas y experiencias con los amigos. As\u00ed es como yo voy al cole, y as\u00ed es&#46;&#46;&#46;<\/p>\n","protected":false},"author":6090,"featured_media":0,"parent":0,"menu_order":0,"comment_status":"closed","ping_status":"closed","template":"","meta":{"ngg_post_thumbnail":0,"footnotes":""},"aioseo_notices":[],"_links":{"self":[{"href":"https:\/\/blogsaverroes.juntadeandalucia.es\/maestramaricarmen\/wp-json\/wp\/v2\/pages\/2"}],"collection":[{"href":"https:\/\/blogsaverroes.juntadeandalucia.es\/maestramaricarmen\/wp-json\/wp\/v2\/pages"}],"about":[{"href":"https:\/\/blogsaverroes.juntadeandalucia.es\/maestramaricarmen\/wp-json\/wp\/v2\/types\/page"}],"author":[{"embeddable":true,"href":"https:\/\/blogsaverroes.juntadeandalucia.es\/maestramaricarmen\/wp-json\/wp\/v2\/users\/6090"}],"replies":[{"embeddable":true,"href":"https:\/\/blogsaverroes.juntadeandalucia.es\/maestramaricarmen\/wp-json\/wp\/v2\/comments?post=2"}],"version-history":[{"count":10,"href":"https:\/\/blogsaverroes.juntadeandalucia.es\/maestramaricarmen\/wp-json\/wp\/v2\/pages\/2\/revisions"}],"predecessor-version":[{"id":243,"href":"https:\/\/blogsaverroes.juntadeandalucia.es\/maestramaricarmen\/wp-json\/wp\/v2\/pages\/2\/revisions\/243"}],"wp:attachment":[{"href":"https:\/\/blogsaverroes.juntadeandalucia.es\/maestramaricarmen\/wp-json\/wp\/v2\/media?parent=2"}],"curies":[{"name":"wp","href":"https:\/\/api.w.org\/{rel}","templated":true}]}}