{"id":287,"date":"2019-07-07T08:04:21","date_gmt":"2019-07-07T08:04:21","guid":{"rendered":"https:\/\/blogsaverroes.juntadeandalucia.es\/maestramaricarmen\/?page_id=287"},"modified":"2019-07-07T08:04:21","modified_gmt":"2019-07-07T08:04:21","slug":"andy-warhol","status":"publish","type":"page","link":"https:\/\/blogsaverroes.juntadeandalucia.es\/maestramaricarmen\/_proyectos\/andy-warhol\/","title":{"rendered":"Andy Warhol"},"content":{"rendered":"<p><img decoding=\"async\" class=\"aligncenter\" src=\"https:\/\/encrypted-tbn0.gstatic.com\/images?q=tbn:ANd9GcSmOMA4NS2HLHtojNL1-7oDUjsl4j_xFgv9HQuDTl6wH8CELzAFeQ\" alt=\"Resultado de imagen de andy warhol\"><\/p>\n<p style=\"text-align: left\">La UDI que vamos a trabajar ahora es la <span style=\"color: #ff6600\"><strong>UDI Andy Warhol<\/strong><\/span>. Ya en a\u00f1os anteriores hemos conocido la obra de pintores. Pues bien, como nuevo objetivo nos propusimos trabajar un artista extranjero y aprovechando la visita a una exposici\u00f3n de arte pop, decidimos estudiar la vida y obra de Andy Warhol.<\/p>\n<p><img loading=\"lazy\" decoding=\"async\" class=\"alignleft\" src=\"http:\/\/www.aikidocordoba.com\/wordpress\/wp-content\/uploads\/2016\/01\/enlace.png\" alt=\"Resultado de imagen de click enlace\" width=\"70\" height=\"70\"><\/p>\n<p>&nbsp;<\/p>\n<p>Mira <strong><a href=\"https:\/\/blogsaverroes.juntadeandalucia.es\/maestramaricarmen\/category\/andy-warhol\/\">este enlace<\/a><\/strong>, donde puedes ver todas las entradas en el <a href=\"https:\/\/blogsaverroes.juntadeandalucia.es\/maestramaricarmen\/_noticiero\/\">Blog de La Maestra Mari Carmen<\/a>, relacionadas con esta Unidad Did\u00e1ctica. En estas entradas en el blog se pueden ver, entre otras cosas, v\u00eddeocuentos en los que se habla y se trabajan las emociones en los ni\u00f1os.<\/p>\n","protected":false},"excerpt":{"rendered":"<p>La UDI que vamos a trabajar ahora es la UDI Andy Warhol. Ya en a\u00f1os anteriores hemos conocido la obra de pintores. Pues bien, como nuevo objetivo nos propusimos trabajar un artista extranjero y aprovechando la visita a una exposici\u00f3n&#46;&#46;&#46;<\/p>\n","protected":false},"author":6090,"featured_media":0,"parent":58,"menu_order":0,"comment_status":"closed","ping_status":"closed","template":"page-templates\/child-menu.php","meta":{"ngg_post_thumbnail":0,"footnotes":""},"aioseo_notices":[],"_links":{"self":[{"href":"https:\/\/blogsaverroes.juntadeandalucia.es\/maestramaricarmen\/wp-json\/wp\/v2\/pages\/287"}],"collection":[{"href":"https:\/\/blogsaverroes.juntadeandalucia.es\/maestramaricarmen\/wp-json\/wp\/v2\/pages"}],"about":[{"href":"https:\/\/blogsaverroes.juntadeandalucia.es\/maestramaricarmen\/wp-json\/wp\/v2\/types\/page"}],"author":[{"embeddable":true,"href":"https:\/\/blogsaverroes.juntadeandalucia.es\/maestramaricarmen\/wp-json\/wp\/v2\/users\/6090"}],"replies":[{"embeddable":true,"href":"https:\/\/blogsaverroes.juntadeandalucia.es\/maestramaricarmen\/wp-json\/wp\/v2\/comments?post=287"}],"version-history":[{"count":1,"href":"https:\/\/blogsaverroes.juntadeandalucia.es\/maestramaricarmen\/wp-json\/wp\/v2\/pages\/287\/revisions"}],"predecessor-version":[{"id":298,"href":"https:\/\/blogsaverroes.juntadeandalucia.es\/maestramaricarmen\/wp-json\/wp\/v2\/pages\/287\/revisions\/298"}],"up":[{"embeddable":true,"href":"https:\/\/blogsaverroes.juntadeandalucia.es\/maestramaricarmen\/wp-json\/wp\/v2\/pages\/58"}],"wp:attachment":[{"href":"https:\/\/blogsaverroes.juntadeandalucia.es\/maestramaricarmen\/wp-json\/wp\/v2\/media?parent=287"}],"curies":[{"name":"wp","href":"https:\/\/api.w.org\/{rel}","templated":true}]}}