{"id":313,"date":"2019-07-07T08:33:12","date_gmt":"2019-07-07T08:33:12","guid":{"rendered":"https:\/\/blogsaverroes.juntadeandalucia.es\/maestramaricarmen\/?page_id=313"},"modified":"2019-07-07T15:44:51","modified_gmt":"2019-07-07T15:44:51","slug":"digame-el-telefono","status":"publish","type":"page","link":"https:\/\/blogsaverroes.juntadeandalucia.es\/maestramaricarmen\/_proyectos\/digame-el-telefono\/","title":{"rendered":"D\u00edgame (El Tel\u00e9fono)"},"content":{"rendered":"<p style=\"text-align: left\">La UDI que vamos a trabajar ahora es la <span style=\"color: #ff6600\"><strong>UDI D\u00edgame (El Tel\u00e9fono)<\/strong><\/span>. La presente unidad did\u00e1ctica est\u00e1 centrada en conocer la evoluci\u00f3n y utilidad del tel\u00e9fono, as\u00ed como en encontrar la funcionalidad de la agenda telef\u00f3nica y los n\u00fameros de tel\u00e9fono.<\/p>\n<p><img loading=\"lazy\" decoding=\"async\" class=\"alignleft\" src=\"http:\/\/www.aikidocordoba.com\/wordpress\/wp-content\/uploads\/2016\/01\/enlace.png\" alt=\"Resultado de imagen de click enlace\" width=\"70\" height=\"70\"><\/p>\n<p>&nbsp;<\/p>\n<p>Mira <strong><a href=\"https:\/\/blogsaverroes.juntadeandalucia.es\/maestramaricarmen\/category\/telefono\/\">este enlace<\/a><\/strong>, donde puedes ver todas las entradas en el <a href=\"https:\/\/blogsaverroes.juntadeandalucia.es\/maestramaricarmen\/_noticiero\/\">Blog de La Maestra Mari Carmen<\/a>, relacionadas con esta Unidad Did\u00e1ctica. En estas entradas en el blog se pueden ver, entre otras cosas, v\u00eddeocuentos en los que se habla y se trabajan las emociones en los ni\u00f1os.<\/p>\n<p>&nbsp;<\/p>\n<p><img decoding=\"async\" class=\"aligncenter\" src=\"https:\/\/tecnologia-informatica.com\/wp-content\/uploads\/2019\/03\/evolucion-telefonos-19.jpeg\" alt=\"Resultado de imagen de el tel\u00c3\u00a9fono\"><\/p>\n","protected":false},"excerpt":{"rendered":"<p>La UDI que vamos a trabajar ahora es la UDI D\u00edgame (El Tel\u00e9fono). La presente unidad did\u00e1ctica est\u00e1 centrada en conocer la evoluci\u00f3n y utilidad del tel\u00e9fono, as\u00ed como en encontrar la funcionalidad de la agenda telef\u00f3nica y los n\u00fameros&#46;&#46;&#46;<\/p>\n","protected":false},"author":6090,"featured_media":0,"parent":58,"menu_order":0,"comment_status":"closed","ping_status":"closed","template":"page-templates\/child-menu.php","meta":{"ngg_post_thumbnail":0,"footnotes":""},"aioseo_notices":[],"_links":{"self":[{"href":"https:\/\/blogsaverroes.juntadeandalucia.es\/maestramaricarmen\/wp-json\/wp\/v2\/pages\/313"}],"collection":[{"href":"https:\/\/blogsaverroes.juntadeandalucia.es\/maestramaricarmen\/wp-json\/wp\/v2\/pages"}],"about":[{"href":"https:\/\/blogsaverroes.juntadeandalucia.es\/maestramaricarmen\/wp-json\/wp\/v2\/types\/page"}],"author":[{"embeddable":true,"href":"https:\/\/blogsaverroes.juntadeandalucia.es\/maestramaricarmen\/wp-json\/wp\/v2\/users\/6090"}],"replies":[{"embeddable":true,"href":"https:\/\/blogsaverroes.juntadeandalucia.es\/maestramaricarmen\/wp-json\/wp\/v2\/comments?post=313"}],"version-history":[{"count":3,"href":"https:\/\/blogsaverroes.juntadeandalucia.es\/maestramaricarmen\/wp-json\/wp\/v2\/pages\/313\/revisions"}],"predecessor-version":[{"id":338,"href":"https:\/\/blogsaverroes.juntadeandalucia.es\/maestramaricarmen\/wp-json\/wp\/v2\/pages\/313\/revisions\/338"}],"up":[{"embeddable":true,"href":"https:\/\/blogsaverroes.juntadeandalucia.es\/maestramaricarmen\/wp-json\/wp\/v2\/pages\/58"}],"wp:attachment":[{"href":"https:\/\/blogsaverroes.juntadeandalucia.es\/maestramaricarmen\/wp-json\/wp\/v2\/media?parent=313"}],"curies":[{"name":"wp","href":"https:\/\/api.w.org\/{rel}","templated":true}]}}