{"id":333,"date":"2019-07-07T08:46:02","date_gmt":"2019-07-07T08:46:02","guid":{"rendered":"https:\/\/blogsaverroes.juntadeandalucia.es\/maestramaricarmen\/?page_id=333"},"modified":"2019-07-07T16:18:36","modified_gmt":"2019-07-07T16:18:36","slug":"el-comic","status":"publish","type":"page","link":"https:\/\/blogsaverroes.juntadeandalucia.es\/maestramaricarmen\/_proyectos\/el-comic\/","title":{"rendered":"El C\u00f3mic"},"content":{"rendered":"<p style=\"text-align: center\"><img decoding=\"async\" src=\"https:\/\/static3planetadelibroscom.cdnstatics.com\/usuaris\/web_minisite\/fotos\/1\/original\/148__c_comic_mobile3.jpg\" alt=\"Resultado de imagen de comic\"><\/p>\n<p>En esta ocasi\u00f3n, vamos a trabajar la&nbsp;<strong>UDI El C\u00f3mic<\/strong>. Esta unidad did\u00e1ctica est\u00e1 basada en el estudio de un texto literario \u00fanico: el c\u00f3mic y ha sido elegida considerando que es un texto motivador para ellos porque est\u00e1 basado en numerosos personajes que conocen.<\/p>\n<p><img loading=\"lazy\" decoding=\"async\" class=\"alignleft\" src=\"http:\/\/www.aikidocordoba.com\/wordpress\/wp-content\/uploads\/2016\/01\/enlace.png\" alt=\"Resultado de imagen de click enlace\" width=\"70\" height=\"70\"><\/p>\n<p>&nbsp;<\/p>\n<p>Mira&nbsp;<strong><a href=\"https:\/\/blogsaverroes.juntadeandalucia.es\/maestramaricarmen\/category\/comic\/\">este enlace<\/a><\/strong>, donde puedes ver todas las entradas en el&nbsp;<a href=\"https:\/\/blogsaverroes.juntadeandalucia.es\/maestramaricarmen\/_noticiero\/\">Blog de La Maestra Mari Carmen<\/a>, relacionadas con esta Unidad Did\u00e1ctica. En estas entradas en el blog se pueden ver, entre otras cosas, v\u00eddeocuentos en los que se habla y se trabajan las emociones en los ni\u00f1os.<\/p>\n","protected":false},"excerpt":{"rendered":"<p>En esta ocasi\u00f3n, vamos a trabajar la&nbsp;UDI El C\u00f3mic. Esta unidad did\u00e1ctica est\u00e1 basada en el estudio de un texto literario \u00fanico: el c\u00f3mic y ha sido elegida considerando que es un texto motivador para ellos porque est\u00e1 basado en&#46;&#46;&#46;<\/p>\n","protected":false},"author":6090,"featured_media":0,"parent":58,"menu_order":0,"comment_status":"closed","ping_status":"closed","template":"page-templates\/child-menu.php","meta":{"ngg_post_thumbnail":0,"footnotes":""},"aioseo_notices":[],"_links":{"self":[{"href":"https:\/\/blogsaverroes.juntadeandalucia.es\/maestramaricarmen\/wp-json\/wp\/v2\/pages\/333"}],"collection":[{"href":"https:\/\/blogsaverroes.juntadeandalucia.es\/maestramaricarmen\/wp-json\/wp\/v2\/pages"}],"about":[{"href":"https:\/\/blogsaverroes.juntadeandalucia.es\/maestramaricarmen\/wp-json\/wp\/v2\/types\/page"}],"author":[{"embeddable":true,"href":"https:\/\/blogsaverroes.juntadeandalucia.es\/maestramaricarmen\/wp-json\/wp\/v2\/users\/6090"}],"replies":[{"embeddable":true,"href":"https:\/\/blogsaverroes.juntadeandalucia.es\/maestramaricarmen\/wp-json\/wp\/v2\/comments?post=333"}],"version-history":[{"count":3,"href":"https:\/\/blogsaverroes.juntadeandalucia.es\/maestramaricarmen\/wp-json\/wp\/v2\/pages\/333\/revisions"}],"predecessor-version":[{"id":359,"href":"https:\/\/blogsaverroes.juntadeandalucia.es\/maestramaricarmen\/wp-json\/wp\/v2\/pages\/333\/revisions\/359"}],"up":[{"embeddable":true,"href":"https:\/\/blogsaverroes.juntadeandalucia.es\/maestramaricarmen\/wp-json\/wp\/v2\/pages\/58"}],"wp:attachment":[{"href":"https:\/\/blogsaverroes.juntadeandalucia.es\/maestramaricarmen\/wp-json\/wp\/v2\/media?parent=333"}],"curies":[{"name":"wp","href":"https:\/\/api.w.org\/{rel}","templated":true}]}}