{"id":129,"date":"2021-08-11T13:46:39","date_gmt":"2021-08-11T11:46:39","guid":{"rendered":"https:\/\/blogsaverroes.juntadeandalucia.es\/maestrarocio8\/?page_id=129"},"modified":"2024-10-31T16:55:04","modified_gmt":"2024-10-31T15:55:04","slug":"apps","status":"publish","type":"page","link":"https:\/\/blogsaverroes.juntadeandalucia.es\/maestrarocio8\/apps\/","title":{"rendered":"APPS"},"content":{"rendered":"<p>&nbsp; &nbsp; &nbsp; &nbsp; &nbsp;En este espacio, encontrar\u00e1s los <strong>accesos directos<\/strong> a las apps y plataformas que usaremos durante el curso. As\u00ed las tendr\u00e1s a mano en todo momento y no tendr\u00e1s que memorizar sus direcciones de acceso (aunque siempre podr\u00e1s entrar desde cualquier lugar con acceso a internet, si sabes la direcci\u00f3n)<\/p>\n<p>&nbsp;<\/p>\n<p>\u200b<\/p>\n<table style=\"border-collapse: collapse;width: 126.206%;height: 181px\">\n<tbody>\n<tr>\n<td style=\"width: 33.3333%\"><a href=\"https:\/\/padlet.com\/maestrarocio8\/n2wm9mi6f9p3ndzk\"><img decoding=\"async\" class=\"alignnone wp-image-166\" src=\"https:\/\/blogsaverroes.juntadeandalucia.es\/maestrarocio8\/files\/2021\/09\/descarga.png\" alt=\"\" width=\"153\" height=\"86\"> &nbsp;<\/a><\/td>\n<td style=\"width: 33.3333%\"><a href=\"https:\/\/connect.idoceo.net\/\"><img decoding=\"async\" class=\"alignnone wp-image-167\" src=\"https:\/\/blogsaverroes.juntadeandalucia.es\/maestrarocio8\/files\/2021\/09\/unnamed-300x180.jpeg\" alt=\"\" width=\"180\" height=\"108\" srcset=\"https:\/\/blogsaverroes.juntadeandalucia.es\/maestrarocio8\/files\/2021\/09\/unnamed-300x180.jpeg 300w, https:\/\/blogsaverroes.juntadeandalucia.es\/maestrarocio8\/files\/2021\/09\/unnamed.jpeg 488w\" sizes=\"(max-width: 180px) 100vw, 180px\" \/><\/a><\/td>\n<td style=\"width: 56.0711%\"><a href=\"https:\/\/www.canva.com\/brand\/join?token=te47VWvu4V2wg3lN1hI4Sg&amp;brandingVariant=edu&amp;invitationDestinationType=group\"><img decoding=\"async\" class=\"alignnone wp-image-439\" src=\"https:\/\/blogsaverroes.juntadeandalucia.es\/maestrarocio8\/files\/2023\/01\/Captura-de-Pantalla-2023-01-23-a-las-10.52.09.png\" alt=\"\" width=\"154\" height=\"84\"><\/a><\/td>\n<\/tr>\n<tr>\n<td style=\"width: 33.3333%\"><a href=\"https:\/\/quizizz.com\/join?class=K672794\"><img loading=\"lazy\" decoding=\"async\" class=\"alignnone size-medium wp-image-288\" src=\"https:\/\/blogsaverroes.juntadeandalucia.es\/maestrarocio8\/files\/2021\/10\/descarga-1-300x158.png\" alt=\"\" width=\"300\" height=\"158\" srcset=\"https:\/\/blogsaverroes.juntadeandalucia.es\/maestrarocio8\/files\/2021\/10\/descarga-1-300x158.png 300w, https:\/\/blogsaverroes.juntadeandalucia.es\/maestrarocio8\/files\/2021\/10\/descarga-1.png 310w\" sizes=\"(max-width: 300px) 100vw, 300px\" \/><\/a><\/td>\n<td style=\"width: 33.3333%\"><a href=\"https:\/\/scratch.mit.edu\/\"><img loading=\"lazy\" decoding=\"async\" class=\"alignnone wp-image-268\" src=\"https:\/\/blogsaverroes.juntadeandalucia.es\/maestrarocio8\/files\/2021\/10\/descarga-300x158.png\" alt=\"\" width=\"191\" height=\"101\" srcset=\"https:\/\/blogsaverroes.juntadeandalucia.es\/maestrarocio8\/files\/2021\/10\/descarga-300x158.png 300w, https:\/\/blogsaverroes.juntadeandalucia.es\/maestrarocio8\/files\/2021\/10\/descarga.png 310w\" sizes=\"(max-width: 191px) 100vw, 191px\" \/><\/a><\/td>\n<td style=\"width: 56.0711%\"><span style=\"font-size: 12pt\"><a href=\"https:\/\/studio.code.org\/sections\/VDNHWM\"><img loading=\"lazy\" decoding=\"async\" class=\"alignnone wp-image-375\" src=\"https:\/\/blogsaverroes.juntadeandalucia.es\/maestrarocio8\/files\/2022\/05\/codeschool_4-1-300x169.png\" alt=\"\" width=\"188\" height=\"106\" srcset=\"https:\/\/blogsaverroes.juntadeandalucia.es\/maestrarocio8\/files\/2022\/05\/codeschool_4-1-300x169.png 300w, https:\/\/blogsaverroes.juntadeandalucia.es\/maestrarocio8\/files\/2022\/05\/codeschool_4-1.png 600w\" sizes=\"(max-width: 188px) 100vw, 188px\" \/><\/a><\/span><\/td>\n<\/tr>\n<\/tbody>\n<\/table>\n<table style=\"border-collapse: collapse;width: 126.035%;height: 42px\">\n<tbody>\n<tr>\n<td style=\"width: 33.3333%\">&nbsp;<\/p>\n<p>&nbsp;<\/td>\n<td style=\"width: 33.3333%\">&nbsp;<\/td>\n<td style=\"width: 44.0909%\">&nbsp;<\/td>\n<\/tr>\n<\/tbody>\n<\/table>\n<p>&nbsp;<\/p>\n<p>&nbsp;<\/p>\n<p>&nbsp;<\/p>\n<p>&nbsp;<\/p>\n<p>&nbsp;<\/p>\n<p>&nbsp;<\/p>\n","protected":false},"excerpt":{"rendered":"<p>&nbsp; &nbsp; &nbsp; &nbsp; &nbsp;En este espacio, encontrar\u00e1s los accesos directos a las apps y plataformas que usaremos durante el curso. As\u00ed las tendr\u00e1s a mano en todo momento y no tendr\u00e1s que memorizar sus direcciones de acceso (aunque siempre podr\u00e1s entrar desde cualquier lugar con acceso a internet, si sabes la direcci\u00f3n) &nbsp; \u200b &hellip; <\/p>\n<p class=\"link-more\"><a href=\"https:\/\/blogsaverroes.juntadeandalucia.es\/maestrarocio8\/apps\/\" class=\"more-link\">Continuar leyendo<span class=\"screen-reader-text\"> \u00abAPPS\u00bb<\/span><\/a><\/p>\n","protected":false},"author":12808,"featured_media":0,"parent":0,"menu_order":0,"comment_status":"closed","ping_status":"closed","template":"","meta":{"ngg_post_thumbnail":0,"footnotes":""},"aioseo_notices":[],"_links":{"self":[{"href":"https:\/\/blogsaverroes.juntadeandalucia.es\/maestrarocio8\/wp-json\/wp\/v2\/pages\/129"}],"collection":[{"href":"https:\/\/blogsaverroes.juntadeandalucia.es\/maestrarocio8\/wp-json\/wp\/v2\/pages"}],"about":[{"href":"https:\/\/blogsaverroes.juntadeandalucia.es\/maestrarocio8\/wp-json\/wp\/v2\/types\/page"}],"author":[{"embeddable":true,"href":"https:\/\/blogsaverroes.juntadeandalucia.es\/maestrarocio8\/wp-json\/wp\/v2\/users\/12808"}],"replies":[{"embeddable":true,"href":"https:\/\/blogsaverroes.juntadeandalucia.es\/maestrarocio8\/wp-json\/wp\/v2\/comments?post=129"}],"version-history":[{"count":25,"href":"https:\/\/blogsaverroes.juntadeandalucia.es\/maestrarocio8\/wp-json\/wp\/v2\/pages\/129\/revisions"}],"predecessor-version":[{"id":655,"href":"https:\/\/blogsaverroes.juntadeandalucia.es\/maestrarocio8\/wp-json\/wp\/v2\/pages\/129\/revisions\/655"}],"wp:attachment":[{"href":"https:\/\/blogsaverroes.juntadeandalucia.es\/maestrarocio8\/wp-json\/wp\/v2\/media?parent=129"}],"curies":[{"name":"wp","href":"https:\/\/api.w.org\/{rel}","templated":true}]}}