{"id":62,"date":"2021-06-23T19:10:04","date_gmt":"2021-06-23T18:10:04","guid":{"rendered":"https:\/\/blogsaverroes.juntadeandalucia.es\/maestrarocio8\/?page_id=62"},"modified":"2025-10-20T20:30:12","modified_gmt":"2025-10-20T18:30:12","slug":"horario","status":"publish","type":"page","link":"https:\/\/blogsaverroes.juntadeandalucia.es\/maestrarocio8\/","title":{"rendered":"INICIO"},"content":{"rendered":"<h4><strong>Bienvenidas y bienvenidos a este espacio <\/strong><strong>de la maestra Roc\u00edo para su alumnado.<\/strong><\/h4>\n<p><img decoding=\"async\" class=\"wp-image-702 alignleft\" src=\"https:\/\/blogsaverroes.juntadeandalucia.es\/maestrarocio8\/files\/2025\/10\/avatar-puerta-300x300.jpeg\" alt=\"\" width=\"206\" height=\"206\" srcset=\"https:\/\/blogsaverroes.juntadeandalucia.es\/maestrarocio8\/files\/2025\/10\/avatar-puerta-300x300.jpeg 300w, https:\/\/blogsaverroes.juntadeandalucia.es\/maestrarocio8\/files\/2025\/10\/avatar-puerta-150x150.jpeg 150w, https:\/\/blogsaverroes.juntadeandalucia.es\/maestrarocio8\/files\/2025\/10\/avatar-puerta-100x100.jpeg 100w, https:\/\/blogsaverroes.juntadeandalucia.es\/maestrarocio8\/files\/2025\/10\/avatar-puerta.jpeg 398w\" sizes=\"(max-width: 206px) 100vw, 206px\" \/>Me llamo <strong>Roc\u00edo Toronjo<\/strong> y he creado este espacio para que aprendas y te diviertas.&nbsp;<\/p>\n<p>Tu <strong>&nbsp;participaci\u00f3n y colaboraci\u00f3n<\/strong> son fundamentales para que las clases sean m\u00e1s divertidas. Colabora y participa, por favor.<\/p>\n<p><strong>Presta atenci\u00f3n<\/strong> a todo lo que te diga y preg\u00fantame tus dudas en clase.<\/p>\n<h3>&nbsp; &nbsp; &nbsp;<strong>\u00a1\u00a1 NUNCA DEJES DE PREGUNTAR!!<\/strong><\/h3>\n<p><strong>&#8230;Y recuerda<\/strong><\/p>\n<p><img fetchpriority=\"high\" decoding=\"async\" class=\"alignnone wp-image-660\" src=\"https:\/\/blogsaverroes.juntadeandalucia.es\/maestrarocio8\/files\/2025\/09\/WhatsApp-Image-2025-09-15-at-19.57.20-225x300.jpeg\" alt=\"motivaci\u00f3n\" width=\"311\" height=\"415\" srcset=\"https:\/\/blogsaverroes.juntadeandalucia.es\/maestrarocio8\/files\/2025\/09\/WhatsApp-Image-2025-09-15-at-19.57.20-225x300.jpeg 225w, https:\/\/blogsaverroes.juntadeandalucia.es\/maestrarocio8\/files\/2025\/09\/WhatsApp-Image-2025-09-15-at-19.57.20.jpeg 714w\" sizes=\"(max-width: 311px) 100vw, 311px\" \/><\/p>\n<p>A continuaci\u00f3n te dejo el <strong>horario<\/strong> para que lo tengas siempre a mano.&nbsp;&nbsp;<\/p>\n<p>&nbsp; &nbsp; &nbsp; &nbsp; &nbsp; &nbsp; &nbsp; &nbsp; &nbsp; &nbsp; &nbsp; <strong><span style=\"color: #0000ff\">HORARIO&nbsp; 3\u00baB curso 2024\/2025<\/span><\/strong><\/p>\n<p>Pincha en la imagen para ampliar o descargar<\/p>\n<p><a href=\"https:\/\/drive.google.com\/file\/d\/1eZ4qz4lyEqEp3Y52wZqUN0dU9ZfOlTEJ\/view?usp=sharing\"><img decoding=\"async\" class=\"alignnone wp-image-663\" src=\"https:\/\/blogsaverroes.juntadeandalucia.es\/maestrarocio8\/files\/2025\/09\/Captura-de-Pantalla-2025-09-17-a-las-19.06.03-300x279.png\" alt=\"\" width=\"415\" height=\"386\" srcset=\"https:\/\/blogsaverroes.juntadeandalucia.es\/maestrarocio8\/files\/2025\/09\/Captura-de-Pantalla-2025-09-17-a-las-19.06.03-300x279.png 300w, https:\/\/blogsaverroes.juntadeandalucia.es\/maestrarocio8\/files\/2025\/09\/Captura-de-Pantalla-2025-09-17-a-las-19.06.03-1024x953.png 1024w, https:\/\/blogsaverroes.juntadeandalucia.es\/maestrarocio8\/files\/2025\/09\/Captura-de-Pantalla-2025-09-17-a-las-19.06.03-768x715.png 768w, https:\/\/blogsaverroes.juntadeandalucia.es\/maestrarocio8\/files\/2025\/09\/Captura-de-Pantalla-2025-09-17-a-las-19.06.03.png 1302w\" sizes=\"(max-width: 415px) 100vw, 415px\" \/><\/a><\/p>\n<p>&nbsp;<\/p>\n<p>&nbsp;<\/p>\n","protected":false},"excerpt":{"rendered":"<p>Bienvenidas y bienvenidos a este espacio de la maestra Roc\u00edo para su alumnado. Me llamo Roc\u00edo Toronjo y he creado este espacio para que aprendas y te diviertas.&nbsp; Tu &nbsp;participaci\u00f3n y colaboraci\u00f3n son fundamentales para que las clases sean m\u00e1s divertidas. Colabora y participa, por favor. Presta atenci\u00f3n a todo lo que te diga y &hellip; <\/p>\n<p class=\"link-more\"><a href=\"https:\/\/blogsaverroes.juntadeandalucia.es\/maestrarocio8\/\" class=\"more-link\">Continuar leyendo<span class=\"screen-reader-text\"> \u00abINICIO\u00bb<\/span><\/a><\/p>\n","protected":false},"author":12808,"featured_media":0,"parent":0,"menu_order":0,"comment_status":"closed","ping_status":"closed","template":"","meta":{"ngg_post_thumbnail":0,"footnotes":""},"aioseo_notices":[],"_links":{"self":[{"href":"https:\/\/blogsaverroes.juntadeandalucia.es\/maestrarocio8\/wp-json\/wp\/v2\/pages\/62"}],"collection":[{"href":"https:\/\/blogsaverroes.juntadeandalucia.es\/maestrarocio8\/wp-json\/wp\/v2\/pages"}],"about":[{"href":"https:\/\/blogsaverroes.juntadeandalucia.es\/maestrarocio8\/wp-json\/wp\/v2\/types\/page"}],"author":[{"embeddable":true,"href":"https:\/\/blogsaverroes.juntadeandalucia.es\/maestrarocio8\/wp-json\/wp\/v2\/users\/12808"}],"replies":[{"embeddable":true,"href":"https:\/\/blogsaverroes.juntadeandalucia.es\/maestrarocio8\/wp-json\/wp\/v2\/comments?post=62"}],"version-history":[{"count":36,"href":"https:\/\/blogsaverroes.juntadeandalucia.es\/maestrarocio8\/wp-json\/wp\/v2\/pages\/62\/revisions"}],"predecessor-version":[{"id":703,"href":"https:\/\/blogsaverroes.juntadeandalucia.es\/maestrarocio8\/wp-json\/wp\/v2\/pages\/62\/revisions\/703"}],"wp:attachment":[{"href":"https:\/\/blogsaverroes.juntadeandalucia.es\/maestrarocio8\/wp-json\/wp\/v2\/media?parent=62"}],"curies":[{"name":"wp","href":"https:\/\/api.w.org\/{rel}","templated":true}]}}