{"id":37,"date":"2020-10-22T10:49:51","date_gmt":"2020-10-22T10:49:51","guid":{"rendered":"https:\/\/blogsaverroes.juntadeandalucia.es\/maestrasenyoana\/?page_id=37"},"modified":"2023-10-08T17:31:21","modified_gmt":"2023-10-08T17:31:21","slug":"efemerides","status":"publish","type":"page","link":"https:\/\/blogsaverroes.juntadeandalucia.es\/maestrasenyoana\/efemerides\/","title":{"rendered":"EFEM\u00c9RIDES"},"content":{"rendered":"<p><strong>D\u00cdA INTERNACIONAL DE LA NI\u00d1A: 11 DE OCTUBRE 2023<\/strong><\/p>\n<p><img loading=\"lazy\" decoding=\"async\" class=\"alignnone size-medium wp-image-218\" src=\"https:\/\/blogsaverroes.juntadeandalucia.es\/maestrasenyoana\/files\/2023\/10\/Captura-de-Pantalla-2023-10-08-a-las-19.14.55-300x207.png\" alt=\"\" width=\"300\" height=\"207\" srcset=\"https:\/\/blogsaverroes.juntadeandalucia.es\/maestrasenyoana\/files\/2023\/10\/Captura-de-Pantalla-2023-10-08-a-las-19.14.55-300x207.png 300w, https:\/\/blogsaverroes.juntadeandalucia.es\/maestrasenyoana\/files\/2023\/10\/Captura-de-Pantalla-2023-10-08-a-las-19.14.55-1024x706.png 1024w, https:\/\/blogsaverroes.juntadeandalucia.es\/maestrasenyoana\/files\/2023\/10\/Captura-de-Pantalla-2023-10-08-a-las-19.14.55-768x530.png 768w, https:\/\/blogsaverroes.juntadeandalucia.es\/maestrasenyoana\/files\/2023\/10\/Captura-de-Pantalla-2023-10-08-a-las-19.14.55-1536x1060.png 1536w, https:\/\/blogsaverroes.juntadeandalucia.es\/maestrasenyoana\/files\/2023\/10\/Captura-de-Pantalla-2023-10-08-a-las-19.14.55-2048x1413.png 2048w\" sizes=\"(max-width: 300px) 100vw, 300px\" \/><\/p>\n<p><strong>D\u00cdA INTERNACIONAL DE LA NI\u00d1A: 11 DE OCTUBRE 2022<\/strong><\/p>\n<p style=\"font-weight: 400\">Importancia del D\u00cdA INTERNACIONAL DE LA NI\u00d1A, porque nunca fue m\u00e1s importante que ahora. Podemos utilizar todos los argumentos de la p\u00e1gina de <a href=\"https:\/\/www.un.org\/es\/observances\/girl-child-day\">NACIONES UNIDAS<\/a> para convencernos y convencer de seguir apostando por la mejora del mundo de las ni\u00f1as.<\/p>\n<p style=\"font-weight: 400\">De entre las recomendaciones que realiza la ONU est\u00e1 la que proponemos a continuaci\u00f3n, compartir ni\u00f1as empoderadas porque ellas contribuyen a cambiar las cosas, a querer que las cosas cambien para ellas.<\/p>\n<p style=\"font-weight: 400\">Nuestras ni\u00f1as, las m\u00e1s cercanas, alumnas, vecinas, familiares, viven experiencias en las que, por ser ni\u00f1as, en ocasiones, reciben un trato especial, mensajes especiales, exigencias especiales muchas veces relacionadas con responsabilidades y acciones que las ponen en una situaci\u00f3n de desigualdad, tanto en tareas dom\u00e9sticas como en actitudes de cuidado, de ser delicadas, tiernas, \u201cbuenas ni\u00f1as\u201d, curiosas, colaboradoras, etc.<\/p>\n<p style=\"font-weight: 400\">Sabemos que es cultural y que est\u00e1 arraigado en nuestro pensamiento y en nuestro lenguaje, por eso no vamos a culpar a nadie por ello, sino tratar de transformar ese pensamiento, ese lenguaje y, por consiguiente, esa cultura, para un mundo m\u00e1s justo para las ni\u00f1as.<\/p>\n<p style=\"font-weight: 400\">Empoderemos a las ni\u00f1as y conseguiremos mujeres l\u00edderes, maravillosas, fuertes, seguras, brillantes\u2026<\/p>\n<p style=\"font-weight: 400\"><strong>Actuaciones:<\/strong><\/p>\n<p style=\"font-weight: 400\">VIDEO PROPUESTO POR LA ONU: <a href=\"https:\/\/youtu.be\/mkkhkN3Mqms\">Y T\u00da, \u00bfQU\u00c9 QUIERES SER DE MAYOR?<\/a><\/p>\n<p style=\"font-weight: 400\">La idea es crear un coloquio despu\u00e9s en el que sacar a relucir el \u201cpoder\u201d de la ni\u00f1a como un poder no fant\u00e1stico, sino m\u00e1s bien trabajado desde la perseverancia, las cualidades potenciadas y el deseo de conseguir un prop\u00f3sito real, de ni\u00f1a real, de verdad, posible y alcanzable.<\/p>\n<p style=\"font-weight: 400\"><strong>Cuentos relacionados en la biblioteca del centro:<\/strong><\/p>\n<p style=\"font-weight: 400\"><em>Yo voy conmigo.<\/em><\/p>\n<p style=\"font-weight: 400\"><em>Cuando las ni\u00f1as vuelan alto.<\/em><\/p>\n<p style=\"font-weight: 400\"><em>Yo soy.<\/em><\/p>\n<p style=\"font-weight: 400\"><em>Las ni\u00f1as ser\u00e1n lo que quieran ser.<\/em><\/p>\n<p style=\"font-weight: 400\">&nbsp;<\/p>\n<p>&nbsp;<\/p>\n<p><strong>D\u00cdA INTERNACIONAL DE LA NI\u00d1A: 11 DE OCTUBRE DE 2021<\/strong><\/p>\n<p><iframe loading=\"lazy\" src=\"\/\/www.youtube.com\/embed\/r_Pv02i16as?t=1s\" width=\"560\" height=\"314\"><\/iframe><\/p>\n<p><iframe loading=\"lazy\" src=\"\/\/www.youtube.com\/embed\/s82iF2ew-yk\" width=\"560\" height=\"314\"><\/iframe><\/p>\n<p>&nbsp;<\/p>\n<p>&nbsp;<\/p>\n<p>&nbsp;<\/p>\n<p>&nbsp;<\/p>\n<p>&nbsp;<\/p>\n<p>ENERO: d\u00eda 30 \u00abINTERNACIONAL DE LA NO VIOLENCIA Y LA PAZ ESCOLAR\u00bb<\/p>\n<p>Durante este d\u00eda hemos hecho visible a una mujer poderosa por su sabidur\u00eda y su valent\u00eda al negarse a fabricar la bomba at\u00f3mica del desastre de Hiroshima.<\/p>\n<p><a href=\"https:\/\/m.facebook.com\/story.php?story_fbid=241396140887553&amp;id=100050515068693&amp;sfnsn=scwspwa\">NOTICIA EN FACEBOOCK DE CAROLINA ALONSO<\/a><\/p>\n<p><img loading=\"lazy\" decoding=\"async\" class=\"alignnone wp-image-138 size-full\" src=\"https:\/\/blogsaverroes.juntadeandalucia.es\/maestrasenyoana\/files\/2021\/01\/LISE-DICE-NO.png\" alt=\"\" width=\"521\" height=\"347\" srcset=\"https:\/\/blogsaverroes.juntadeandalucia.es\/maestrasenyoana\/files\/2021\/01\/LISE-DICE-NO.png 521w, https:\/\/blogsaverroes.juntadeandalucia.es\/maestrasenyoana\/files\/2021\/01\/LISE-DICE-NO-300x200.png 300w, https:\/\/blogsaverroes.juntadeandalucia.es\/maestrasenyoana\/files\/2021\/01\/LISE-DICE-NO-24x16.png 24w, https:\/\/blogsaverroes.juntadeandalucia.es\/maestrasenyoana\/files\/2021\/01\/LISE-DICE-NO-36x24.png 36w, https:\/\/blogsaverroes.juntadeandalucia.es\/maestrasenyoana\/files\/2021\/01\/LISE-DICE-NO-48x32.png 48w\" sizes=\"(max-width: 521px) 100vw, 521px\" \/><\/p>\n<p><a href=\"https:\/\/blogsaverroes.juntadeandalucia.es\/maestrasenyoana\/files\/2021\/01\/Lise-Meitner-dice-NO.pdf\">Lise Meitner dice NO<\/a><\/p>\n<p>&nbsp;<\/p>\n<p>NOVIEMBRE: Con la llegada del mes de noviembre y poni\u00e9ndonos nuestras gafas violetas conmemoraremos el d\u00eda 25, D\u00eda Internacional de la&nbsp; Eliminaci\u00f3n de la Violencia contra la mujer.<\/p>\n<p>Desde nuestro centro vamos a apelar a aquellos principios, virtudes y cualidades que caracterizan a las personas, en definitiva eso tan valioso llamado VALORES, tan importantes para alcanzar un beneficio global para la sociedad.<\/p>\n","protected":false},"excerpt":{"rendered":"<p>D\u00cdA INTERNACIONAL DE LA NI\u00d1A: 11 DE OCTUBRE 2023 D\u00cdA INTERNACIONAL DE LA NI\u00d1A: 11 DE OCTUBRE 2022 Importancia del D\u00cdA INTERNACIONAL DE LA NI\u00d1A, porque nunca fue m\u00e1s importante que ahora. Podemos utilizar&#46;&#46;&#46;<\/p>\n","protected":false},"author":11096,"featured_media":0,"parent":0,"menu_order":0,"comment_status":"closed","ping_status":"closed","template":"","meta":{"ngg_post_thumbnail":0,"footnotes":""},"aioseo_notices":[],"_links":{"self":[{"href":"https:\/\/blogsaverroes.juntadeandalucia.es\/maestrasenyoana\/wp-json\/wp\/v2\/pages\/37"}],"collection":[{"href":"https:\/\/blogsaverroes.juntadeandalucia.es\/maestrasenyoana\/wp-json\/wp\/v2\/pages"}],"about":[{"href":"https:\/\/blogsaverroes.juntadeandalucia.es\/maestrasenyoana\/wp-json\/wp\/v2\/types\/page"}],"author":[{"embeddable":true,"href":"https:\/\/blogsaverroes.juntadeandalucia.es\/maestrasenyoana\/wp-json\/wp\/v2\/users\/11096"}],"replies":[{"embeddable":true,"href":"https:\/\/blogsaverroes.juntadeandalucia.es\/maestrasenyoana\/wp-json\/wp\/v2\/comments?post=37"}],"version-history":[{"count":9,"href":"https:\/\/blogsaverroes.juntadeandalucia.es\/maestrasenyoana\/wp-json\/wp\/v2\/pages\/37\/revisions"}],"predecessor-version":[{"id":220,"href":"https:\/\/blogsaverroes.juntadeandalucia.es\/maestrasenyoana\/wp-json\/wp\/v2\/pages\/37\/revisions\/220"}],"wp:attachment":[{"href":"https:\/\/blogsaverroes.juntadeandalucia.es\/maestrasenyoana\/wp-json\/wp\/v2\/media?parent=37"}],"curies":[{"name":"wp","href":"https:\/\/api.w.org\/{rel}","templated":true}]}}