{"id":23,"date":"2021-12-28T15:27:29","date_gmt":"2021-12-28T15:27:29","guid":{"rendered":"https:\/\/blogsaverroes.juntadeandalucia.es\/maestrodavid\/?page_id=23"},"modified":"2022-01-18T10:24:35","modified_gmt":"2022-01-18T10:24:35","slug":"bienvenids-a-mi-blog","status":"publish","type":"page","link":"https:\/\/blogsaverroes.juntadeandalucia.es\/maestrodavid\/bienvenids-a-mi-blog\/","title":{"rendered":"Bienvenid@s a nuestro blog"},"content":{"rendered":"<p>Este Blog nace para hacer difusi\u00f3n&nbsp; de aquellas actividades que se desarrollan en nuestro centro y que no se recogen en ning\u00fan sitio. Son muchas las actividades que se realizan sin tener ning\u00fan cajoncito para guardarlas. Pues este es el prop\u00f3sito, hacer un cajoncito de los recuerdos.<\/p>\n<p>Esperamos que os sirva y os guste!!!<\/p>\n","protected":false},"excerpt":{"rendered":"<p>Este Blog nace para hacer difusi\u00f3n&nbsp; de aquellas actividades que se desarrollan en nuestro centro y que no se recogen en ning\u00fan sitio. Son muchas las actividades que se realizan sin tener ning\u00fan cajoncito para guardarlas. Pues este es el prop\u00f3sito, hacer un cajoncito de los recuerdos. Esperamos que os sirva y os guste!!!<\/p>\n","protected":false},"author":13988,"featured_media":0,"parent":0,"menu_order":0,"comment_status":"closed","ping_status":"closed","template":"","meta":{"ngg_post_thumbnail":0,"footnotes":""},"aioseo_notices":[],"_links":{"self":[{"href":"https:\/\/blogsaverroes.juntadeandalucia.es\/maestrodavid\/wp-json\/wp\/v2\/pages\/23"}],"collection":[{"href":"https:\/\/blogsaverroes.juntadeandalucia.es\/maestrodavid\/wp-json\/wp\/v2\/pages"}],"about":[{"href":"https:\/\/blogsaverroes.juntadeandalucia.es\/maestrodavid\/wp-json\/wp\/v2\/types\/page"}],"author":[{"embeddable":true,"href":"https:\/\/blogsaverroes.juntadeandalucia.es\/maestrodavid\/wp-json\/wp\/v2\/users\/13988"}],"replies":[{"embeddable":true,"href":"https:\/\/blogsaverroes.juntadeandalucia.es\/maestrodavid\/wp-json\/wp\/v2\/comments?post=23"}],"version-history":[{"count":2,"href":"https:\/\/blogsaverroes.juntadeandalucia.es\/maestrodavid\/wp-json\/wp\/v2\/pages\/23\/revisions"}],"predecessor-version":[{"id":127,"href":"https:\/\/blogsaverroes.juntadeandalucia.es\/maestrodavid\/wp-json\/wp\/v2\/pages\/23\/revisions\/127"}],"wp:attachment":[{"href":"https:\/\/blogsaverroes.juntadeandalucia.es\/maestrodavid\/wp-json\/wp\/v2\/media?parent=23"}],"curies":[{"name":"wp","href":"https:\/\/api.w.org\/{rel}","templated":true}]}}