{"id":75,"date":"2022-01-12T20:36:16","date_gmt":"2022-01-12T20:36:16","guid":{"rendered":"https:\/\/blogsaverroes.juntadeandalucia.es\/maestrodavid\/?page_id=75"},"modified":"2022-01-12T20:36:16","modified_gmt":"2022-01-12T20:36:16","slug":"contacto","status":"publish","type":"page","link":"https:\/\/blogsaverroes.juntadeandalucia.es\/maestrodavid\/contacto\/","title":{"rendered":"CONTACTO"},"content":{"rendered":"<p>Estamos en el C.E.PR. Tom\u00e1s Iglesias P\u00e9rez en Conil de la Frontera(C\u00e1diz).[bestwebsoft_contact_form]<\/p>\n<p>https:\/\/goo.gl\/maps\/6a8PRkboqxXY9ZXS7<\/p>\n","protected":false},"excerpt":{"rendered":"<p>Estamos en el C.E.PR. Tom\u00e1s Iglesias P\u00e9rez en Conil de la Frontera(C\u00e1diz).[bestwebsoft_contact_form] https:\/\/goo.gl\/maps\/6a8PRkboqxXY9ZXS7<\/p>\n","protected":false},"author":13988,"featured_media":0,"parent":0,"menu_order":0,"comment_status":"closed","ping_status":"closed","template":"","meta":{"ngg_post_thumbnail":0,"footnotes":""},"aioseo_notices":[],"_links":{"self":[{"href":"https:\/\/blogsaverroes.juntadeandalucia.es\/maestrodavid\/wp-json\/wp\/v2\/pages\/75"}],"collection":[{"href":"https:\/\/blogsaverroes.juntadeandalucia.es\/maestrodavid\/wp-json\/wp\/v2\/pages"}],"about":[{"href":"https:\/\/blogsaverroes.juntadeandalucia.es\/maestrodavid\/wp-json\/wp\/v2\/types\/page"}],"author":[{"embeddable":true,"href":"https:\/\/blogsaverroes.juntadeandalucia.es\/maestrodavid\/wp-json\/wp\/v2\/users\/13988"}],"replies":[{"embeddable":true,"href":"https:\/\/blogsaverroes.juntadeandalucia.es\/maestrodavid\/wp-json\/wp\/v2\/comments?post=75"}],"version-history":[{"count":1,"href":"https:\/\/blogsaverroes.juntadeandalucia.es\/maestrodavid\/wp-json\/wp\/v2\/pages\/75\/revisions"}],"predecessor-version":[{"id":77,"href":"https:\/\/blogsaverroes.juntadeandalucia.es\/maestrodavid\/wp-json\/wp\/v2\/pages\/75\/revisions\/77"}],"wp:attachment":[{"href":"https:\/\/blogsaverroes.juntadeandalucia.es\/maestrodavid\/wp-json\/wp\/v2\/media?parent=75"}],"curies":[{"name":"wp","href":"https:\/\/api.w.org\/{rel}","templated":true}]}}