{"id":12,"date":"2022-10-27T10:28:51","date_gmt":"2022-10-27T10:28:51","guid":{"rendered":"https:\/\/blogsaverroes.juntadeandalucia.es\/maestroeduefprimaria\/?page_id=12"},"modified":"2022-10-27T10:28:51","modified_gmt":"2022-10-27T10:28:51","slug":"me-presento","status":"publish","type":"page","link":"https:\/\/blogsaverroes.juntadeandalucia.es\/maestroeduefprimaria\/me-presento\/","title":{"rendered":"Me presento"},"content":{"rendered":"<p>Mi nombre es&nbsp; Eduardo, soy maestro de Primaria especialista en Educaci\u00f3n F\u00edsica. La obtenci\u00f3n de esta titulaci\u00f3n fue en la Universidad de Almer\u00eda durante los a\u00f1os 1994 a 1997. A partir de ah\u00ed, he desarrollado mi trabajo en muchos centros educativos de Educaci\u00f3n Primaria e impartido diferentes \u00e1reas de aprendizaje y no solo la de Educaci\u00f3n F\u00edsica. Adem\u00e1s, he realizado numerosos cursos de formaci\u00f3n que han ido complementando mi aprendizaje, lo que me ha permitido ir mejorando como docente.<\/p>\n","protected":false},"excerpt":{"rendered":"<p>Mi nombre es&nbsp; Eduardo, soy maestro de Primaria especialista en Educaci\u00f3n F\u00edsica. La obtenci\u00f3n de esta titulaci\u00f3n fue en la Universidad de Almer\u00eda durante los a\u00f1os 1994 a 1997. A partir de ah\u00ed, he&#46;&#46;&#46;<\/p>\n","protected":false},"author":16172,"featured_media":0,"parent":0,"menu_order":0,"comment_status":"closed","ping_status":"closed","template":"","meta":{"ngg_post_thumbnail":0,"footnotes":""},"aioseo_notices":[],"_links":{"self":[{"href":"https:\/\/blogsaverroes.juntadeandalucia.es\/maestroeduefprimaria\/wp-json\/wp\/v2\/pages\/12"}],"collection":[{"href":"https:\/\/blogsaverroes.juntadeandalucia.es\/maestroeduefprimaria\/wp-json\/wp\/v2\/pages"}],"about":[{"href":"https:\/\/blogsaverroes.juntadeandalucia.es\/maestroeduefprimaria\/wp-json\/wp\/v2\/types\/page"}],"author":[{"embeddable":true,"href":"https:\/\/blogsaverroes.juntadeandalucia.es\/maestroeduefprimaria\/wp-json\/wp\/v2\/users\/16172"}],"replies":[{"embeddable":true,"href":"https:\/\/blogsaverroes.juntadeandalucia.es\/maestroeduefprimaria\/wp-json\/wp\/v2\/comments?post=12"}],"version-history":[{"count":1,"href":"https:\/\/blogsaverroes.juntadeandalucia.es\/maestroeduefprimaria\/wp-json\/wp\/v2\/pages\/12\/revisions"}],"predecessor-version":[{"id":13,"href":"https:\/\/blogsaverroes.juntadeandalucia.es\/maestroeduefprimaria\/wp-json\/wp\/v2\/pages\/12\/revisions\/13"}],"wp:attachment":[{"href":"https:\/\/blogsaverroes.juntadeandalucia.es\/maestroeduefprimaria\/wp-json\/wp\/v2\/media?parent=12"}],"curies":[{"name":"wp","href":"https:\/\/api.w.org\/{rel}","templated":true}]}}