{"id":2,"date":"2020-12-04T09:45:45","date_gmt":"2020-12-04T09:45:45","guid":{"rendered":"https:\/\/blogsaverroes.juntadeandalucia.es\/maestroquini\/?page_id=2"},"modified":"2020-12-16T10:24:18","modified_gmt":"2020-12-16T10:24:18","slug":"pagina-ejemplo","status":"publish","type":"page","link":"https:\/\/blogsaverroes.juntadeandalucia.es\/maestroquini\/pagina-ejemplo\/","title":{"rendered":"Presentaci\u00f3n"},"content":{"rendered":"<p style=\"text-align: justify\">Me llamo Joaqu\u00edn Hern\u00e1ndez Acosta (Quini), y soy maestro de Educaci\u00f3n Primaria desde el a\u00f1o 2005.<\/p>\n<p style=\"text-align: justify\">En el curso escolar 2012-2013 me incorpor\u00e9 al CEIP C\u00e9sar Barrios, donde he sido Tutor de tercer ciclo, Coordinador de ciclo, Secretario del Equipo Directivo y Director del centro desde el curso 2017-2018 hasta hoy d\u00eda.<\/p>\n<p>En este Blog compartir\u00e9 las experiencias realizadas con mi alumnado, espero que sea de vuestro agrado.<\/p>\n<p><img loading=\"lazy\" decoding=\"async\" class=\"size-medium wp-image-563 aligncenter\" src=\"https:\/\/blogsaverroes.juntadeandalucia.es\/maestroquini\/files\/2020\/12\/Captura-de-pantalla-2020-12-14-a-las-23.36.34-300x224.png\" alt=\"\" width=\"300\" height=\"224\" srcset=\"https:\/\/blogsaverroes.juntadeandalucia.es\/maestroquini\/files\/2020\/12\/Captura-de-pantalla-2020-12-14-a-las-23.36.34-300x224.png 300w, https:\/\/blogsaverroes.juntadeandalucia.es\/maestroquini\/files\/2020\/12\/Captura-de-pantalla-2020-12-14-a-las-23.36.34-1024x766.png 1024w, https:\/\/blogsaverroes.juntadeandalucia.es\/maestroquini\/files\/2020\/12\/Captura-de-pantalla-2020-12-14-a-las-23.36.34-768x575.png 768w, https:\/\/blogsaverroes.juntadeandalucia.es\/maestroquini\/files\/2020\/12\/Captura-de-pantalla-2020-12-14-a-las-23.36.34-1536x1149.png 1536w, https:\/\/blogsaverroes.juntadeandalucia.es\/maestroquini\/files\/2020\/12\/Captura-de-pantalla-2020-12-14-a-las-23.36.34-24x18.png 24w, https:\/\/blogsaverroes.juntadeandalucia.es\/maestroquini\/files\/2020\/12\/Captura-de-pantalla-2020-12-14-a-las-23.36.34-36x27.png 36w, https:\/\/blogsaverroes.juntadeandalucia.es\/maestroquini\/files\/2020\/12\/Captura-de-pantalla-2020-12-14-a-las-23.36.34-48x36.png 48w, https:\/\/blogsaverroes.juntadeandalucia.es\/maestroquini\/files\/2020\/12\/Captura-de-pantalla-2020-12-14-a-las-23.36.34.png 1914w\" sizes=\"(max-width: 300px) 100vw, 300px\" \/><\/p>\n","protected":false},"excerpt":{"rendered":"<p>Me llamo Joaqu\u00edn Hern\u00e1ndez Acosta (Quini), y soy maestro de Educaci\u00f3n Primaria desde el a\u00f1o 2005. En el curso escolar 2012-2013 me incorpor\u00e9 al CEIP C\u00e9sar Barrios, donde he sido Tutor de tercer ciclo, Coordinador de ciclo, Secretario del Equipo Directivo y Director del centro desde el curso 2017-2018 hasta hoy d\u00eda. En este Blog &hellip; <a href=\"https:\/\/blogsaverroes.juntadeandalucia.es\/maestroquini\/pagina-ejemplo\/\" class=\"more-link\">Seguir leyendo <span class=\"screen-reader-text\">Presentaci\u00f3n<\/span> <span class=\"meta-nav\">&rarr;<\/span><\/a><\/p>\n","protected":false},"author":11717,"featured_media":0,"parent":0,"menu_order":0,"comment_status":"closed","ping_status":"open","template":"","meta":{"ngg_post_thumbnail":0,"footnotes":""},"aioseo_notices":[],"_links":{"self":[{"href":"https:\/\/blogsaverroes.juntadeandalucia.es\/maestroquini\/wp-json\/wp\/v2\/pages\/2"}],"collection":[{"href":"https:\/\/blogsaverroes.juntadeandalucia.es\/maestroquini\/wp-json\/wp\/v2\/pages"}],"about":[{"href":"https:\/\/blogsaverroes.juntadeandalucia.es\/maestroquini\/wp-json\/wp\/v2\/types\/page"}],"author":[{"embeddable":true,"href":"https:\/\/blogsaverroes.juntadeandalucia.es\/maestroquini\/wp-json\/wp\/v2\/users\/11717"}],"replies":[{"embeddable":true,"href":"https:\/\/blogsaverroes.juntadeandalucia.es\/maestroquini\/wp-json\/wp\/v2\/comments?post=2"}],"version-history":[{"count":5,"href":"https:\/\/blogsaverroes.juntadeandalucia.es\/maestroquini\/wp-json\/wp\/v2\/pages\/2\/revisions"}],"predecessor-version":[{"id":570,"href":"https:\/\/blogsaverroes.juntadeandalucia.es\/maestroquini\/wp-json\/wp\/v2\/pages\/2\/revisions\/570"}],"wp:attachment":[{"href":"https:\/\/blogsaverroes.juntadeandalucia.es\/maestroquini\/wp-json\/wp\/v2\/media?parent=2"}],"curies":[{"name":"wp","href":"https:\/\/api.w.org\/{rel}","templated":true}]}}