{"id":37,"date":"2021-11-24T11:18:03","date_gmt":"2021-11-24T11:18:03","guid":{"rendered":"https:\/\/blogsaverroes.juntadeandalucia.es\/maestrosalva\/?page_id=37"},"modified":"2021-12-13T22:39:07","modified_gmt":"2021-12-13T22:39:07","slug":"contacto","status":"publish","type":"page","link":"https:\/\/blogsaverroes.juntadeandalucia.es\/maestrosalva\/contacto\/","title":{"rendered":"Contacto"},"content":{"rendered":"<p>En este espacio, a trav\u00e9s de este peque\u00f1o formulario, podr\u00e1s contactar conmigo para cualquier cuesti\u00f3n, duda o sugerencia que desees plantearme. \u00a1Estar\u00e9 encantado de atenderte!<\/p>\n<p>[bestwebsoft_contact_form]<\/p>\n<p style=\"text-align: center\"><span style=\"text-decoration: underline;color: #008000\"><span style=\"font-size: 14pt\">\u00a1Y aqu\u00ed es donde nos encontramos!<\/span><\/span><\/p>\n<p style=\"text-align: center\">&nbsp;<br \/>\n<iframe loading=\"lazy\" src=\"https:\/\/www.google.com\/maps\/embed?pb=!1m18!1m12!1m3!1d1331.3436041313757!2d-3.5535363852743718!3d37.47287971993422!2m3!1f0!2f0!3f0!3m2!1i1024!2i768!4f13.1!3m3!1m2!1s0xd6e11bb13c75e59%3A0xbed71c9ba0787c9!2sColegio%20Nuestra%20Se%C3%B1ora%20del%20Rosario!5e0!3m2!1ses!2ses!4v1639434918597!5m2!1ses!2ses\" width=\"600\" height=\"450\"><\/iframe><\/p>\n","protected":false},"excerpt":{"rendered":"<p>En este espacio, a trav\u00e9s de este peque\u00f1o formulario, podr\u00e1s contactar conmigo para cualquier cuesti\u00f3n, duda o sugerencia que desees plantearme. \u00a1Estar\u00e9 encantado de atenderte! [bestwebsoft_contact_form] \u00a1Y aqu\u00ed es donde nos encontramos! &nbsp;<\/p>\n","protected":false},"author":1181,"featured_media":0,"parent":0,"menu_order":0,"comment_status":"closed","ping_status":"closed","template":"","meta":{"ngg_post_thumbnail":0,"footnotes":""},"aioseo_notices":[],"_links":{"self":[{"href":"https:\/\/blogsaverroes.juntadeandalucia.es\/maestrosalva\/wp-json\/wp\/v2\/pages\/37"}],"collection":[{"href":"https:\/\/blogsaverroes.juntadeandalucia.es\/maestrosalva\/wp-json\/wp\/v2\/pages"}],"about":[{"href":"https:\/\/blogsaverroes.juntadeandalucia.es\/maestrosalva\/wp-json\/wp\/v2\/types\/page"}],"author":[{"embeddable":true,"href":"https:\/\/blogsaverroes.juntadeandalucia.es\/maestrosalva\/wp-json\/wp\/v2\/users\/1181"}],"replies":[{"embeddable":true,"href":"https:\/\/blogsaverroes.juntadeandalucia.es\/maestrosalva\/wp-json\/wp\/v2\/comments?post=37"}],"version-history":[{"count":4,"href":"https:\/\/blogsaverroes.juntadeandalucia.es\/maestrosalva\/wp-json\/wp\/v2\/pages\/37\/revisions"}],"predecessor-version":[{"id":104,"href":"https:\/\/blogsaverroes.juntadeandalucia.es\/maestrosalva\/wp-json\/wp\/v2\/pages\/37\/revisions\/104"}],"wp:attachment":[{"href":"https:\/\/blogsaverroes.juntadeandalucia.es\/maestrosalva\/wp-json\/wp\/v2\/media?parent=37"}],"curies":[{"name":"wp","href":"https:\/\/api.w.org\/{rel}","templated":true}]}}